{"id":3930,"date":"2016-11-21T15:51:13","date_gmt":"2016-11-21T15:51:13","guid":{"rendered":"https:\/\/www.habitand.com\/fr\/?page_id=3930"},"modified":"2016-11-21T15:51:13","modified_gmt":"2016-11-21T15:51:13","slug":"proprietes-vendre-escaldes-engordany","status":"publish","type":"page","link":"https:\/\/www.habitand.com\/fr\/proprietes-vendre-escaldes-engordany\/","title":{"rendered":"Propri\u00e9t\u00e9s \u00e0 vendre \u00e0 Escaldes-Engordany"},"content":{"rendered":"<h1>Propri\u00e9t\u00e9s \u00e0 vendre \u00e0 Escaldes-Engordany<\/h1>\n<p>[vc_row][vc_column][vc_column_text]<br \/>\nL\u2019un des secteurs les plus prestigieux d\u2019Andorre pour acheter une propri\u00e9t\u00e9 est sans doute Escaldes-Engordany. En achetant un appartement ou une maison \u00e0 Escaldes-Engordany, vous vous retrouverez au milieu de rues aux superbes boutiques, de restaurants gastronomiques et de centres de bien-\u00eatre. Bien qu\u2019Escaldes-Endorgany soit une paroisse ind\u00e9pendante de 14000 habitants, la ville est frontali\u00e8re avec la capitale Andorre-la-Vieille. Ainsi, vous trouverez \u00e0 proximit\u00e9 des banques, des b\u00e2timents administratifs, des \u00e9coles internationales, des h\u00f4pitaux et des m\u00e9decins.<\/p>\n<p>[show_more more=\u00a0\u00bblire plus&#8230;\u00a0\u00bb less=\u00a0\u00bbfermer\u00a0\u00bb color=\u00a0\u00bb#0dbae8&Prime; list=\u00a0\u00bb\u00bb\u00a0\u00bb]<\/p>\n<h2>Que faut-il prendre en compte avant d\u2019acheter une propri\u00e9t\u00e9 \u00e0 Escaldes-Engordany?<\/h2>\n<p>Acheter une propri\u00e9t\u00e9 est une d\u00e9cision qui doit \u00eatre bien r\u00e9fl\u00e9chie. Est-ce qu\u2019une propri\u00e9t\u00e9 \u00e0 Escaldes-Engordany va r\u00e9ellement correspondre \u00e0 vos souhaits et \u00e0 vos besoins ? Souhaitez-vous vivre au c\u0153ur de l\u2019effervescence de l\u2019Andorre ? Voici quelques questions qu\u2019il peut-\u00eatre int\u00e9ressant de se poser si vous \u00eates \u00e0 la recherche d\u2019une propri\u00e9t\u00e9 \u00e0 vendre \u00e0 Escaldes-Engordany.<\/p>\n<h3>1. Quel type de propri\u00e9t\u00e9 peut-on trouver \u00e0 Escaldes-Engordany?<\/h3>\n<p>Les propri\u00e9t\u00e9s \u00e0 vendre Escaldes-Engordany  vous offrent non seulement un emplacement privil\u00e9gi\u00e9, mais aussi une superbe vue sur les montagnes. Les constructions typiques en pierres c\u00f4toient d\u2019autres b\u00e2timents plus modernes. Vous y trouverez une grande vari\u00e9t\u00e9 de bureaux, appartements, chalets et maisons de vacances \u00e0 vendre.<\/p>\n<h3>2. Qu\u2019y a-t-il \u00e0 faire \u00e0 Escaldes-Engordany?<\/h3>\n<p>En achetant une propri\u00e9t\u00e9 \u00e0 Escaldes-Engordany, vous investissez aussi dans la ville d\u2019Andorre o\u00f9 le commerce est le plus d\u00e9velopp\u00e9, ce qui en fait un lieu int\u00e9ressant pour les chefs d\u2019entreprises. N\u00e9anmoins, du fait de sa situation id\u00e9ale c\u2019est aussi une ville tr\u00e8s agr\u00e9able pour s\u2019y installer. Vous y trouverez des h\u00f4tels abordables  de nombreux restaurants et des boites de nuits anim\u00e9es. Les meilleures pistes de ski d\u2019Andorre ne sont qu\u2019\u00e0 quelques minutes et la paroisse accueille un c\u00e9l\u00e8bre festival de jazz chaque ann\u00e9e.<br \/>\nSitu\u00e9 sur le fleuve Valira, vous rencontrerez le quartier \u00ab Les Escaldes \u00bb, qui doit son nom aux nombreuses sources d\u2019eau chaude qui s\u2019y trouvent. C\u2019est l\u2019endroit id\u00e9al pour les amoureux de thalasso \u00e0 la recherche d\u2019une cure relaxante dans les eaux thermales riches en sodium, mais aussi pour les amateurs de sports, qui auront le choix entre pratique du ski, du v\u00e9lo et de la randonn\u00e9e.<br \/>\nIf you are looking for a property in Escaldes-Engordany, don\u2019t hesitate to contact us.<\/p>\n<p>Habitand vous aidera dans votre recherche de propri\u00e9t\u00e9 \u00e0 vendre \u00e0 Escaldes-Engordany.[\/show_more][\/vc_column_text][\/vc_column][\/vc_row]<\/p>\n","protected":false},"excerpt":{"rendered":"<p>Propri\u00e9t\u00e9s \u00e0 vendre \u00e0 Escaldes-Engordany [vc_row][vc_column][vc_column_text] L\u2019un des secteurs les plus prestigieux d\u2019Andorre pour acheter une propri\u00e9t\u00e9 est sans doute Escaldes-Engordany. En achetant un appartement ou une maison \u00e0 Escaldes-Engordany, vous vous retrouverez au milieu de rues aux superbes boutiques, de restaurants gastronomiques et de centres de bien-\u00eatre. Bien qu\u2019Escaldes-Endorgany soit une paroisse ind\u00e9pendante de [&hellip;]<\/p>\n","protected":false},"author":3,"featured_media":0,"parent":0,"menu_order":0,"comment_status":"closed","ping_status":"closed","template":"page-templates\/properties-list.php","meta":{"footnotes":""},"class_list":["post-3930","page","type-page","status-publish","hentry"],"yoast_head":"<!-- This site is optimized with the Yoast SEO plugin v27.4 - https:\/\/yoast.com\/product\/yoast-seo-wordpress\/ -->\n<title>Propri\u00e9t\u00e9s \u00e0 vendre \u00e0 Escaldes-Engordany - Habitand Andorra<\/title>\n<meta name=\"robots\" content=\"index, follow, max-snippet:-1, max-image-preview:large, max-video-preview:-1\" \/>\n<link rel=\"canonical\" href=\"https:\/\/www.habitand.com\/fr\/proprietes-vendre-escaldes-engordany\/\" \/>\n<meta property=\"og:locale\" content=\"fr_FR\" \/>\n<meta property=\"og:type\" content=\"article\" \/>\n<meta property=\"og:title\" content=\"Propri\u00e9t\u00e9s \u00e0 vendre \u00e0 Escaldes-Engordany - Habitand Andorra\" \/>\n<meta property=\"og:description\" content=\"Propri\u00e9t\u00e9s \u00e0 vendre \u00e0 Escaldes-Engordany [vc_row][vc_column][vc_column_text] L\u2019un des secteurs les plus prestigieux d\u2019Andorre pour acheter une propri\u00e9t\u00e9 est sans doute Escaldes-Engordany. En achetant un appartement ou une maison \u00e0 Escaldes-Engordany, vous vous retrouverez au milieu de rues aux superbes boutiques, de restaurants gastronomiques et de centres de bien-\u00eatre. Bien qu\u2019Escaldes-Endorgany soit une paroisse ind\u00e9pendante de [&hellip;]\" \/>\n<meta property=\"og:url\" content=\"https:\/\/www.habitand.com\/fr\/proprietes-vendre-escaldes-engordany\/\" \/>\n<meta property=\"og:site_name\" content=\"Habitand Andorra\" \/>\n<meta name=\"twitter:card\" content=\"summary_large_image\" \/>\n<meta name=\"twitter:label1\" content=\"Dur\u00e9e de lecture estim\u00e9e\" \/>\n\t<meta name=\"twitter:data1\" content=\"2 minutes\" \/>\n<script type=\"application\/ld+json\" class=\"yoast-schema-graph\">{\"@context\":\"https:\\\/\\\/schema.org\",\"@graph\":[{\"@type\":\"WebPage\",\"@id\":\"https:\\\/\\\/www.habitand.com\\\/fr\\\/proprietes-vendre-escaldes-engordany\\\/\",\"url\":\"https:\\\/\\\/www.habitand.com\\\/fr\\\/proprietes-vendre-escaldes-engordany\\\/\",\"name\":\"Propri\u00e9t\u00e9s \u00e0 vendre \u00e0 Escaldes-Engordany - Habitand Andorra\",\"isPartOf\":{\"@id\":\"https:\\\/\\\/www.habitand.com\\\/#website\"},\"datePublished\":\"2016-11-21T15:51:13+00:00\",\"breadcrumb\":{\"@id\":\"https:\\\/\\\/www.habitand.com\\\/fr\\\/proprietes-vendre-escaldes-engordany\\\/#breadcrumb\"},\"inLanguage\":\"fr-FR\",\"potentialAction\":[{\"@type\":\"ReadAction\",\"target\":[\"https:\\\/\\\/www.habitand.com\\\/fr\\\/proprietes-vendre-escaldes-engordany\\\/\"]}]},{\"@type\":\"BreadcrumbList\",\"@id\":\"https:\\\/\\\/www.habitand.com\\\/fr\\\/proprietes-vendre-escaldes-engordany\\\/#breadcrumb\",\"itemListElement\":[{\"@type\":\"ListItem\",\"position\":1,\"name\":\"Home\",\"item\":\"https:\\\/\\\/www.habitand.com\\\/\"},{\"@type\":\"ListItem\",\"position\":2,\"name\":\"Propri\u00e9t\u00e9s \u00e0 vendre \u00e0 Escaldes-Engordany\"}]},{\"@type\":\"WebSite\",\"@id\":\"https:\\\/\\\/www.habitand.com\\\/#website\",\"url\":\"https:\\\/\\\/www.habitand.com\\\/\",\"name\":\"Habitand Andorra\",\"description\":\"\",\"potentialAction\":[{\"@type\":\"SearchAction\",\"target\":{\"@type\":\"EntryPoint\",\"urlTemplate\":\"https:\\\/\\\/www.habitand.com\\\/?s={search_term_string}\"},\"query-input\":{\"@type\":\"PropertyValueSpecification\",\"valueRequired\":true,\"valueName\":\"search_term_string\"}}],\"inLanguage\":\"fr-FR\"}]}<\/script>\n<!-- \/ Yoast SEO plugin. -->","yoast_head_json":{"title":"Propri\u00e9t\u00e9s \u00e0 vendre \u00e0 Escaldes-Engordany - Habitand Andorra","robots":{"index":"index","follow":"follow","max-snippet":"max-snippet:-1","max-image-preview":"max-image-preview:large","max-video-preview":"max-video-preview:-1"},"canonical":"https:\/\/www.habitand.com\/fr\/proprietes-vendre-escaldes-engordany\/","og_locale":"fr_FR","og_type":"article","og_title":"Propri\u00e9t\u00e9s \u00e0 vendre \u00e0 Escaldes-Engordany - Habitand Andorra","og_description":"Propri\u00e9t\u00e9s \u00e0 vendre \u00e0 Escaldes-Engordany [vc_row][vc_column][vc_column_text] L\u2019un des secteurs les plus prestigieux d\u2019Andorre pour acheter une propri\u00e9t\u00e9 est sans doute Escaldes-Engordany. En achetant un appartement ou une maison \u00e0 Escaldes-Engordany, vous vous retrouverez au milieu de rues aux superbes boutiques, de restaurants gastronomiques et de centres de bien-\u00eatre. Bien qu\u2019Escaldes-Endorgany soit une paroisse ind\u00e9pendante de [&hellip;]","og_url":"https:\/\/www.habitand.com\/fr\/proprietes-vendre-escaldes-engordany\/","og_site_name":"Habitand Andorra","twitter_card":"summary_large_image","twitter_misc":{"Dur\u00e9e de lecture estim\u00e9e":"2 minutes"},"schema":{"@context":"https:\/\/schema.org","@graph":[{"@type":"WebPage","@id":"https:\/\/www.habitand.com\/fr\/proprietes-vendre-escaldes-engordany\/","url":"https:\/\/www.habitand.com\/fr\/proprietes-vendre-escaldes-engordany\/","name":"Propri\u00e9t\u00e9s \u00e0 vendre \u00e0 Escaldes-Engordany - Habitand Andorra","isPartOf":{"@id":"https:\/\/www.habitand.com\/#website"},"datePublished":"2016-11-21T15:51:13+00:00","breadcrumb":{"@id":"https:\/\/www.habitand.com\/fr\/proprietes-vendre-escaldes-engordany\/#breadcrumb"},"inLanguage":"fr-FR","potentialAction":[{"@type":"ReadAction","target":["https:\/\/www.habitand.com\/fr\/proprietes-vendre-escaldes-engordany\/"]}]},{"@type":"BreadcrumbList","@id":"https:\/\/www.habitand.com\/fr\/proprietes-vendre-escaldes-engordany\/#breadcrumb","itemListElement":[{"@type":"ListItem","position":1,"name":"Home","item":"https:\/\/www.habitand.com\/"},{"@type":"ListItem","position":2,"name":"Propri\u00e9t\u00e9s \u00e0 vendre \u00e0 Escaldes-Engordany"}]},{"@type":"WebSite","@id":"https:\/\/www.habitand.com\/#website","url":"https:\/\/www.habitand.com\/","name":"Habitand Andorra","description":"","potentialAction":[{"@type":"SearchAction","target":{"@type":"EntryPoint","urlTemplate":"https:\/\/www.habitand.com\/?s={search_term_string}"},"query-input":{"@type":"PropertyValueSpecification","valueRequired":true,"valueName":"search_term_string"}}],"inLanguage":"fr-FR"}]}},"_links":{"self":[{"href":"https:\/\/www.habitand.com\/fr\/wp-json\/wp\/v2\/pages\/3930","targetHints":{"allow":["GET"]}}],"collection":[{"href":"https:\/\/www.habitand.com\/fr\/wp-json\/wp\/v2\/pages"}],"about":[{"href":"https:\/\/www.habitand.com\/fr\/wp-json\/wp\/v2\/types\/page"}],"author":[{"embeddable":true,"href":"https:\/\/www.habitand.com\/fr\/wp-json\/wp\/v2\/users\/3"}],"replies":[{"embeddable":true,"href":"https:\/\/www.habitand.com\/fr\/wp-json\/wp\/v2\/comments?post=3930"}],"version-history":[{"count":1,"href":"https:\/\/www.habitand.com\/fr\/wp-json\/wp\/v2\/pages\/3930\/revisions"}],"predecessor-version":[{"id":3931,"href":"https:\/\/www.habitand.com\/fr\/wp-json\/wp\/v2\/pages\/3930\/revisions\/3931"}],"wp:attachment":[{"href":"https:\/\/www.habitand.com\/fr\/wp-json\/wp\/v2\/media?parent=3930"}],"curies":[{"name":"wp","href":"https:\/\/api.w.org\/{rel}","templated":true}]}}