{"id":3889,"date":"2016-11-13T10:48:03","date_gmt":"2016-11-13T10:48:03","guid":{"rendered":"https:\/\/www.habitand.com\/fr\/?page_id=3889"},"modified":"2016-11-13T11:22:30","modified_gmt":"2016-11-13T11:22:30","slug":"proprietes-vendre-la-massana","status":"publish","type":"page","link":"https:\/\/www.habitand.com\/fr\/proprietes-vendre-la-massana\/","title":{"rendered":"Propri\u00e9t\u00e9s \u00e0 vendre \u00e0 La Massana"},"content":{"rendered":"<h1>Propri\u00e9t\u00e9s \u00e0 vendre \u00e0 La Massana<\/h1>\n<p>[vc_row][vc_column][vc_column_text]<\/p>\n<p>Vous r\u00eavez d\u2019un chalet luxueux et confortable au beau milieu des montagnes ? Une vue spectaculaire et une tranquillit\u00e9 absolue, voil\u00e0 \u00e0 quoi vous attendre en achetant une propri\u00e9t\u00e9 \u00e0 La Massana. Vous trouverez dans cette paroisse montagneuse des maisons de vacances spacieuses et des villas luxueuses. Il y en a pour tous les budgets, de l\u2019appartement abordable d\u2019une chambre \u00e0 la villa avec terrasse \u00e9poustouflante.  Cette paroisse convient \u00e0 quiconque souhaite vivre sur le toit du monde. <\/p>\n<p>[show_more more=\u00a0\u00bblire plus&#8230;\u00a0\u00bb less=\u00a0\u00bbfermer\u00a0\u00bb color=\u00a0\u00bb#0dbae8&Prime; list=\u00a0\u00bb\u00bb\u00a0\u00bb]<\/p>\n<h2>Que faut-il prendre en compte avant d\u2019acheter une propri\u00e9t\u00e9 \u00e0 La Massana ? <\/h2>\n<p>Une propri\u00e9t\u00e9 \u00e0 La Massana vous apportera paix, air pur et atmosph\u00e8re paisible. N\u00e9anmoins, acheter une maison ou un appartement est une d\u00e9cision importante. Vous devrez donc prendre en consid\u00e9ration plusieurs aspects avant d\u2019investir \u00e0 La Massana<\/p>\n<h3>1. Le climat \u00e0 La Massana<\/h3>\n<p>Le climat est un des facteurs les plus importants \u00e0 prendre en compte avant d\u2019acheter une propri\u00e9t\u00e9 \u00e0 La Massana. Cette belle paroisse Andorrane si situe \u00e0 la fronti\u00e8re Franco-espagnole  et offre une situation id\u00e9ale pour les amoureux de ski du fait de son paysage montagneux.  Au plus bas de la paroisse, l\u2019altitude est de 1134m (3,720 ft), alors que le sommet atteint 2942m (9,652 ft). Les temp\u00e9ratures peuvent donc varier tr\u00e8s fortement d\u2019un endroit \u00e0 un autre. Dans les vall\u00e9es, le climat est plus doux, alors qu\u2019en altitude, l\u00e0 o\u00f9 on ne trouve plus d\u2019arbres (2300m ou 7,500 ft), les temp\u00e9ratures sont parfaites pour la pratique du ski. C\u2019est pourquoi l\u2019altitude apparait comme \u00e9tant un facteur important \u00e0 prendre en compte au moment d\u2019investir dans votre nouvelle propri\u00e9t\u00e9 \u00e0 La Massana. <\/p>\n<h3>2. Que faire \u00e0 La Massana?<\/h3>\n<p>En achetant une propri\u00e9t\u00e9 \u00e0 La Massana, vous vous retrouverez juste \u00e0 c\u00f4t\u00e9 des plus belles pistes de ski de l\u2019Andorre. Ainsi, le ski et le snowboard sont les deux activit\u00e9s principales en hiver. Un t\u00e9l\u00e9cabine qui va de La La Massana \u00e0 Vallnord fonctionne toute l\u2019ann\u00e9e et rejoint d\u2019autres remont\u00e9es m\u00e9caniques vers les stations de ski. En \u00e9t\u00e9, les amoureux de sport vont adorer pouvoir faire de la randonn\u00e9e, de l\u2019escalade, du v\u00e9lo de montagne ou de l\u2019accrobranche. Pour les enfants les plus jeunes, la paroisse dispose d\u2019un circuit avec de nombreux parcours pour la pratique du v\u00e9lo. Les adolescents \u00e0 la recherche de vitesse pourront quant \u00e0 eux profiter des pistes de karting. <\/p>\n<p>Rendez-vous sur Habitand pour d\u00e9couvrir les propri\u00e9t\u00e9s \u00e0 vendre \u00e0 La Massana.[\/show_more][\/vc_column_text][\/vc_column][\/vc_row]<\/p>\n","protected":false},"excerpt":{"rendered":"<p>Propri\u00e9t\u00e9s \u00e0 vendre \u00e0 La Massana [vc_row][vc_column][vc_column_text] Vous r\u00eavez d\u2019un chalet luxueux et confortable au beau milieu des montagnes ? Une vue spectaculaire et une tranquillit\u00e9 absolue, voil\u00e0 \u00e0 quoi vous attendre en achetant une propri\u00e9t\u00e9 \u00e0 La Massana. Vous trouverez dans cette paroisse montagneuse des maisons de vacances spacieuses et des villas luxueuses. Il [&hellip;]<\/p>\n","protected":false},"author":3,"featured_media":0,"parent":0,"menu_order":0,"comment_status":"closed","ping_status":"closed","template":"page-templates\/properties-list.php","meta":{"footnotes":""},"class_list":["post-3889","page","type-page","status-publish","hentry"],"yoast_head":"<!-- This site is optimized with the Yoast SEO plugin v27.4 - https:\/\/yoast.com\/product\/yoast-seo-wordpress\/ -->\n<title>Propri\u00e9t\u00e9s \u00e0 vendre \u00e0 La Massana - Habitand Andorra<\/title>\n<meta name=\"robots\" content=\"index, follow, max-snippet:-1, max-image-preview:large, max-video-preview:-1\" \/>\n<link rel=\"canonical\" href=\"https:\/\/www.habitand.com\/fr\/proprietes-vendre-la-massana\/\" \/>\n<meta property=\"og:locale\" content=\"fr_FR\" \/>\n<meta property=\"og:type\" content=\"article\" \/>\n<meta property=\"og:title\" content=\"Propri\u00e9t\u00e9s \u00e0 vendre \u00e0 La Massana - Habitand Andorra\" \/>\n<meta property=\"og:description\" content=\"Propri\u00e9t\u00e9s \u00e0 vendre \u00e0 La Massana [vc_row][vc_column][vc_column_text] Vous r\u00eavez d\u2019un chalet luxueux et confortable au beau milieu des montagnes ? Une vue spectaculaire et une tranquillit\u00e9 absolue, voil\u00e0 \u00e0 quoi vous attendre en achetant une propri\u00e9t\u00e9 \u00e0 La Massana. Vous trouverez dans cette paroisse montagneuse des maisons de vacances spacieuses et des villas luxueuses. Il [&hellip;]\" \/>\n<meta property=\"og:url\" content=\"https:\/\/www.habitand.com\/fr\/proprietes-vendre-la-massana\/\" \/>\n<meta property=\"og:site_name\" content=\"Habitand Andorra\" \/>\n<meta property=\"article:modified_time\" content=\"2016-11-13T11:22:30+00:00\" \/>\n<meta name=\"twitter:card\" content=\"summary_large_image\" \/>\n<meta name=\"twitter:label1\" content=\"Dur\u00e9e de lecture estim\u00e9e\" \/>\n\t<meta name=\"twitter:data1\" content=\"2 minutes\" \/>\n<script type=\"application\/ld+json\" class=\"yoast-schema-graph\">{\"@context\":\"https:\\\/\\\/schema.org\",\"@graph\":[{\"@type\":\"WebPage\",\"@id\":\"https:\\\/\\\/www.habitand.com\\\/fr\\\/proprietes-vendre-la-massana\\\/\",\"url\":\"https:\\\/\\\/www.habitand.com\\\/fr\\\/proprietes-vendre-la-massana\\\/\",\"name\":\"Propri\u00e9t\u00e9s \u00e0 vendre \u00e0 La Massana - Habitand Andorra\",\"isPartOf\":{\"@id\":\"https:\\\/\\\/www.habitand.com\\\/#website\"},\"datePublished\":\"2016-11-13T10:48:03+00:00\",\"dateModified\":\"2016-11-13T11:22:30+00:00\",\"breadcrumb\":{\"@id\":\"https:\\\/\\\/www.habitand.com\\\/fr\\\/proprietes-vendre-la-massana\\\/#breadcrumb\"},\"inLanguage\":\"fr-FR\",\"potentialAction\":[{\"@type\":\"ReadAction\",\"target\":[\"https:\\\/\\\/www.habitand.com\\\/fr\\\/proprietes-vendre-la-massana\\\/\"]}]},{\"@type\":\"BreadcrumbList\",\"@id\":\"https:\\\/\\\/www.habitand.com\\\/fr\\\/proprietes-vendre-la-massana\\\/#breadcrumb\",\"itemListElement\":[{\"@type\":\"ListItem\",\"position\":1,\"name\":\"Home\",\"item\":\"https:\\\/\\\/www.habitand.com\\\/\"},{\"@type\":\"ListItem\",\"position\":2,\"name\":\"Propri\u00e9t\u00e9s \u00e0 vendre \u00e0 La Massana\"}]},{\"@type\":\"WebSite\",\"@id\":\"https:\\\/\\\/www.habitand.com\\\/#website\",\"url\":\"https:\\\/\\\/www.habitand.com\\\/\",\"name\":\"Habitand Andorra\",\"description\":\"\",\"potentialAction\":[{\"@type\":\"SearchAction\",\"target\":{\"@type\":\"EntryPoint\",\"urlTemplate\":\"https:\\\/\\\/www.habitand.com\\\/?s={search_term_string}\"},\"query-input\":{\"@type\":\"PropertyValueSpecification\",\"valueRequired\":true,\"valueName\":\"search_term_string\"}}],\"inLanguage\":\"fr-FR\"}]}<\/script>\n<!-- \/ Yoast SEO plugin. -->","yoast_head_json":{"title":"Propri\u00e9t\u00e9s \u00e0 vendre \u00e0 La Massana - Habitand Andorra","robots":{"index":"index","follow":"follow","max-snippet":"max-snippet:-1","max-image-preview":"max-image-preview:large","max-video-preview":"max-video-preview:-1"},"canonical":"https:\/\/www.habitand.com\/fr\/proprietes-vendre-la-massana\/","og_locale":"fr_FR","og_type":"article","og_title":"Propri\u00e9t\u00e9s \u00e0 vendre \u00e0 La Massana - Habitand Andorra","og_description":"Propri\u00e9t\u00e9s \u00e0 vendre \u00e0 La Massana [vc_row][vc_column][vc_column_text] Vous r\u00eavez d\u2019un chalet luxueux et confortable au beau milieu des montagnes ? Une vue spectaculaire et une tranquillit\u00e9 absolue, voil\u00e0 \u00e0 quoi vous attendre en achetant une propri\u00e9t\u00e9 \u00e0 La Massana. Vous trouverez dans cette paroisse montagneuse des maisons de vacances spacieuses et des villas luxueuses. Il [&hellip;]","og_url":"https:\/\/www.habitand.com\/fr\/proprietes-vendre-la-massana\/","og_site_name":"Habitand Andorra","article_modified_time":"2016-11-13T11:22:30+00:00","twitter_card":"summary_large_image","twitter_misc":{"Dur\u00e9e de lecture estim\u00e9e":"2 minutes"},"schema":{"@context":"https:\/\/schema.org","@graph":[{"@type":"WebPage","@id":"https:\/\/www.habitand.com\/fr\/proprietes-vendre-la-massana\/","url":"https:\/\/www.habitand.com\/fr\/proprietes-vendre-la-massana\/","name":"Propri\u00e9t\u00e9s \u00e0 vendre \u00e0 La Massana - Habitand Andorra","isPartOf":{"@id":"https:\/\/www.habitand.com\/#website"},"datePublished":"2016-11-13T10:48:03+00:00","dateModified":"2016-11-13T11:22:30+00:00","breadcrumb":{"@id":"https:\/\/www.habitand.com\/fr\/proprietes-vendre-la-massana\/#breadcrumb"},"inLanguage":"fr-FR","potentialAction":[{"@type":"ReadAction","target":["https:\/\/www.habitand.com\/fr\/proprietes-vendre-la-massana\/"]}]},{"@type":"BreadcrumbList","@id":"https:\/\/www.habitand.com\/fr\/proprietes-vendre-la-massana\/#breadcrumb","itemListElement":[{"@type":"ListItem","position":1,"name":"Home","item":"https:\/\/www.habitand.com\/"},{"@type":"ListItem","position":2,"name":"Propri\u00e9t\u00e9s \u00e0 vendre \u00e0 La Massana"}]},{"@type":"WebSite","@id":"https:\/\/www.habitand.com\/#website","url":"https:\/\/www.habitand.com\/","name":"Habitand Andorra","description":"","potentialAction":[{"@type":"SearchAction","target":{"@type":"EntryPoint","urlTemplate":"https:\/\/www.habitand.com\/?s={search_term_string}"},"query-input":{"@type":"PropertyValueSpecification","valueRequired":true,"valueName":"search_term_string"}}],"inLanguage":"fr-FR"}]}},"_links":{"self":[{"href":"https:\/\/www.habitand.com\/fr\/wp-json\/wp\/v2\/pages\/3889","targetHints":{"allow":["GET"]}}],"collection":[{"href":"https:\/\/www.habitand.com\/fr\/wp-json\/wp\/v2\/pages"}],"about":[{"href":"https:\/\/www.habitand.com\/fr\/wp-json\/wp\/v2\/types\/page"}],"author":[{"embeddable":true,"href":"https:\/\/www.habitand.com\/fr\/wp-json\/wp\/v2\/users\/3"}],"replies":[{"embeddable":true,"href":"https:\/\/www.habitand.com\/fr\/wp-json\/wp\/v2\/comments?post=3889"}],"version-history":[{"count":4,"href":"https:\/\/www.habitand.com\/fr\/wp-json\/wp\/v2\/pages\/3889\/revisions"}],"predecessor-version":[{"id":3893,"href":"https:\/\/www.habitand.com\/fr\/wp-json\/wp\/v2\/pages\/3889\/revisions\/3893"}],"wp:attachment":[{"href":"https:\/\/www.habitand.com\/fr\/wp-json\/wp\/v2\/media?parent=3889"}],"curies":[{"name":"wp","href":"https:\/\/api.w.org\/{rel}","templated":true}]}}