{"id":3842,"date":"2016-10-28T15:31:44","date_gmt":"2016-10-28T15:31:44","guid":{"rendered":"https:\/\/www.habitand.com\/fr\/?page_id=3842"},"modified":"2016-11-21T15:28:13","modified_gmt":"2016-11-21T15:28:13","slug":"proprietes-vendre-encamp","status":"publish","type":"page","link":"https:\/\/www.habitand.com\/fr\/proprietes-vendre-encamp\/","title":{"rendered":"Propri\u00e9t\u00e9s \u00e0 vendre \u00e0 Encamp"},"content":{"rendered":"<h1>Propri\u00e9t\u00e9s \u00e0 vendre \u00e0 Encamp<\/h1>\n<p>[vc_row][vc_column][vc_column_text]<br \/>\nUne vue stup\u00e9fiante sur les montagnes et un acc\u00e8s direct aux autres comt\u00e9s de l\u2019Andorre, voil\u00e0 ce dont vous b\u00e9n\u00e9ficierez en achetant une propri\u00e9t\u00e9 \u00e0 Encamp. Cette paroisse se situe \u00e0 proximit\u00e9 de la rivi\u00e8re Valira d\u2019Orient et de la fronti\u00e8re franco-espagnole. Le centre d\u2019Encamp est \u00e0 une altitude de 1300 m\u00e8tres (4.270 pieds) et son sommet le plus \u00e9lev\u00e9, le Pic dels Pessons, offre non seulement un panorama \u00e0 couper le souffle mais aussi la possibilit\u00e9 d\u2019y pratiquer le ski. Cette situation privil\u00e9gi\u00e9e permet donc de profiter \u00e0 la fois d\u2019une connexion id\u00e9ale avec le reste de la r\u00e9gion mais aussi de prix de l\u2019immobilier abordables.<\/p>\n<p>[show_more more=\u00a0\u00bblire plus&#8230;\u00a0\u00bb less=\u00a0\u00bbfermer\u00a0\u00bb color=\u00a0\u00bb#0dbae8&Prime; list=\u00a0\u00bb\u00bb\u00a0\u00bb]<\/p>\n<h2>Ce qu\u2019il faut prendre en compte avant d\u2019acheter une propri\u00e9t\u00e9 \u00e0 Encamp<\/h2>\n<p>Encamp est un tr\u00e8s bon choix si vous souhaitez acheter une propri\u00e9t\u00e9 en Andorre. Si vous avez \u00e9tabli votre budget et pris votre d\u00e9cision sur l\u2019emplacement, il y a  certains points \u00e0 prendre en consid\u00e9ration avant d\u2019acheter une propri\u00e9t\u00e9 secondaire, des bureaux ou un appartement \u00e0 Encamp. <\/p>\n<h3>1.\tTrouver le bon agent immobilier<\/h3>\n<p>Avoir un bon agent immobilier est la cl\u00e9 pour trouver la propri\u00e9t\u00e9 qui correspondra \u00e0 vos besoins. Assurez-vous que votre agent ait bien compris vos souhaits et pr\u00e9f\u00e9rences, parle votre langue et ait l\u2019exp\u00e9rience suffisante. Vous prenez une d\u00e9cision sur un investissement personnel et il est important que vous vous sentiez \u00e0 l\u2019aise et entre de bonnes mains.  <\/p>\n<h3>2.\tSoyez au fait des proc\u00e9dures d\u2019achat en Andorre<\/h3>\n<p>Un bon agent immobilier vous informera \u00e9tape par \u00e9tape de la marche \u00e0 suivre dans l\u2019achat de votre propri\u00e9t\u00e9 \u00e0 Encamp. Assurez-vous  d\u2019avoir tous les documents n\u00e9cessaires et de r\u00e9pondre aux exigences du gouvernement andorran. Pr\u00e9voir une bonne planification des \u00e9ch\u00e9ances et des d\u00e9penses vous \u00e9vitera du stress inutile et vous permettra de suivre une proc\u00e9dure d\u2019achat r\u00e9guli\u00e8re  et facile. <\/p>\n<h3>3.\tSouhaitez-vous emm\u00e9nager \u00e0 Encamp ou voulez-vous y \u00e9tablir votre entreprise ?  <\/h3>\n<p>Ces questions sont importantes car les conditions l\u00e9gales ne seront pas les m\u00eames. Pour ouvrir un commerce \u00e0 Encamp, vous aurez besoin d\u2019un permis de r\u00e9sidence, ce qui n\u2019est pas le cas si vous souhaitez acheter une propri\u00e9t\u00e9 secondaire.  Si vous n\u2019\u00eates \u00e0 l\u2019aise avec toutes les conditions requises pour investir, peut-\u00eatre devriez-vous envisager d\u2019engager un conseiller fiscal et commercial qui pourra vous assister avec tous les pr\u00e9-requis obligatoires. <\/p>\n<p>Si vous cherchez une propri\u00e9t\u00e9 \u00e0 vendre \u00e0 Encamp, n\u2019h\u00e9sitez pas \u00e0 nous contacter chez Habitand.[\/show_more][\/vc_column_text][\/vc_column][\/vc_row]<\/p>\n","protected":false},"excerpt":{"rendered":"<p>Propri\u00e9t\u00e9s \u00e0 vendre \u00e0 Encamp [vc_row][vc_column][vc_column_text] Une vue stup\u00e9fiante sur les montagnes et un acc\u00e8s direct aux autres comt\u00e9s de l\u2019Andorre, voil\u00e0 ce dont vous b\u00e9n\u00e9ficierez en achetant une propri\u00e9t\u00e9 \u00e0 Encamp. Cette paroisse se situe \u00e0 proximit\u00e9 de la rivi\u00e8re Valira d\u2019Orient et de la fronti\u00e8re franco-espagnole. Le centre d\u2019Encamp est \u00e0 une altitude [&hellip;]<\/p>\n","protected":false},"author":3,"featured_media":0,"parent":0,"menu_order":0,"comment_status":"closed","ping_status":"closed","template":"page-templates\/properties-list.php","meta":{"footnotes":""},"class_list":["post-3842","page","type-page","status-publish","hentry"],"yoast_head":"<!-- This site is optimized with the Yoast SEO plugin v27.4 - https:\/\/yoast.com\/product\/yoast-seo-wordpress\/ -->\n<title>Propri\u00e9t\u00e9s \u00e0 vendre \u00e0 Encamp - Habitand Andorra<\/title>\n<meta name=\"robots\" content=\"index, follow, max-snippet:-1, max-image-preview:large, max-video-preview:-1\" \/>\n<link rel=\"canonical\" href=\"https:\/\/www.habitand.com\/fr\/proprietes-vendre-encamp\/\" \/>\n<meta property=\"og:locale\" content=\"fr_FR\" \/>\n<meta property=\"og:type\" content=\"article\" \/>\n<meta property=\"og:title\" content=\"Propri\u00e9t\u00e9s \u00e0 vendre \u00e0 Encamp - Habitand Andorra\" \/>\n<meta property=\"og:description\" content=\"Propri\u00e9t\u00e9s \u00e0 vendre \u00e0 Encamp [vc_row][vc_column][vc_column_text] Une vue stup\u00e9fiante sur les montagnes et un acc\u00e8s direct aux autres comt\u00e9s de l\u2019Andorre, voil\u00e0 ce dont vous b\u00e9n\u00e9ficierez en achetant une propri\u00e9t\u00e9 \u00e0 Encamp. Cette paroisse se situe \u00e0 proximit\u00e9 de la rivi\u00e8re Valira d\u2019Orient et de la fronti\u00e8re franco-espagnole. Le centre d\u2019Encamp est \u00e0 une altitude [&hellip;]\" \/>\n<meta property=\"og:url\" content=\"https:\/\/www.habitand.com\/fr\/proprietes-vendre-encamp\/\" \/>\n<meta property=\"og:site_name\" content=\"Habitand Andorra\" \/>\n<meta property=\"article:modified_time\" content=\"2016-11-21T15:28:13+00:00\" \/>\n<meta name=\"twitter:card\" content=\"summary_large_image\" \/>\n<meta name=\"twitter:label1\" content=\"Dur\u00e9e de lecture estim\u00e9e\" \/>\n\t<meta name=\"twitter:data1\" content=\"2 minutes\" \/>\n<script type=\"application\/ld+json\" class=\"yoast-schema-graph\">{\"@context\":\"https:\\\/\\\/schema.org\",\"@graph\":[{\"@type\":\"WebPage\",\"@id\":\"https:\\\/\\\/www.habitand.com\\\/fr\\\/proprietes-vendre-encamp\\\/\",\"url\":\"https:\\\/\\\/www.habitand.com\\\/fr\\\/proprietes-vendre-encamp\\\/\",\"name\":\"Propri\u00e9t\u00e9s \u00e0 vendre \u00e0 Encamp - Habitand Andorra\",\"isPartOf\":{\"@id\":\"https:\\\/\\\/www.habitand.com\\\/#website\"},\"datePublished\":\"2016-10-28T15:31:44+00:00\",\"dateModified\":\"2016-11-21T15:28:13+00:00\",\"breadcrumb\":{\"@id\":\"https:\\\/\\\/www.habitand.com\\\/fr\\\/proprietes-vendre-encamp\\\/#breadcrumb\"},\"inLanguage\":\"fr-FR\",\"potentialAction\":[{\"@type\":\"ReadAction\",\"target\":[\"https:\\\/\\\/www.habitand.com\\\/fr\\\/proprietes-vendre-encamp\\\/\"]}]},{\"@type\":\"BreadcrumbList\",\"@id\":\"https:\\\/\\\/www.habitand.com\\\/fr\\\/proprietes-vendre-encamp\\\/#breadcrumb\",\"itemListElement\":[{\"@type\":\"ListItem\",\"position\":1,\"name\":\"Home\",\"item\":\"https:\\\/\\\/www.habitand.com\\\/\"},{\"@type\":\"ListItem\",\"position\":2,\"name\":\"Propri\u00e9t\u00e9s \u00e0 vendre \u00e0 Encamp\"}]},{\"@type\":\"WebSite\",\"@id\":\"https:\\\/\\\/www.habitand.com\\\/#website\",\"url\":\"https:\\\/\\\/www.habitand.com\\\/\",\"name\":\"Habitand Andorra\",\"description\":\"\",\"potentialAction\":[{\"@type\":\"SearchAction\",\"target\":{\"@type\":\"EntryPoint\",\"urlTemplate\":\"https:\\\/\\\/www.habitand.com\\\/?s={search_term_string}\"},\"query-input\":{\"@type\":\"PropertyValueSpecification\",\"valueRequired\":true,\"valueName\":\"search_term_string\"}}],\"inLanguage\":\"fr-FR\"}]}<\/script>\n<!-- \/ Yoast SEO plugin. -->","yoast_head_json":{"title":"Propri\u00e9t\u00e9s \u00e0 vendre \u00e0 Encamp - Habitand Andorra","robots":{"index":"index","follow":"follow","max-snippet":"max-snippet:-1","max-image-preview":"max-image-preview:large","max-video-preview":"max-video-preview:-1"},"canonical":"https:\/\/www.habitand.com\/fr\/proprietes-vendre-encamp\/","og_locale":"fr_FR","og_type":"article","og_title":"Propri\u00e9t\u00e9s \u00e0 vendre \u00e0 Encamp - Habitand Andorra","og_description":"Propri\u00e9t\u00e9s \u00e0 vendre \u00e0 Encamp [vc_row][vc_column][vc_column_text] Une vue stup\u00e9fiante sur les montagnes et un acc\u00e8s direct aux autres comt\u00e9s de l\u2019Andorre, voil\u00e0 ce dont vous b\u00e9n\u00e9ficierez en achetant une propri\u00e9t\u00e9 \u00e0 Encamp. Cette paroisse se situe \u00e0 proximit\u00e9 de la rivi\u00e8re Valira d\u2019Orient et de la fronti\u00e8re franco-espagnole. Le centre d\u2019Encamp est \u00e0 une altitude [&hellip;]","og_url":"https:\/\/www.habitand.com\/fr\/proprietes-vendre-encamp\/","og_site_name":"Habitand Andorra","article_modified_time":"2016-11-21T15:28:13+00:00","twitter_card":"summary_large_image","twitter_misc":{"Dur\u00e9e de lecture estim\u00e9e":"2 minutes"},"schema":{"@context":"https:\/\/schema.org","@graph":[{"@type":"WebPage","@id":"https:\/\/www.habitand.com\/fr\/proprietes-vendre-encamp\/","url":"https:\/\/www.habitand.com\/fr\/proprietes-vendre-encamp\/","name":"Propri\u00e9t\u00e9s \u00e0 vendre \u00e0 Encamp - Habitand Andorra","isPartOf":{"@id":"https:\/\/www.habitand.com\/#website"},"datePublished":"2016-10-28T15:31:44+00:00","dateModified":"2016-11-21T15:28:13+00:00","breadcrumb":{"@id":"https:\/\/www.habitand.com\/fr\/proprietes-vendre-encamp\/#breadcrumb"},"inLanguage":"fr-FR","potentialAction":[{"@type":"ReadAction","target":["https:\/\/www.habitand.com\/fr\/proprietes-vendre-encamp\/"]}]},{"@type":"BreadcrumbList","@id":"https:\/\/www.habitand.com\/fr\/proprietes-vendre-encamp\/#breadcrumb","itemListElement":[{"@type":"ListItem","position":1,"name":"Home","item":"https:\/\/www.habitand.com\/"},{"@type":"ListItem","position":2,"name":"Propri\u00e9t\u00e9s \u00e0 vendre \u00e0 Encamp"}]},{"@type":"WebSite","@id":"https:\/\/www.habitand.com\/#website","url":"https:\/\/www.habitand.com\/","name":"Habitand Andorra","description":"","potentialAction":[{"@type":"SearchAction","target":{"@type":"EntryPoint","urlTemplate":"https:\/\/www.habitand.com\/?s={search_term_string}"},"query-input":{"@type":"PropertyValueSpecification","valueRequired":true,"valueName":"search_term_string"}}],"inLanguage":"fr-FR"}]}},"_links":{"self":[{"href":"https:\/\/www.habitand.com\/fr\/wp-json\/wp\/v2\/pages\/3842","targetHints":{"allow":["GET"]}}],"collection":[{"href":"https:\/\/www.habitand.com\/fr\/wp-json\/wp\/v2\/pages"}],"about":[{"href":"https:\/\/www.habitand.com\/fr\/wp-json\/wp\/v2\/types\/page"}],"author":[{"embeddable":true,"href":"https:\/\/www.habitand.com\/fr\/wp-json\/wp\/v2\/users\/3"}],"replies":[{"embeddable":true,"href":"https:\/\/www.habitand.com\/fr\/wp-json\/wp\/v2\/comments?post=3842"}],"version-history":[{"count":4,"href":"https:\/\/www.habitand.com\/fr\/wp-json\/wp\/v2\/pages\/3842\/revisions"}],"predecessor-version":[{"id":3928,"href":"https:\/\/www.habitand.com\/fr\/wp-json\/wp\/v2\/pages\/3842\/revisions\/3928"}],"wp:attachment":[{"href":"https:\/\/www.habitand.com\/fr\/wp-json\/wp\/v2\/media?parent=3842"}],"curies":[{"name":"wp","href":"https:\/\/api.w.org\/{rel}","templated":true}]}}