{"id":4149,"date":"2017-04-06T15:16:37","date_gmt":"2017-04-06T15:16:37","guid":{"rendered":"https:\/\/www.habitand.com\/?page_id=4149\/"},"modified":"2017-04-06T15:24:39","modified_gmt":"2017-04-06T15:24:39","slug":"casas-venta-andorra","status":"publish","type":"page","link":"https:\/\/www.habitand.com\/es\/casas-venta-andorra\/","title":{"rendered":"Casas en venta en Andorra"},"content":{"rendered":"<p>[vc_row][vc_column][vc_custom_heading source=\u00bbpost_title\u00bb font_container=\u00bbtag:h1|text_align:left\u00bb use_theme_fonts=\u00bbyes\u00bb][vc_column_text]<br \/>\nPoder disfrutar de las magn\u00edficas vistas en una hermosa ma\u00f1ana de Andorra no necesariamente tiene que ser un privilegio exclusivo para los visitantes. Como el pa\u00eds de los Pirineos cada vez m\u00e1s se convierte en un destino deseable para los que sienten pasi\u00f3n por el esqu\u00ed y amantes de la naturaleza, su mercado inmobiliario tambi\u00e9n ha aumentado significativamente en los \u00faltimos a\u00f1os. Por lo tanto, la compra de una casa en venta en Andorra se ha convertido en una opci\u00f3n de moda para las personas que buscan mejorar su calidad de vida.<\/p>\n<p>Situado justo en la frontera con Francia y Espa\u00f1a, Andorra domina las impresionantes pistas de esqu\u00ed  que delimitan los l\u00edmites del pa\u00eds. Lejos de las ciudades llenas de gente y estresantes, el Principado se ha convertido en un lugar atractivo para cualquier persona que quiera trasladarse.<\/p>\n<p>&nbsp;<\/p>\n<h2>\u00bfQu\u00e9 considerar al comprar una casa en Andorra?<\/h2>\n<p>Si prefiere un ambiente pac\u00edfico rodeado de pintorescos pueblos y una naturaleza maravillosa, comprar una casa en Andorra podr\u00eda ser la decisi\u00f3n ideal. Estos son los puntos m\u00e1s importantes a tener en cuenta al trasladarse.<\/p>\n<h3>1. Vivir en Andorra<\/h3>\n<p>Esquiar en invierno as\u00ed como el hacer senderismo de monta\u00f1a en verano son dos de las principales actividades de ocio que podr\u00e1 disfrutar al comprar una casa en Andorra. Durante todo el a\u00f1o se celebran muchas que representan las vivas tradiciones del peque\u00f1o pa\u00eds y los parques de aventura en la naturaleza son un maravilloso pasatiempo para toda la familia. Adem\u00e1s, los beneficios fiscales permiten que las nuevas empresas tengan \u00e9xito y el acceso a una escuela internacional, embajadas y varias representaciones de bancos internacionales no dejan nada que desear.<\/p>\n<p>Los inviernos en Andorra son fr\u00edos y nevados y proporcionan condiciones perfectas para el esqu\u00ed y el snowboard. Por lo tanto, las casas en Andorra suelen estar equipadas con acogedoras chimeneas o un buen sistema de calefacci\u00f3n. Sin embargo, los veranos suelen ser m\u00e1s suaves que en Europa Central. El clima suave, el aire limpio y los alimentos frescos contribuyen a la alta esperanza de vida de Andorra, que se sit\u00faa entre uno de los m\u00e1s altos del mundo. Esta es otra raz\u00f3n m\u00e1s para mudarse a este hermoso pa\u00eds.<\/p>\n<h3>2. C\u00f3mo encontrar la casa adecuada a la venta en Andorra<\/h3>\n<p>Habitand le proporcionar\u00e1 la mejor opci\u00f3n relacionada con la compra de una casa en Andorra. Ofrecemos una amplia gama de casas en venta en Andorra. Elija entre hermosos chalets de monta\u00f1a, fascinantes villas o impresionantes \u00e1ticos d\u00faplex.<\/p>\n<p>Use Habitand para buscar casas en venta en Andorra.<\/p>\n<p>[\/vc_column_text][\/vc_column][\/vc_row][vc_row][vc_column][\/vc_column][\/vc_row]<\/p>\n","protected":false},"excerpt":{"rendered":"<p>[vc_row][vc_column][vc_custom_heading source=\u00bbpost_title\u00bb font_container=\u00bbtag:h1|text_align:left\u00bb use_theme_fonts=\u00bbyes\u00bb][vc_column_text] Poder disfrutar de las magn\u00edficas vistas en una hermosa ma\u00f1ana de Andorra no necesariamente tiene que ser un privilegio exclusivo para los visitantes. Como el pa\u00eds de los Pirineos cada vez m\u00e1s se convierte en un destino deseable para los que sienten pasi\u00f3n por el esqu\u00ed y amantes de la naturaleza, [&hellip;]<\/p>\n","protected":false},"author":3,"featured_media":0,"parent":0,"menu_order":0,"comment_status":"closed","ping_status":"closed","template":"","meta":{"footnotes":""},"class_list":["post-4149","page","type-page","status-publish","hentry"],"yoast_head":"<!-- This site is optimized with the Yoast SEO plugin v27.4 - https:\/\/yoast.com\/product\/yoast-seo-wordpress\/ -->\n<title>Casas en venta en Andorra - Habitand Andorra<\/title>\n<meta name=\"description\" content=\"Encuentre la casa de sus sue\u00f1os en Andorra. Habitand le ofrece un extenso listado de las mejores casas en venta en Andorra.\" \/>\n<meta name=\"robots\" content=\"index, follow, max-snippet:-1, max-image-preview:large, max-video-preview:-1\" \/>\n<link rel=\"canonical\" href=\"https:\/\/www.habitand.com\/es\/casas-venta-andorra\/\" \/>\n<meta property=\"og:locale\" content=\"es_ES\" \/>\n<meta property=\"og:type\" content=\"article\" \/>\n<meta property=\"og:title\" content=\"Casas en venta en Andorra - Habitand Andorra\" \/>\n<meta property=\"og:description\" content=\"Encuentre la casa de sus sue\u00f1os en Andorra. Habitand le ofrece un extenso listado de las mejores casas en venta en Andorra.\" \/>\n<meta property=\"og:url\" content=\"https:\/\/www.habitand.com\/es\/casas-venta-andorra\/\" \/>\n<meta property=\"og:site_name\" content=\"Habitand Andorra\" \/>\n<meta property=\"article:modified_time\" content=\"2017-04-06T15:24:39+00:00\" \/>\n<meta name=\"twitter:card\" content=\"summary_large_image\" \/>\n<meta name=\"twitter:label1\" content=\"Tiempo de lectura\" \/>\n\t<meta name=\"twitter:data1\" content=\"2 minutos\" \/>\n<script type=\"application\/ld+json\" class=\"yoast-schema-graph\">{\"@context\":\"https:\\\/\\\/schema.org\",\"@graph\":[{\"@type\":\"WebPage\",\"@id\":\"https:\\\/\\\/www.habitand.com\\\/es\\\/casas-venta-andorra\\\/\",\"url\":\"https:\\\/\\\/www.habitand.com\\\/es\\\/casas-venta-andorra\\\/\",\"name\":\"Casas en venta en Andorra - Habitand Andorra\",\"isPartOf\":{\"@id\":\"https:\\\/\\\/www.habitand.com\\\/#website\"},\"datePublished\":\"2017-04-06T15:16:37+00:00\",\"dateModified\":\"2017-04-06T15:24:39+00:00\",\"description\":\"Encuentre la casa de sus sue\u00f1os en Andorra. Habitand le ofrece un extenso listado de las mejores casas en venta en Andorra.\",\"breadcrumb\":{\"@id\":\"https:\\\/\\\/www.habitand.com\\\/es\\\/casas-venta-andorra\\\/#breadcrumb\"},\"inLanguage\":\"es\",\"potentialAction\":[{\"@type\":\"ReadAction\",\"target\":[\"https:\\\/\\\/www.habitand.com\\\/es\\\/casas-venta-andorra\\\/\"]}]},{\"@type\":\"BreadcrumbList\",\"@id\":\"https:\\\/\\\/www.habitand.com\\\/es\\\/casas-venta-andorra\\\/#breadcrumb\",\"itemListElement\":[{\"@type\":\"ListItem\",\"position\":1,\"name\":\"Home\",\"item\":\"https:\\\/\\\/www.habitand.com\\\/es\\\/\"},{\"@type\":\"ListItem\",\"position\":2,\"name\":\"Casas en venta en Andorra\"}]},{\"@type\":\"WebSite\",\"@id\":\"https:\\\/\\\/www.habitand.com\\\/#website\",\"url\":\"https:\\\/\\\/www.habitand.com\\\/\",\"name\":\"Habitand Andorra\",\"description\":\"\",\"potentialAction\":[{\"@type\":\"SearchAction\",\"target\":{\"@type\":\"EntryPoint\",\"urlTemplate\":\"https:\\\/\\\/www.habitand.com\\\/?s={search_term_string}\"},\"query-input\":{\"@type\":\"PropertyValueSpecification\",\"valueRequired\":true,\"valueName\":\"search_term_string\"}}],\"inLanguage\":\"es\"}]}<\/script>\n<!-- \/ Yoast SEO plugin. -->","yoast_head_json":{"title":"Casas en venta en Andorra - Habitand Andorra","description":"Encuentre la casa de sus sue\u00f1os en Andorra. Habitand le ofrece un extenso listado de las mejores casas en venta en Andorra.","robots":{"index":"index","follow":"follow","max-snippet":"max-snippet:-1","max-image-preview":"max-image-preview:large","max-video-preview":"max-video-preview:-1"},"canonical":"https:\/\/www.habitand.com\/es\/casas-venta-andorra\/","og_locale":"es_ES","og_type":"article","og_title":"Casas en venta en Andorra - Habitand Andorra","og_description":"Encuentre la casa de sus sue\u00f1os en Andorra. Habitand le ofrece un extenso listado de las mejores casas en venta en Andorra.","og_url":"https:\/\/www.habitand.com\/es\/casas-venta-andorra\/","og_site_name":"Habitand Andorra","article_modified_time":"2017-04-06T15:24:39+00:00","twitter_card":"summary_large_image","twitter_misc":{"Tiempo de lectura":"2 minutos"},"schema":{"@context":"https:\/\/schema.org","@graph":[{"@type":"WebPage","@id":"https:\/\/www.habitand.com\/es\/casas-venta-andorra\/","url":"https:\/\/www.habitand.com\/es\/casas-venta-andorra\/","name":"Casas en venta en Andorra - Habitand Andorra","isPartOf":{"@id":"https:\/\/www.habitand.com\/#website"},"datePublished":"2017-04-06T15:16:37+00:00","dateModified":"2017-04-06T15:24:39+00:00","description":"Encuentre la casa de sus sue\u00f1os en Andorra. Habitand le ofrece un extenso listado de las mejores casas en venta en Andorra.","breadcrumb":{"@id":"https:\/\/www.habitand.com\/es\/casas-venta-andorra\/#breadcrumb"},"inLanguage":"es","potentialAction":[{"@type":"ReadAction","target":["https:\/\/www.habitand.com\/es\/casas-venta-andorra\/"]}]},{"@type":"BreadcrumbList","@id":"https:\/\/www.habitand.com\/es\/casas-venta-andorra\/#breadcrumb","itemListElement":[{"@type":"ListItem","position":1,"name":"Home","item":"https:\/\/www.habitand.com\/es\/"},{"@type":"ListItem","position":2,"name":"Casas en venta en Andorra"}]},{"@type":"WebSite","@id":"https:\/\/www.habitand.com\/#website","url":"https:\/\/www.habitand.com\/","name":"Habitand Andorra","description":"","potentialAction":[{"@type":"SearchAction","target":{"@type":"EntryPoint","urlTemplate":"https:\/\/www.habitand.com\/?s={search_term_string}"},"query-input":{"@type":"PropertyValueSpecification","valueRequired":true,"valueName":"search_term_string"}}],"inLanguage":"es"}]}},"_links":{"self":[{"href":"https:\/\/www.habitand.com\/es\/wp-json\/wp\/v2\/pages\/4149","targetHints":{"allow":["GET"]}}],"collection":[{"href":"https:\/\/www.habitand.com\/es\/wp-json\/wp\/v2\/pages"}],"about":[{"href":"https:\/\/www.habitand.com\/es\/wp-json\/wp\/v2\/types\/page"}],"author":[{"embeddable":true,"href":"https:\/\/www.habitand.com\/es\/wp-json\/wp\/v2\/users\/3"}],"replies":[{"embeddable":true,"href":"https:\/\/www.habitand.com\/es\/wp-json\/wp\/v2\/comments?post=4149"}],"version-history":[{"count":5,"href":"https:\/\/www.habitand.com\/es\/wp-json\/wp\/v2\/pages\/4149\/revisions"}],"predecessor-version":[{"id":4154,"href":"https:\/\/www.habitand.com\/es\/wp-json\/wp\/v2\/pages\/4149\/revisions\/4154"}],"wp:attachment":[{"href":"https:\/\/www.habitand.com\/es\/wp-json\/wp\/v2\/media?parent=4149"}],"curies":[{"name":"wp","href":"https:\/\/api.w.org\/{rel}","templated":true}]}}