{"id":4126,"date":"2017-03-10T18:39:22","date_gmt":"2017-03-10T18:39:22","guid":{"rendered":"https:\/\/www.habitand.com\/?page_id=4126\/"},"modified":"2017-03-10T18:39:22","modified_gmt":"2017-03-10T18:39:22","slug":"aparcamiento-andorra","status":"publish","type":"page","link":"https:\/\/www.habitand.com\/es\/aparcamiento-andorra\/","title":{"rendered":"Aparcamiento en Andorra"},"content":{"rendered":"<p>[vc_row][vc_column][vc_custom_heading source=\u00bbpost_title\u00bb font_container=\u00bbtag:h1|text_align:left\u00bb use_theme_fonts=\u00bbyes\u00bb][vc_column_text]<br \/>\nHay muchos aspectos que debe considerar al trasladarse a Andorra. Uno de ellos es la situaci\u00f3n de los aparcamientos en el peque\u00f1o Principado. Naturalmente, estacionamientos y plazas de aparcamiento desempe\u00f1an un papel importante cuando se trata de moverse en su veh\u00edculo propio. Por lo tanto, muchas personas optan por comprar una plaza de aparcamiento en Andorra. Normalmente estos aparcamientos se encuentran bajo tierra, en el mismo edificio donde vive.<br \/>\n<P>&nbsp;<br \/>\n<H2>\u00bfD\u00f3nde aparcar el coche?<\/H2><br \/>\nLas carreteras y las calles del Principado suelen estar en buen estado. Andorra tiene muchos caminos escarpados a gran altitud. Adem\u00e1s, muchos caminos son bastante estrechos. Casi todos los lugares de aparcamiento p\u00fablico son de pago. Por lo general encontrar\u00e1 zonas azules o verdes. El precio en una zona azul es de 1 \u20ac la hora, mientras que la zona verde s\u00f3lo le costar\u00e1 50 c\u00e9ntimos. Tambi\u00e9n hay una red de garajes privados para los residentes y visitantes. Algunos de ellos pertenecen a hoteles o grandes centros comerciales. El precio medio de estacionamiento var\u00eda entre 1 \u20ac y 1,50 \u20ac por hora. Algunos de estos garajes privados ofrecen una tarifa fija para toda la noche entre 6 \u20ac y 10 \u20ac. Esta tarifa se aplica desde las 20:00 hasta las 08:00. Del mismo modo siempre hay la posibilidad de buscar en los alrededores una de las pocas plazas de aparcamiento gratuito que hay.<\/p>\n<p>Sin embargo, si desea evitar gastar regularmente dinero en estacionamiento, entonces la compra de una plaza de aparcamiento en Andorra es tambi\u00e9n una opci\u00f3n que debe considerar.<\/p>\n<p>Si est\u00e1 buscando una plaza de aparcamiento en venta en Andorra, use Habitand.<br \/>\n<P>&nbsp;<br \/>\n<H2>Otras alternativas<\/H2><br \/>\nSi decide dejar su coche en casa, el transporte p\u00fablico tambi\u00e9n podr\u00eda ser una opci\u00f3n. Ocho l\u00edneas principales de autob\u00fas conectan las parroquias del peque\u00f1o Principado. En Andorra La Vella podr\u00e1 tomar un autob\u00fas cada 10 minutos. Sin embargo, para las zonas rurales puede ser mucho menos frecuente. Las principales paradas est\u00e1n en las calles m\u00e1s transitadas dentro de los centros urbanos. Los boletos se pueden comprar directamente al conductor del autob\u00fas y los precios oscilan entre 1 \u20ac y 3 \u20ac. El servicio suele funcionar de 07:00 a 21:00. <\/p>\n<p>[\/vc_column_text][\/vc_column][\/vc_row][vc_row][vc_column][\/vc_column][\/vc_row]<\/p>\n","protected":false},"excerpt":{"rendered":"<p>[vc_row][vc_column][vc_custom_heading source=\u00bbpost_title\u00bb font_container=\u00bbtag:h1|text_align:left\u00bb use_theme_fonts=\u00bbyes\u00bb][vc_column_text] Hay muchos aspectos que debe considerar al trasladarse a Andorra. Uno de ellos es la situaci\u00f3n de los aparcamientos en el peque\u00f1o Principado. Naturalmente, estacionamientos y plazas de aparcamiento desempe\u00f1an un papel importante cuando se trata de moverse en su veh\u00edculo propio. Por lo tanto, muchas personas optan por comprar una [&hellip;]<\/p>\n","protected":false},"author":3,"featured_media":0,"parent":0,"menu_order":0,"comment_status":"closed","ping_status":"closed","template":"","meta":{"footnotes":""},"class_list":["post-4126","page","type-page","status-publish","hentry"],"yoast_head":"<!-- This site is optimized with the Yoast SEO plugin v27.4 - https:\/\/yoast.com\/product\/yoast-seo-wordpress\/ -->\n<title>Aparcamiento en Andorra - Habitand Andorra<\/title>\n<meta name=\"robots\" content=\"index, follow, max-snippet:-1, max-image-preview:large, max-video-preview:-1\" \/>\n<link rel=\"canonical\" href=\"https:\/\/www.habitand.com\/es\/aparcamiento-andorra\/\" \/>\n<meta property=\"og:locale\" content=\"es_ES\" \/>\n<meta property=\"og:type\" content=\"article\" \/>\n<meta property=\"og:title\" content=\"Aparcamiento en Andorra - Habitand Andorra\" \/>\n<meta property=\"og:description\" content=\"[vc_row][vc_column][vc_custom_heading source=\u00bbpost_title\u00bb font_container=\u00bbtag:h1|text_align:left\u00bb use_theme_fonts=\u00bbyes\u00bb][vc_column_text] Hay muchos aspectos que debe considerar al trasladarse a Andorra. Uno de ellos es la situaci\u00f3n de los aparcamientos en el peque\u00f1o Principado. Naturalmente, estacionamientos y plazas de aparcamiento desempe\u00f1an un papel importante cuando se trata de moverse en su veh\u00edculo propio. Por lo tanto, muchas personas optan por comprar una [&hellip;]\" \/>\n<meta property=\"og:url\" content=\"https:\/\/www.habitand.com\/es\/aparcamiento-andorra\/\" \/>\n<meta property=\"og:site_name\" content=\"Habitand Andorra\" \/>\n<meta name=\"twitter:card\" content=\"summary_large_image\" \/>\n<meta name=\"twitter:label1\" content=\"Tiempo de lectura\" \/>\n\t<meta name=\"twitter:data1\" content=\"2 minutos\" \/>\n<script type=\"application\/ld+json\" class=\"yoast-schema-graph\">{\"@context\":\"https:\\\/\\\/schema.org\",\"@graph\":[{\"@type\":\"WebPage\",\"@id\":\"https:\\\/\\\/www.habitand.com\\\/es\\\/aparcamiento-andorra\\\/\",\"url\":\"https:\\\/\\\/www.habitand.com\\\/es\\\/aparcamiento-andorra\\\/\",\"name\":\"Aparcamiento en Andorra - Habitand Andorra\",\"isPartOf\":{\"@id\":\"https:\\\/\\\/www.habitand.com\\\/#website\"},\"datePublished\":\"2017-03-10T18:39:22+00:00\",\"breadcrumb\":{\"@id\":\"https:\\\/\\\/www.habitand.com\\\/es\\\/aparcamiento-andorra\\\/#breadcrumb\"},\"inLanguage\":\"es\",\"potentialAction\":[{\"@type\":\"ReadAction\",\"target\":[\"https:\\\/\\\/www.habitand.com\\\/es\\\/aparcamiento-andorra\\\/\"]}]},{\"@type\":\"BreadcrumbList\",\"@id\":\"https:\\\/\\\/www.habitand.com\\\/es\\\/aparcamiento-andorra\\\/#breadcrumb\",\"itemListElement\":[{\"@type\":\"ListItem\",\"position\":1,\"name\":\"Home\",\"item\":\"https:\\\/\\\/www.habitand.com\\\/es\\\/\"},{\"@type\":\"ListItem\",\"position\":2,\"name\":\"Aparcamiento en Andorra\"}]},{\"@type\":\"WebSite\",\"@id\":\"https:\\\/\\\/www.habitand.com\\\/#website\",\"url\":\"https:\\\/\\\/www.habitand.com\\\/\",\"name\":\"Habitand Andorra\",\"description\":\"\",\"potentialAction\":[{\"@type\":\"SearchAction\",\"target\":{\"@type\":\"EntryPoint\",\"urlTemplate\":\"https:\\\/\\\/www.habitand.com\\\/?s={search_term_string}\"},\"query-input\":{\"@type\":\"PropertyValueSpecification\",\"valueRequired\":true,\"valueName\":\"search_term_string\"}}],\"inLanguage\":\"es\"}]}<\/script>\n<!-- \/ Yoast SEO plugin. -->","yoast_head_json":{"title":"Aparcamiento en Andorra - Habitand Andorra","robots":{"index":"index","follow":"follow","max-snippet":"max-snippet:-1","max-image-preview":"max-image-preview:large","max-video-preview":"max-video-preview:-1"},"canonical":"https:\/\/www.habitand.com\/es\/aparcamiento-andorra\/","og_locale":"es_ES","og_type":"article","og_title":"Aparcamiento en Andorra - Habitand Andorra","og_description":"[vc_row][vc_column][vc_custom_heading source=\u00bbpost_title\u00bb font_container=\u00bbtag:h1|text_align:left\u00bb use_theme_fonts=\u00bbyes\u00bb][vc_column_text] Hay muchos aspectos que debe considerar al trasladarse a Andorra. Uno de ellos es la situaci\u00f3n de los aparcamientos en el peque\u00f1o Principado. Naturalmente, estacionamientos y plazas de aparcamiento desempe\u00f1an un papel importante cuando se trata de moverse en su veh\u00edculo propio. Por lo tanto, muchas personas optan por comprar una [&hellip;]","og_url":"https:\/\/www.habitand.com\/es\/aparcamiento-andorra\/","og_site_name":"Habitand Andorra","twitter_card":"summary_large_image","twitter_misc":{"Tiempo de lectura":"2 minutos"},"schema":{"@context":"https:\/\/schema.org","@graph":[{"@type":"WebPage","@id":"https:\/\/www.habitand.com\/es\/aparcamiento-andorra\/","url":"https:\/\/www.habitand.com\/es\/aparcamiento-andorra\/","name":"Aparcamiento en Andorra - Habitand Andorra","isPartOf":{"@id":"https:\/\/www.habitand.com\/#website"},"datePublished":"2017-03-10T18:39:22+00:00","breadcrumb":{"@id":"https:\/\/www.habitand.com\/es\/aparcamiento-andorra\/#breadcrumb"},"inLanguage":"es","potentialAction":[{"@type":"ReadAction","target":["https:\/\/www.habitand.com\/es\/aparcamiento-andorra\/"]}]},{"@type":"BreadcrumbList","@id":"https:\/\/www.habitand.com\/es\/aparcamiento-andorra\/#breadcrumb","itemListElement":[{"@type":"ListItem","position":1,"name":"Home","item":"https:\/\/www.habitand.com\/es\/"},{"@type":"ListItem","position":2,"name":"Aparcamiento en Andorra"}]},{"@type":"WebSite","@id":"https:\/\/www.habitand.com\/#website","url":"https:\/\/www.habitand.com\/","name":"Habitand Andorra","description":"","potentialAction":[{"@type":"SearchAction","target":{"@type":"EntryPoint","urlTemplate":"https:\/\/www.habitand.com\/?s={search_term_string}"},"query-input":{"@type":"PropertyValueSpecification","valueRequired":true,"valueName":"search_term_string"}}],"inLanguage":"es"}]}},"_links":{"self":[{"href":"https:\/\/www.habitand.com\/es\/wp-json\/wp\/v2\/pages\/4126","targetHints":{"allow":["GET"]}}],"collection":[{"href":"https:\/\/www.habitand.com\/es\/wp-json\/wp\/v2\/pages"}],"about":[{"href":"https:\/\/www.habitand.com\/es\/wp-json\/wp\/v2\/types\/page"}],"author":[{"embeddable":true,"href":"https:\/\/www.habitand.com\/es\/wp-json\/wp\/v2\/users\/3"}],"replies":[{"embeddable":true,"href":"https:\/\/www.habitand.com\/es\/wp-json\/wp\/v2\/comments?post=4126"}],"version-history":[{"count":1,"href":"https:\/\/www.habitand.com\/es\/wp-json\/wp\/v2\/pages\/4126\/revisions"}],"predecessor-version":[{"id":4127,"href":"https:\/\/www.habitand.com\/es\/wp-json\/wp\/v2\/pages\/4126\/revisions\/4127"}],"wp:attachment":[{"href":"https:\/\/www.habitand.com\/es\/wp-json\/wp\/v2\/media?parent=4126"}],"curies":[{"name":"wp","href":"https:\/\/api.w.org\/{rel}","templated":true}]}}