{"id":4106,"date":"2017-02-23T15:42:04","date_gmt":"2017-02-23T15:42:04","guid":{"rendered":"https:\/\/www.habitand.com\/?page_id=4106\/"},"modified":"2017-02-23T15:42:04","modified_gmt":"2017-02-23T15:42:04","slug":"propiedades-alquiler-sant-julia-de-loria","status":"publish","type":"page","link":"https:\/\/www.habitand.com\/es\/propiedades-alquiler-sant-julia-de-loria\/","title":{"rendered":"Propiedades en alquiler en Sant Juli\u00e0 de L\u00f2ria"},"content":{"rendered":"<p>[vc_row][vc_column][vc_column_text]<\/p>\n<h1>Propiedades en alquiler en Sant Juli\u00e0 de L\u00f2ria<\/h1>\n<p>Situada apenas a 8 kil\u00f3metros de la frontera espa\u00f1ola, Sant Juli\u00e0 de L\u00f2ria es una parroquia andorrana que ofrece una gran variedad de actividades culturales, deportivas y de ocio. Se sit\u00faa en el lado derecho de Grandvalira y sus vistas panor\u00e1micas del bosque y las monta\u00f1as circundantes son simplemente fascinantes. Encontrar una propiedad en alquiler en Sant Juli\u00e0 de L\u00f2ria significa elegir una nueva casa, en un entorno tranquilo y una ubicaci\u00f3n privilegiada.<br \/>\n[\/vc_column_text][\/vc_column][\/vc_row][vc_row][vc_column][vc_column_text]<br \/>\n[show_more more=\u00bbleer m\u00e1s&#8230;\u00bb less=\u00bbcerrar\u00bb color=\u00bb#0dbae8&#8243; list=\u00bb\u00bb\u00bb]<\/p>\n<h2>\u00bfQu\u00e9 considerar cuando busque una propiedad en alquiler en Sant Juli\u00e0 de L\u00f2ria?<\/h2>\n<p>\u00bfEst\u00e1 interesado en alquilar una propiedad en una hermosa parroquia, que tambi\u00e9n ofrece el confort de las grandes ciudades? Entonces la b\u00fasqueda de una casa en Sant Juli\u00e0 de L\u00f2ria, sin duda, satisfar\u00e1 sus expectativas. La arquitectura de edificios antiguos combinada con la alegr\u00eda que ofrece el parque de atracciones Naturlandia atrae turistas no s\u00f3lo de Andorra sino tambi\u00e9n de los pa\u00edses vecinos. Aqu\u00ed tambi\u00e9n encontrar\u00e1 una serie de placeres gastron\u00f3micos y culturales.<\/p>\n<h2>1.\t\u00bfPor qu\u00e9 elegir Sant Juli\u00e0 de L\u00f2ria?<\/h2>\n<p>Aparte de la fascinante naturaleza de Sant Juli\u00e0 de L\u00f2ria, tambi\u00e9n acoge una gran selecci\u00f3n de deseables pisos, apartamentos y casas para alquilar. Puede elegir entre chalets de lujo, casas acogedoras o impresionantes \u00e1ticos &#8211; la mayor\u00eda de ellos con vistas asombrosas ya que esta parroquia se encuentra a 908 metros de altura.<\/p>\n<h2>2.\t\u00bfQu\u00e9 hacer en Sant Juli\u00e0 de L\u00f2ria?<\/h2>\n<p>No te pierdas la Iglesia de Sant Cerni de Nagol, una importante joya del arte rom\u00e1nico de 1055. Adem\u00e1s, se encuentra el Santuario de Can\u00f2lich, uno de los m\u00e1s importantes de Andorra, situado a una altura de 1.528 metros. Por \u00faltimo, pero no por ello menos importante, tambi\u00e9n est\u00e1 Naturlandia, un parque natural que ofrece una gran variedad de actividades para todas las edades.<\/p>\n<h2>3.\tNivel de vida en Sant Juli\u00e0 de L\u00f2ria<\/h2>\n<p>Al trasladarse a Sant Juli\u00e0 de L\u00f2ria no extra\u00f1ar\u00e1 la vida en la ciudad. Muy por el contrario, en esta parroquia disfrutar\u00e1 de un lugar libre de contaminaci\u00f3n y delincuencia. Esta ubicaci\u00f3n privilegiada representa un lugar preferido para alquilar inmuebles, si desea vivir lo m\u00e1s cerca posible de la frontera espa\u00f1ola mientras disfruta de los beneficios de vivir en Andorra.<\/p>\n<p>Use Habitand para buscar propiedades en alquiler en Sant Juli\u00e0 de L\u00f2ria.[\/show_more][\/vc_column_text][\/vc_column][\/vc_row]<\/p>\n","protected":false},"excerpt":{"rendered":"<p>[vc_row][vc_column][vc_column_text] Propiedades en alquiler en Sant Juli\u00e0 de L\u00f2ria Situada apenas a 8 kil\u00f3metros de la frontera espa\u00f1ola, Sant Juli\u00e0 de L\u00f2ria es una parroquia andorrana que ofrece una gran variedad de actividades culturales, deportivas y de ocio. Se sit\u00faa en el lado derecho de Grandvalira y sus vistas panor\u00e1micas del bosque y las monta\u00f1as [&hellip;]<\/p>\n","protected":false},"author":3,"featured_media":0,"parent":0,"menu_order":0,"comment_status":"closed","ping_status":"closed","template":"page-templates\/properties-list.php","meta":{"footnotes":""},"class_list":["post-4106","page","type-page","status-publish","hentry"],"yoast_head":"<!-- This site is optimized with the Yoast SEO plugin v27.4 - https:\/\/yoast.com\/product\/yoast-seo-wordpress\/ -->\n<title>Propiedades en alquiler en Sant Juli\u00e0 de L\u00f2ria - Habitand Andorra<\/title>\n<meta name=\"description\" content=\"\u00bfBuscando propiedades en alquiler en Sant Juli\u00e0 de L\u00f2ria? Habitand le ofrece propiedades y bienes ra\u00edces en Andorra de varios agentes inmobiliarios\" \/>\n<meta name=\"robots\" content=\"index, follow, max-snippet:-1, max-image-preview:large, max-video-preview:-1\" \/>\n<link rel=\"canonical\" href=\"https:\/\/www.habitand.com\/es\/propiedades-alquiler-sant-julia-de-loria\/\" \/>\n<meta property=\"og:locale\" content=\"es_ES\" \/>\n<meta property=\"og:type\" content=\"article\" \/>\n<meta property=\"og:title\" content=\"Propiedades en alquiler en Sant Juli\u00e0 de L\u00f2ria - Habitand Andorra\" \/>\n<meta property=\"og:description\" content=\"\u00bfBuscando propiedades en alquiler en Sant Juli\u00e0 de L\u00f2ria? Habitand le ofrece propiedades y bienes ra\u00edces en Andorra de varios agentes inmobiliarios\" \/>\n<meta property=\"og:url\" content=\"https:\/\/www.habitand.com\/es\/propiedades-alquiler-sant-julia-de-loria\/\" \/>\n<meta property=\"og:site_name\" content=\"Habitand Andorra\" \/>\n<meta name=\"twitter:card\" content=\"summary_large_image\" \/>\n<meta name=\"twitter:label1\" content=\"Tiempo de lectura\" \/>\n\t<meta name=\"twitter:data1\" content=\"2 minutos\" \/>\n<script type=\"application\/ld+json\" class=\"yoast-schema-graph\">{\"@context\":\"https:\\\/\\\/schema.org\",\"@graph\":[{\"@type\":\"WebPage\",\"@id\":\"https:\\\/\\\/www.habitand.com\\\/es\\\/propiedades-alquiler-sant-julia-de-loria\\\/\",\"url\":\"https:\\\/\\\/www.habitand.com\\\/es\\\/propiedades-alquiler-sant-julia-de-loria\\\/\",\"name\":\"Propiedades en alquiler en Sant Juli\u00e0 de L\u00f2ria - Habitand Andorra\",\"isPartOf\":{\"@id\":\"https:\\\/\\\/www.habitand.com\\\/#website\"},\"datePublished\":\"2017-02-23T15:42:04+00:00\",\"description\":\"\u00bfBuscando propiedades en alquiler en Sant Juli\u00e0 de L\u00f2ria? Habitand le ofrece propiedades y bienes ra\u00edces en Andorra de varios agentes inmobiliarios\",\"breadcrumb\":{\"@id\":\"https:\\\/\\\/www.habitand.com\\\/es\\\/propiedades-alquiler-sant-julia-de-loria\\\/#breadcrumb\"},\"inLanguage\":\"es\",\"potentialAction\":[{\"@type\":\"ReadAction\",\"target\":[\"https:\\\/\\\/www.habitand.com\\\/es\\\/propiedades-alquiler-sant-julia-de-loria\\\/\"]}]},{\"@type\":\"BreadcrumbList\",\"@id\":\"https:\\\/\\\/www.habitand.com\\\/es\\\/propiedades-alquiler-sant-julia-de-loria\\\/#breadcrumb\",\"itemListElement\":[{\"@type\":\"ListItem\",\"position\":1,\"name\":\"Home\",\"item\":\"https:\\\/\\\/www.habitand.com\\\/es\\\/\"},{\"@type\":\"ListItem\",\"position\":2,\"name\":\"Propiedades en alquiler en Sant Juli\u00e0 de L\u00f2ria\"}]},{\"@type\":\"WebSite\",\"@id\":\"https:\\\/\\\/www.habitand.com\\\/#website\",\"url\":\"https:\\\/\\\/www.habitand.com\\\/\",\"name\":\"Habitand Andorra\",\"description\":\"\",\"potentialAction\":[{\"@type\":\"SearchAction\",\"target\":{\"@type\":\"EntryPoint\",\"urlTemplate\":\"https:\\\/\\\/www.habitand.com\\\/?s={search_term_string}\"},\"query-input\":{\"@type\":\"PropertyValueSpecification\",\"valueRequired\":true,\"valueName\":\"search_term_string\"}}],\"inLanguage\":\"es\"}]}<\/script>\n<!-- \/ Yoast SEO plugin. -->","yoast_head_json":{"title":"Propiedades en alquiler en Sant Juli\u00e0 de L\u00f2ria - Habitand Andorra","description":"\u00bfBuscando propiedades en alquiler en Sant Juli\u00e0 de L\u00f2ria? Habitand le ofrece propiedades y bienes ra\u00edces en Andorra de varios agentes inmobiliarios","robots":{"index":"index","follow":"follow","max-snippet":"max-snippet:-1","max-image-preview":"max-image-preview:large","max-video-preview":"max-video-preview:-1"},"canonical":"https:\/\/www.habitand.com\/es\/propiedades-alquiler-sant-julia-de-loria\/","og_locale":"es_ES","og_type":"article","og_title":"Propiedades en alquiler en Sant Juli\u00e0 de L\u00f2ria - Habitand Andorra","og_description":"\u00bfBuscando propiedades en alquiler en Sant Juli\u00e0 de L\u00f2ria? Habitand le ofrece propiedades y bienes ra\u00edces en Andorra de varios agentes inmobiliarios","og_url":"https:\/\/www.habitand.com\/es\/propiedades-alquiler-sant-julia-de-loria\/","og_site_name":"Habitand Andorra","twitter_card":"summary_large_image","twitter_misc":{"Tiempo de lectura":"2 minutos"},"schema":{"@context":"https:\/\/schema.org","@graph":[{"@type":"WebPage","@id":"https:\/\/www.habitand.com\/es\/propiedades-alquiler-sant-julia-de-loria\/","url":"https:\/\/www.habitand.com\/es\/propiedades-alquiler-sant-julia-de-loria\/","name":"Propiedades en alquiler en Sant Juli\u00e0 de L\u00f2ria - Habitand Andorra","isPartOf":{"@id":"https:\/\/www.habitand.com\/#website"},"datePublished":"2017-02-23T15:42:04+00:00","description":"\u00bfBuscando propiedades en alquiler en Sant Juli\u00e0 de L\u00f2ria? Habitand le ofrece propiedades y bienes ra\u00edces en Andorra de varios agentes inmobiliarios","breadcrumb":{"@id":"https:\/\/www.habitand.com\/es\/propiedades-alquiler-sant-julia-de-loria\/#breadcrumb"},"inLanguage":"es","potentialAction":[{"@type":"ReadAction","target":["https:\/\/www.habitand.com\/es\/propiedades-alquiler-sant-julia-de-loria\/"]}]},{"@type":"BreadcrumbList","@id":"https:\/\/www.habitand.com\/es\/propiedades-alquiler-sant-julia-de-loria\/#breadcrumb","itemListElement":[{"@type":"ListItem","position":1,"name":"Home","item":"https:\/\/www.habitand.com\/es\/"},{"@type":"ListItem","position":2,"name":"Propiedades en alquiler en Sant Juli\u00e0 de L\u00f2ria"}]},{"@type":"WebSite","@id":"https:\/\/www.habitand.com\/#website","url":"https:\/\/www.habitand.com\/","name":"Habitand Andorra","description":"","potentialAction":[{"@type":"SearchAction","target":{"@type":"EntryPoint","urlTemplate":"https:\/\/www.habitand.com\/?s={search_term_string}"},"query-input":{"@type":"PropertyValueSpecification","valueRequired":true,"valueName":"search_term_string"}}],"inLanguage":"es"}]}},"_links":{"self":[{"href":"https:\/\/www.habitand.com\/es\/wp-json\/wp\/v2\/pages\/4106","targetHints":{"allow":["GET"]}}],"collection":[{"href":"https:\/\/www.habitand.com\/es\/wp-json\/wp\/v2\/pages"}],"about":[{"href":"https:\/\/www.habitand.com\/es\/wp-json\/wp\/v2\/types\/page"}],"author":[{"embeddable":true,"href":"https:\/\/www.habitand.com\/es\/wp-json\/wp\/v2\/users\/3"}],"replies":[{"embeddable":true,"href":"https:\/\/www.habitand.com\/es\/wp-json\/wp\/v2\/comments?post=4106"}],"version-history":[{"count":1,"href":"https:\/\/www.habitand.com\/es\/wp-json\/wp\/v2\/pages\/4106\/revisions"}],"predecessor-version":[{"id":4107,"href":"https:\/\/www.habitand.com\/es\/wp-json\/wp\/v2\/pages\/4106\/revisions\/4107"}],"wp:attachment":[{"href":"https:\/\/www.habitand.com\/es\/wp-json\/wp\/v2\/media?parent=4106"}],"curies":[{"name":"wp","href":"https:\/\/api.w.org\/{rel}","templated":true}]}}