{"id":4096,"date":"2017-02-10T15:42:53","date_gmt":"2017-02-10T15:42:53","guid":{"rendered":"https:\/\/www.habitand.com\/es\/?page_id=4096"},"modified":"2017-02-10T15:42:53","modified_gmt":"2017-02-10T15:42:53","slug":"propiedades-alquiler-pas-de-la-casa","status":"publish","type":"page","link":"https:\/\/www.habitand.com\/es\/propiedades-alquiler-pas-de-la-casa\/","title":{"rendered":"Propiedades en alquiler en Pas de la Casa"},"content":{"rendered":"<p>[vc_row][vc_column][vc_column_text]<\/p>\n<h1>Propiedades en alquiler en\u00a0Pas de la Casa<\/h1>\n<p>Pas de la Casa es uno de los pocos lugares en Europa con una naturaleza fascinante, estaciones de esqu\u00ed maravillosas ubicadas a poca distancia y propiedades asequibles. Este peque\u00f1o pueblo de Andorra se encuentra justo al otro lado de la frontera de Francia, al pie de las laderas de Grandvalira. Ahora es el momento para buscar una propiedad en alquiler en Pas de la Casa, ya que se est\u00e1 convirtiendo en un destino cada vez m\u00e1s atractivo para los reci\u00e9n llegados que se establecen en Andorra.<br \/>\n[\/vc_column_text][\/vc_column][\/vc_row][vc_row][vc_column][vc_column_text]<br \/>\n[show_more more=\u00bbleer m\u00e1s&#8230;\u00bb less=\u00bbcerrar\u00bb color=\u00bb#0dbae8&#8243; list=\u00bb\u00bb\u00bb]<\/p>\n<h2>\u00bfQu\u00e9 considerar al buscar una propiedad en alquiler en Pas de la Casa?<\/h2>\n<p>Alquilar una propiedad en Pas de la Casa le ofrece no s\u00f3lo una ubicaci\u00f3n privilegiada, sino tambi\u00e9n una nueva casa en un lugar rodeado de fascinantes vistas a la monta\u00f1a. Situada a una altitud de 2050 metros, la estaci\u00f3n de Pas es la m\u00e1s alta de los Pirineos y atrae a muchos esquiadores y \u201csnowboarders\u201d durante todo el invierno.<\/p>\n<h2>1.\t\u00bfPor qu\u00e9 elegir Pas de la Casa?<\/h2>\n<p>Esquiar en Grandvalira es uno de los beneficios m\u00e1s importantes que disfrutar\u00e1s al vivir en Pas de la Casa. Otra gran atracci\u00f3n de este lugar para los residentes y visitantes por igual es la muy animada vida nocturna. Un mont\u00f3n de bares y un par de clubes nocturnos abren sus puertas hasta la madrugada. Adem\u00e1s, hay muchos restaurantes que satisfar\u00e1n su deseo de cocina andorrana.<\/p>\n<h2>2.\t\u00bfQu\u00e9 hacer en Pas de la Casa?<\/h2>\n<p>Esqu\u00ed, \u201csnowboard\u201d y deportes de invierno constituyen las actividades m\u00e1s importantes durante toda la temporada de invierno. Sin embargo, en verano, otras actividades conforman la vida cotidiana de los residentes del Pas de la Casa. Senderismo, practicar el \u201cpaintball\u201d o disfrutar de la naturaleza son apenas unas pocas a mencionar. La ciudad acoge tambi\u00e9n un gran centro de ocio con piscina.<\/p>\n<h2>3.\tNivel de vida en Pas de la Casa<\/h2>\n<p>Pas de la Casa tiene uno de los m\u00e1s altos niveles de vida en Europa. Aire limpio y maravillosas vistas, as\u00ed como fant\u00e1sticas casas, chalets y apartamentos hablan por s\u00ed mismos. Por lo tanto, alquilar una propiedad aqu\u00ed es la opci\u00f3n correcta para cualquier amante del deporte de invierno.<\/p>\n<p>Use Habitand para buscar una propiedad en alquiler en Pas de la Casa.[\/show_more][\/vc_column_text][\/vc_column][\/vc_row]<\/p>\n","protected":false},"excerpt":{"rendered":"<p>[vc_row][vc_column][vc_column_text] Propiedades en alquiler en\u00a0Pas de la Casa Pas de la Casa es uno de los pocos lugares en Europa con una naturaleza fascinante, estaciones de esqu\u00ed maravillosas ubicadas a poca distancia y propiedades asequibles. Este peque\u00f1o pueblo de Andorra se encuentra justo al otro lado de la frontera de Francia, al pie de las [&hellip;]<\/p>\n","protected":false},"author":3,"featured_media":0,"parent":0,"menu_order":0,"comment_status":"closed","ping_status":"closed","template":"page-templates\/properties-list.php","meta":{"footnotes":""},"class_list":["post-4096","page","type-page","status-publish","hentry"],"yoast_head":"<!-- This site is optimized with the Yoast SEO plugin v27.4 - https:\/\/yoast.com\/product\/yoast-seo-wordpress\/ -->\n<title>Propiedades en alquiler en Pas de la Casa - Habitand Andorra<\/title>\n<meta name=\"description\" content=\"\u00bfBuscando propiedades en alquiler en Pas de la Casa? Habitand le ofrece propiedades y bienes ra\u00edces en Pas de la Casa de varios agentes inmobiliarios.\" \/>\n<meta name=\"robots\" content=\"index, follow, max-snippet:-1, max-image-preview:large, max-video-preview:-1\" \/>\n<link rel=\"canonical\" href=\"https:\/\/www.habitand.com\/es\/propiedades-alquiler-pas-de-la-casa\/\" \/>\n<meta property=\"og:locale\" content=\"es_ES\" \/>\n<meta property=\"og:type\" content=\"article\" \/>\n<meta property=\"og:title\" content=\"Propiedades en alquiler en Pas de la Casa - Habitand Andorra\" \/>\n<meta property=\"og:description\" content=\"\u00bfBuscando propiedades en alquiler en Pas de la Casa? Habitand le ofrece propiedades y bienes ra\u00edces en Pas de la Casa de varios agentes inmobiliarios.\" \/>\n<meta property=\"og:url\" content=\"https:\/\/www.habitand.com\/es\/propiedades-alquiler-pas-de-la-casa\/\" \/>\n<meta property=\"og:site_name\" content=\"Habitand Andorra\" \/>\n<meta name=\"twitter:card\" content=\"summary_large_image\" \/>\n<meta name=\"twitter:label1\" content=\"Tiempo de lectura\" \/>\n\t<meta name=\"twitter:data1\" content=\"2 minutos\" \/>\n<script type=\"application\/ld+json\" class=\"yoast-schema-graph\">{\"@context\":\"https:\\\/\\\/schema.org\",\"@graph\":[{\"@type\":\"WebPage\",\"@id\":\"https:\\\/\\\/www.habitand.com\\\/es\\\/propiedades-alquiler-pas-de-la-casa\\\/\",\"url\":\"https:\\\/\\\/www.habitand.com\\\/es\\\/propiedades-alquiler-pas-de-la-casa\\\/\",\"name\":\"Propiedades en alquiler en Pas de la Casa - Habitand Andorra\",\"isPartOf\":{\"@id\":\"https:\\\/\\\/www.habitand.com\\\/#website\"},\"datePublished\":\"2017-02-10T15:42:53+00:00\",\"description\":\"\u00bfBuscando propiedades en alquiler en Pas de la Casa? Habitand le ofrece propiedades y bienes ra\u00edces en Pas de la Casa de varios agentes inmobiliarios.\",\"breadcrumb\":{\"@id\":\"https:\\\/\\\/www.habitand.com\\\/es\\\/propiedades-alquiler-pas-de-la-casa\\\/#breadcrumb\"},\"inLanguage\":\"es\",\"potentialAction\":[{\"@type\":\"ReadAction\",\"target\":[\"https:\\\/\\\/www.habitand.com\\\/es\\\/propiedades-alquiler-pas-de-la-casa\\\/\"]}]},{\"@type\":\"BreadcrumbList\",\"@id\":\"https:\\\/\\\/www.habitand.com\\\/es\\\/propiedades-alquiler-pas-de-la-casa\\\/#breadcrumb\",\"itemListElement\":[{\"@type\":\"ListItem\",\"position\":1,\"name\":\"Home\",\"item\":\"https:\\\/\\\/www.habitand.com\\\/es\\\/\"},{\"@type\":\"ListItem\",\"position\":2,\"name\":\"Propiedades en alquiler en Pas de la Casa\"}]},{\"@type\":\"WebSite\",\"@id\":\"https:\\\/\\\/www.habitand.com\\\/#website\",\"url\":\"https:\\\/\\\/www.habitand.com\\\/\",\"name\":\"Habitand Andorra\",\"description\":\"\",\"potentialAction\":[{\"@type\":\"SearchAction\",\"target\":{\"@type\":\"EntryPoint\",\"urlTemplate\":\"https:\\\/\\\/www.habitand.com\\\/?s={search_term_string}\"},\"query-input\":{\"@type\":\"PropertyValueSpecification\",\"valueRequired\":true,\"valueName\":\"search_term_string\"}}],\"inLanguage\":\"es\"}]}<\/script>\n<!-- \/ Yoast SEO plugin. -->","yoast_head_json":{"title":"Propiedades en alquiler en Pas de la Casa - Habitand Andorra","description":"\u00bfBuscando propiedades en alquiler en Pas de la Casa? Habitand le ofrece propiedades y bienes ra\u00edces en Pas de la Casa de varios agentes inmobiliarios.","robots":{"index":"index","follow":"follow","max-snippet":"max-snippet:-1","max-image-preview":"max-image-preview:large","max-video-preview":"max-video-preview:-1"},"canonical":"https:\/\/www.habitand.com\/es\/propiedades-alquiler-pas-de-la-casa\/","og_locale":"es_ES","og_type":"article","og_title":"Propiedades en alquiler en Pas de la Casa - Habitand Andorra","og_description":"\u00bfBuscando propiedades en alquiler en Pas de la Casa? Habitand le ofrece propiedades y bienes ra\u00edces en Pas de la Casa de varios agentes inmobiliarios.","og_url":"https:\/\/www.habitand.com\/es\/propiedades-alquiler-pas-de-la-casa\/","og_site_name":"Habitand Andorra","twitter_card":"summary_large_image","twitter_misc":{"Tiempo de lectura":"2 minutos"},"schema":{"@context":"https:\/\/schema.org","@graph":[{"@type":"WebPage","@id":"https:\/\/www.habitand.com\/es\/propiedades-alquiler-pas-de-la-casa\/","url":"https:\/\/www.habitand.com\/es\/propiedades-alquiler-pas-de-la-casa\/","name":"Propiedades en alquiler en Pas de la Casa - Habitand Andorra","isPartOf":{"@id":"https:\/\/www.habitand.com\/#website"},"datePublished":"2017-02-10T15:42:53+00:00","description":"\u00bfBuscando propiedades en alquiler en Pas de la Casa? Habitand le ofrece propiedades y bienes ra\u00edces en Pas de la Casa de varios agentes inmobiliarios.","breadcrumb":{"@id":"https:\/\/www.habitand.com\/es\/propiedades-alquiler-pas-de-la-casa\/#breadcrumb"},"inLanguage":"es","potentialAction":[{"@type":"ReadAction","target":["https:\/\/www.habitand.com\/es\/propiedades-alquiler-pas-de-la-casa\/"]}]},{"@type":"BreadcrumbList","@id":"https:\/\/www.habitand.com\/es\/propiedades-alquiler-pas-de-la-casa\/#breadcrumb","itemListElement":[{"@type":"ListItem","position":1,"name":"Home","item":"https:\/\/www.habitand.com\/es\/"},{"@type":"ListItem","position":2,"name":"Propiedades en alquiler en Pas de la Casa"}]},{"@type":"WebSite","@id":"https:\/\/www.habitand.com\/#website","url":"https:\/\/www.habitand.com\/","name":"Habitand Andorra","description":"","potentialAction":[{"@type":"SearchAction","target":{"@type":"EntryPoint","urlTemplate":"https:\/\/www.habitand.com\/?s={search_term_string}"},"query-input":{"@type":"PropertyValueSpecification","valueRequired":true,"valueName":"search_term_string"}}],"inLanguage":"es"}]}},"_links":{"self":[{"href":"https:\/\/www.habitand.com\/es\/wp-json\/wp\/v2\/pages\/4096","targetHints":{"allow":["GET"]}}],"collection":[{"href":"https:\/\/www.habitand.com\/es\/wp-json\/wp\/v2\/pages"}],"about":[{"href":"https:\/\/www.habitand.com\/es\/wp-json\/wp\/v2\/types\/page"}],"author":[{"embeddable":true,"href":"https:\/\/www.habitand.com\/es\/wp-json\/wp\/v2\/users\/3"}],"replies":[{"embeddable":true,"href":"https:\/\/www.habitand.com\/es\/wp-json\/wp\/v2\/comments?post=4096"}],"version-history":[{"count":1,"href":"https:\/\/www.habitand.com\/es\/wp-json\/wp\/v2\/pages\/4096\/revisions"}],"predecessor-version":[{"id":4098,"href":"https:\/\/www.habitand.com\/es\/wp-json\/wp\/v2\/pages\/4096\/revisions\/4098"}],"wp:attachment":[{"href":"https:\/\/www.habitand.com\/es\/wp-json\/wp\/v2\/media?parent=4096"}],"curies":[{"name":"wp","href":"https:\/\/api.w.org\/{rel}","templated":true}]}}