{"id":4089,"date":"2017-02-09T17:43:15","date_gmt":"2017-02-09T17:43:15","guid":{"rendered":"https:\/\/www.habitand.com\/es\/?page_id=4089"},"modified":"2017-02-09T17:45:42","modified_gmt":"2017-02-09T17:45:42","slug":"vivir-en-andorra","status":"publish","type":"page","link":"https:\/\/www.habitand.com\/es\/vivir-en-andorra\/","title":{"rendered":"Vivir en Andorra"},"content":{"rendered":"<p>[vc_row][vc_column][vc_custom_heading source=\u00bbpost_title\u00bb font_container=\u00bbtag:h1|text_align:left\u00bb use_theme_fonts=\u00bbyes\u00bb][vc_column_text]En los \u00faltimos a\u00f1os Andorra se ha convertido en un lugar muy atractivo para trasladarse. Un gobierno que ofrece poco riesgo y un excelente entorno de impuestos bajos da la bienvenida a innovadores negocios. Adem\u00e1s, el mercado inmobiliario del pa\u00eds est\u00e1 en crecimiento, ofreci\u00e9ndole muchas propiedades de alquiler o venta. Una gran infraestructura, interesantes oportunidades de negocio y altos est\u00e1ndares de vida definen la vida en este peque\u00f1o pa\u00eds de monta\u00f1a.<\/p>\n<h2>Beneficios de vivir en Andorra<\/h2>\n<p>Si usted opta por vivir en Andorra, no s\u00f3lo formar\u00e1 parte de un pa\u00eds con fiscalidad favorable, y lo m\u00e1s importante, tambi\u00e9n ser\u00e1 capaz de disfrutar de un estilo de vida sano y pac\u00edfico. Aqu\u00ed est\u00e1n los ocho aspectos m\u00e1s importantes que hacen vivir en Andorra sea atractivo para cualquiera.<\/p>\n<h3>1.\tResidencia<\/h3>\n<p>El procedimiento de solicitud para obtener una residencia en Andorra es relativamente f\u00e1cil, despu\u00e9s de obtener todos los documentos necesarios. Comprar una propiedad en Andorra es una opci\u00f3n favorable y facilita el proceso. Aunque hay otras opciones tambi\u00e9n. Comparado con lugares como M\u00f3naco, el gobierno de Andorra ofrece requisitos simples para obtener una tarjeta de residencia.<\/p>\n<h3>2.\tActividades en la naturaleza<\/h3>\n<p>Andorra se encuentra rodeada de hermosas monta\u00f1as ofreciendo una variedad considerable de actividades que van desde la escalada en hielo hasta el esqu\u00ed por doquier, el ciclismo o el senderismo. Los ca\u00f1ones de nieve proporcionan la confianza de tener una buena cubierta de nieve durante el invierno. Las fant\u00e1sticas vistas panor\u00e1micas tambi\u00e9n hacen que el mercado inmobiliario de Andorra sea interesante para cualquier amante de la naturaleza. \u00bfA qui\u00e9n no le gustar\u00eda vivir en una casa espectacular en lo alto de una monta\u00f1a disfrutando de unas vistas incre\u00edbles mientras saborea una taza de t\u00e9 caliente?<\/p>\n<h3>3.\tEsperanza de vida<\/h3>\n<p>La persona com\u00fan que vive en Andorra puede esperar vivir, al menos, hasta los 85 a\u00f1os. Esa es la esperanza de vida m\u00e1s alta en todo el mundo. Tambi\u00e9n conocido por su aire fresco y puro, Andorra es un hermoso refugio para las personas con enfermedades bronquiales. Un estilo de vida libre de estr\u00e9s, una amplia variedad de alimentos naturales y muchas actividades deportivas generan personas vitales y saludables. Si est\u00e1 buscando un apartamento para comprar o alquilar, esto es algo de lo que definitivamente se beneficiar\u00e1.<\/p>\n<h3>4.\tEl clima<\/h3>\n<p>El buen y constante tiempo es otra ventaja para la gente que elige invertir en bienes ra\u00edces en Andorra. Aqu\u00ed encontrar\u00e1 buenas condiciones clim\u00e1ticas durante todo el a\u00f1o, con temperaturas confortables que se mantendr\u00e1n por debajo de 32 grados en verano. Inviernos nevados y veranos c\u00e1lidos ofrecen condiciones perfectas para paseos por la naturaleza, esqu\u00ed, tours en helic\u00f3ptero o paseos en bicicleta.<\/p>\n<h3>5.\tJusto en el medio de Europa<\/h3>\n<p>A tan s\u00f3lo un corto trayecto en coche desde Andorra encontrar\u00e1 muchas playas agradables. Se puede llegar en dos horas a ciudades importantes como Barcelona y Perpi\u00f1\u00e1n. Al trasladarse a Andorra se beneficiar\u00e1 de esto tambi\u00e9n.<\/p>\n<h3>6.\tLibre de impuestos (Duty free)<\/h3>\n<p>En comparaci\u00f3n con otros lugares de Europa, Andorra ofrece precios bastante razonables en apartamentos, villas o chalets. Los precios al por menor se mantienen bajos gracias a que la mayor\u00eda de los bienes est\u00e1n libres de impuestos. Podr\u00e1 disfrutar de muchos precios asequibles en productos tales como muebles, cosm\u00e9ticos, bebidas alcoh\u00f3licas y combustible. Las actividades de tiempo libre son tambi\u00e9n muy asequibles, as\u00ed como los precios de las comidas y bebidas en restaurantes y bares.<\/p>\n<h3>7.\tBaja tasa de criminalidad<\/h3>\n<p>Andorra proporciona estabilidad pol\u00edtica y una tasa de criminalidad muy baja, lo que hace que comprar un hogar sea a\u00fan m\u00e1s atractivo. Peque\u00f1os pueblos y mucha naturaleza completan el perfil de este pa\u00eds muy limpio y seguro. Debido a su elevado nivel de vida, simplemente no hay necesidad de crimen.<\/p>\n<h3>8.\tAlto nivel de vida<\/h3>\n<p>Finalmente, aunque no menos importante, es el alto nivel de vida que hace de Andorra un lugar maravilloso para cualquier persona que considere trasladarse o comprar una casa de vacaciones. Tasas de empleo muy elevadas y una econom\u00eda firme son factores importantes que hablan por s\u00ed solos. Las dependencias sanitarias de Andorra son muy avanzadas e incluso encontrar\u00e1 escuelas internacionales. Las distancias cortas dondequiera que vaya hacen del pa\u00eds el m\u00e1s seguro de Europa un lugar agradable para alquilar o para comprar una propiedad.<\/p>\n<p>En conclusi\u00f3n, Andorra tiene mucho que ofrecer para cualquiera que est\u00e9 considerando comprar una casa o un apartamento. No importa si usted est\u00e1 buscando una casa de vacaciones, un nuevo lugar para hacer negocios o una gran propiedad para trasladarse. Con la f\u00e1cil obtenci\u00f3n de la tarjeta de residencia, seguridad, buena cocina y hermosa naturaleza, Andorra es simplemente el pa\u00eds perfecto para vivir y trabajar.<\/p>\n<p>Use Habitand para buscar propiedades en venta o alquiler en Andorra.[\/vc_column_text][\/vc_column][\/vc_row][vc_row][vc_column][\/vc_column][\/vc_row]<\/p>\n","protected":false},"excerpt":{"rendered":"<p>[vc_row][vc_column][vc_custom_heading source=\u00bbpost_title\u00bb font_container=\u00bbtag:h1|text_align:left\u00bb use_theme_fonts=\u00bbyes\u00bb][vc_column_text]En los \u00faltimos a\u00f1os Andorra se ha convertido en un lugar muy atractivo para trasladarse. Un gobierno que ofrece poco riesgo y un excelente entorno de impuestos bajos da la bienvenida a innovadores negocios. Adem\u00e1s, el mercado inmobiliario del pa\u00eds est\u00e1 en crecimiento, ofreci\u00e9ndole muchas propiedades de alquiler o venta. Una gran [&hellip;]<\/p>\n","protected":false},"author":3,"featured_media":0,"parent":0,"menu_order":0,"comment_status":"closed","ping_status":"open","template":"","meta":{"footnotes":""},"class_list":["post-4089","page","type-page","status-publish","hentry"],"yoast_head":"<!-- This site is optimized with the Yoast SEO plugin v27.4 - https:\/\/yoast.com\/product\/yoast-seo-wordpress\/ -->\n<title>Vivir en Andorra - Habitand Andorra<\/title>\n<meta name=\"description\" content=\"Conozca todas las ventajas de vivir en Andorra. Habitand le ofrece excelentes propiedades y bienes ra\u00edces para alquilar o comprar en Andorra.\" \/>\n<meta name=\"robots\" content=\"index, follow, max-snippet:-1, max-image-preview:large, max-video-preview:-1\" \/>\n<link rel=\"canonical\" href=\"https:\/\/www.habitand.com\/es\/vivir-en-andorra\/\" \/>\n<meta property=\"og:locale\" content=\"es_ES\" \/>\n<meta property=\"og:type\" content=\"article\" \/>\n<meta property=\"og:title\" content=\"Vivir en Andorra - Habitand Andorra\" \/>\n<meta property=\"og:description\" content=\"Conozca todas las ventajas de vivir en Andorra. Habitand le ofrece excelentes propiedades y bienes ra\u00edces para alquilar o comprar en Andorra.\" \/>\n<meta property=\"og:url\" content=\"https:\/\/www.habitand.com\/es\/vivir-en-andorra\/\" \/>\n<meta property=\"og:site_name\" content=\"Habitand Andorra\" \/>\n<meta property=\"article:modified_time\" content=\"2017-02-09T17:45:42+00:00\" \/>\n<meta name=\"twitter:card\" content=\"summary_large_image\" \/>\n<meta name=\"twitter:label1\" content=\"Tiempo de lectura\" \/>\n\t<meta name=\"twitter:data1\" content=\"4 minutos\" \/>\n<script type=\"application\/ld+json\" class=\"yoast-schema-graph\">{\"@context\":\"https:\\\/\\\/schema.org\",\"@graph\":[{\"@type\":\"WebPage\",\"@id\":\"https:\\\/\\\/www.habitand.com\\\/es\\\/vivir-en-andorra\\\/\",\"url\":\"https:\\\/\\\/www.habitand.com\\\/es\\\/vivir-en-andorra\\\/\",\"name\":\"Vivir en Andorra - Habitand Andorra\",\"isPartOf\":{\"@id\":\"https:\\\/\\\/www.habitand.com\\\/#website\"},\"datePublished\":\"2017-02-09T17:43:15+00:00\",\"dateModified\":\"2017-02-09T17:45:42+00:00\",\"description\":\"Conozca todas las ventajas de vivir en Andorra. Habitand le ofrece excelentes propiedades y bienes ra\u00edces para alquilar o comprar en Andorra.\",\"breadcrumb\":{\"@id\":\"https:\\\/\\\/www.habitand.com\\\/es\\\/vivir-en-andorra\\\/#breadcrumb\"},\"inLanguage\":\"es\",\"potentialAction\":[{\"@type\":\"ReadAction\",\"target\":[\"https:\\\/\\\/www.habitand.com\\\/es\\\/vivir-en-andorra\\\/\"]}]},{\"@type\":\"BreadcrumbList\",\"@id\":\"https:\\\/\\\/www.habitand.com\\\/es\\\/vivir-en-andorra\\\/#breadcrumb\",\"itemListElement\":[{\"@type\":\"ListItem\",\"position\":1,\"name\":\"Home\",\"item\":\"https:\\\/\\\/www.habitand.com\\\/es\\\/\"},{\"@type\":\"ListItem\",\"position\":2,\"name\":\"Vivir en Andorra\"}]},{\"@type\":\"WebSite\",\"@id\":\"https:\\\/\\\/www.habitand.com\\\/#website\",\"url\":\"https:\\\/\\\/www.habitand.com\\\/\",\"name\":\"Habitand Andorra\",\"description\":\"\",\"potentialAction\":[{\"@type\":\"SearchAction\",\"target\":{\"@type\":\"EntryPoint\",\"urlTemplate\":\"https:\\\/\\\/www.habitand.com\\\/?s={search_term_string}\"},\"query-input\":{\"@type\":\"PropertyValueSpecification\",\"valueRequired\":true,\"valueName\":\"search_term_string\"}}],\"inLanguage\":\"es\"}]}<\/script>\n<!-- \/ Yoast SEO plugin. -->","yoast_head_json":{"title":"Vivir en Andorra - Habitand Andorra","description":"Conozca todas las ventajas de vivir en Andorra. Habitand le ofrece excelentes propiedades y bienes ra\u00edces para alquilar o comprar en Andorra.","robots":{"index":"index","follow":"follow","max-snippet":"max-snippet:-1","max-image-preview":"max-image-preview:large","max-video-preview":"max-video-preview:-1"},"canonical":"https:\/\/www.habitand.com\/es\/vivir-en-andorra\/","og_locale":"es_ES","og_type":"article","og_title":"Vivir en Andorra - Habitand Andorra","og_description":"Conozca todas las ventajas de vivir en Andorra. Habitand le ofrece excelentes propiedades y bienes ra\u00edces para alquilar o comprar en Andorra.","og_url":"https:\/\/www.habitand.com\/es\/vivir-en-andorra\/","og_site_name":"Habitand Andorra","article_modified_time":"2017-02-09T17:45:42+00:00","twitter_card":"summary_large_image","twitter_misc":{"Tiempo de lectura":"4 minutos"},"schema":{"@context":"https:\/\/schema.org","@graph":[{"@type":"WebPage","@id":"https:\/\/www.habitand.com\/es\/vivir-en-andorra\/","url":"https:\/\/www.habitand.com\/es\/vivir-en-andorra\/","name":"Vivir en Andorra - Habitand Andorra","isPartOf":{"@id":"https:\/\/www.habitand.com\/#website"},"datePublished":"2017-02-09T17:43:15+00:00","dateModified":"2017-02-09T17:45:42+00:00","description":"Conozca todas las ventajas de vivir en Andorra. Habitand le ofrece excelentes propiedades y bienes ra\u00edces para alquilar o comprar en Andorra.","breadcrumb":{"@id":"https:\/\/www.habitand.com\/es\/vivir-en-andorra\/#breadcrumb"},"inLanguage":"es","potentialAction":[{"@type":"ReadAction","target":["https:\/\/www.habitand.com\/es\/vivir-en-andorra\/"]}]},{"@type":"BreadcrumbList","@id":"https:\/\/www.habitand.com\/es\/vivir-en-andorra\/#breadcrumb","itemListElement":[{"@type":"ListItem","position":1,"name":"Home","item":"https:\/\/www.habitand.com\/es\/"},{"@type":"ListItem","position":2,"name":"Vivir en Andorra"}]},{"@type":"WebSite","@id":"https:\/\/www.habitand.com\/#website","url":"https:\/\/www.habitand.com\/","name":"Habitand Andorra","description":"","potentialAction":[{"@type":"SearchAction","target":{"@type":"EntryPoint","urlTemplate":"https:\/\/www.habitand.com\/?s={search_term_string}"},"query-input":{"@type":"PropertyValueSpecification","valueRequired":true,"valueName":"search_term_string"}}],"inLanguage":"es"}]}},"_links":{"self":[{"href":"https:\/\/www.habitand.com\/es\/wp-json\/wp\/v2\/pages\/4089","targetHints":{"allow":["GET"]}}],"collection":[{"href":"https:\/\/www.habitand.com\/es\/wp-json\/wp\/v2\/pages"}],"about":[{"href":"https:\/\/www.habitand.com\/es\/wp-json\/wp\/v2\/types\/page"}],"author":[{"embeddable":true,"href":"https:\/\/www.habitand.com\/es\/wp-json\/wp\/v2\/users\/3"}],"replies":[{"embeddable":true,"href":"https:\/\/www.habitand.com\/es\/wp-json\/wp\/v2\/comments?post=4089"}],"version-history":[{"count":1,"href":"https:\/\/www.habitand.com\/es\/wp-json\/wp\/v2\/pages\/4089\/revisions"}],"predecessor-version":[{"id":4091,"href":"https:\/\/www.habitand.com\/es\/wp-json\/wp\/v2\/pages\/4089\/revisions\/4091"}],"wp:attachment":[{"href":"https:\/\/www.habitand.com\/es\/wp-json\/wp\/v2\/media?parent=4089"}],"curies":[{"name":"wp","href":"https:\/\/api.w.org\/{rel}","templated":true}]}}