{"id":4066,"date":"2017-01-25T16:32:44","date_gmt":"2017-01-25T16:32:44","guid":{"rendered":"https:\/\/www.habitand.com\/es\/?page_id=4066"},"modified":"2017-04-06T14:53:06","modified_gmt":"2017-04-06T14:53:06","slug":"propiedades-golf-andorra","status":"publish","type":"page","link":"https:\/\/www.habitand.com\/es\/propiedades-golf-andorra\/","title":{"rendered":"Propiedades en venta o alquiler cerca de campos de golf en Andorra"},"content":{"rendered":"<p>[vc_row][vc_column][vc_custom_heading source=\u00bbpost_title\u00bb font_container=\u00bbtag:h1|text_align:left\u00bb use_theme_fonts=\u00bbyes\u00bb][vc_column_text]<br \/>\nVivir en Andorra significa disfrutar de un alto nivel de vida y de un maravilloso entorno de monta\u00f1a. Adem\u00e1s, Andorra ofrece una gran variedad de propiedades que van desde casas,  apartamentos y chalets cerca de campos de golf.<br \/>\n<P>&nbsp;<br \/>\n<H2>Encuentre su propiedad en venta o alquiler cerca de campos de golf<\/H2><br \/>\nEl golf es una de las muchas actividades de ocio que disfrutan tanto los nativos como los expatriados. Este deporte permite ejercitarse dentro del impresionante paisaje de monta\u00f1a. Por ejemplo elija uno de los muchos inmuebles en venta o de alquiler en Canillo. Esta regi\u00f3n alberga el campo de golf m\u00e1s alto de Europa. Aqu\u00ed puede jugar al golf en el verano y disfrutar de las muchas actividades de nieve en invierno.<\/p>\n<p>Cuando planifique comprar una casa en Andorra, busque por Golf Soldeu. Este campo de golf se encuentra a unos 2.250 metros sobre el nivel del mar. Rodeado de vistas a la monta\u00f1a ofrece caracter\u00edsticas t\u00e9cnicas para jugadores de todos los niveles. Jeremy Pern, un arquitecto brit\u00e1nico, dise\u00f1\u00f3 el campo de 9 hoyos que se puede jugar con par 33. Adem\u00e1s, la casa club le ofrece unas vistas excepcionales de la hermosa campi\u00f1a.<\/p>\n<p>Otro gran campo de golf en Andorra es Aravell Golf. Este campo est\u00e1 situado en el pueblo de Aravell y est\u00e1 a s\u00f3lo 15 minutos de la frontera espa\u00f1ola. Este campo de golf de 6.000 metros de largo rodea un r\u00edo y un lago, agregando obst\u00e1culos desafiantes para los jugadores.<\/p>\n<p>Tambi\u00e9n hay otro campo de golf situado en Vall d&#8217;Ordino, en la parroquia de Ordino. Este campo de golf es adaptable para todos los jugadores. Adem\u00e1s este activo club ofrece eventos relacionados con el golf durante todo el a\u00f1o. No importa si usted prefiere una propiedad a la venta o alquiler en Canillo u Ordino, ambas parroquias le proporcionar\u00e1 una conexi\u00f3n directa a su campo de golf favorito.<br \/>\n<P>&nbsp;<br \/>\n<H2>\u00bfC\u00f3mo empezar?<\/H2><br \/>\nEs f\u00e1cil ver por qu\u00e9 los campos de golf de Andorra est\u00e1n atrayendo el inter\u00e9s creciente de aficionados internacionales y jugadores profesionales. Los campos se encuentran en el pintoresco campo con maravillosas vistas rurales y aire fresco de monta\u00f1a. Combina tu pasi\u00f3n por el golf viviendo en Andorra.<\/p>\n<p>Use Habitand para buscar propiedades en venta o alquiler cerca de campos de golf en Andorra.<\/p>\n<p>[\/vc_column_text][\/vc_column][\/vc_row][vc_row][vc_column][\/vc_column][\/vc_row]<\/p>\n","protected":false},"excerpt":{"rendered":"<p>[vc_row][vc_column][vc_custom_heading source=\u00bbpost_title\u00bb font_container=\u00bbtag:h1|text_align:left\u00bb use_theme_fonts=\u00bbyes\u00bb][vc_column_text] Vivir en Andorra significa disfrutar de un alto nivel de vida y de un maravilloso entorno de monta\u00f1a. Adem\u00e1s, Andorra ofrece una gran variedad de propiedades que van desde casas, apartamentos y chalets cerca de campos de golf. &nbsp; Encuentre su propiedad en venta o alquiler cerca de campos de golf [&hellip;]<\/p>\n","protected":false},"author":3,"featured_media":0,"parent":0,"menu_order":0,"comment_status":"closed","ping_status":"closed","template":"","meta":{"footnotes":""},"class_list":["post-4066","page","type-page","status-publish","hentry"],"yoast_head":"<!-- This site is optimized with the Yoast SEO plugin v27.4 - https:\/\/yoast.com\/product\/yoast-seo-wordpress\/ -->\n<title>Propiedades en venta o alquiler cerca de campos de golf en Andorra - Habitand Andorra<\/title>\n<meta name=\"description\" content=\"Descubra propiedades a la venta o alquiler cerca de campos de golf en Andorra. Habitand ofrece la m\u00e1s grande oferta de propiedades en Andorra.\" \/>\n<meta name=\"robots\" content=\"index, follow, max-snippet:-1, max-image-preview:large, max-video-preview:-1\" \/>\n<link rel=\"canonical\" href=\"https:\/\/www.habitand.com\/es\/propiedades-golf-andorra\/\" \/>\n<meta property=\"og:locale\" content=\"es_ES\" \/>\n<meta property=\"og:type\" content=\"article\" \/>\n<meta property=\"og:title\" content=\"Propiedades en venta o alquiler cerca de campos de golf en Andorra - Habitand Andorra\" \/>\n<meta property=\"og:description\" content=\"Descubra propiedades a la venta o alquiler cerca de campos de golf en Andorra. Habitand ofrece la m\u00e1s grande oferta de propiedades en Andorra.\" \/>\n<meta property=\"og:url\" content=\"https:\/\/www.habitand.com\/es\/propiedades-golf-andorra\/\" \/>\n<meta property=\"og:site_name\" content=\"Habitand Andorra\" \/>\n<meta property=\"article:modified_time\" content=\"2017-04-06T14:53:06+00:00\" \/>\n<meta name=\"twitter:card\" content=\"summary_large_image\" \/>\n<meta name=\"twitter:label1\" content=\"Tiempo de lectura\" \/>\n\t<meta name=\"twitter:data1\" content=\"2 minutos\" \/>\n<script type=\"application\/ld+json\" class=\"yoast-schema-graph\">{\"@context\":\"https:\\\/\\\/schema.org\",\"@graph\":[{\"@type\":\"WebPage\",\"@id\":\"https:\\\/\\\/www.habitand.com\\\/es\\\/propiedades-golf-andorra\\\/\",\"url\":\"https:\\\/\\\/www.habitand.com\\\/es\\\/propiedades-golf-andorra\\\/\",\"name\":\"Propiedades en venta o alquiler cerca de campos de golf en Andorra - Habitand Andorra\",\"isPartOf\":{\"@id\":\"https:\\\/\\\/www.habitand.com\\\/#website\"},\"datePublished\":\"2017-01-25T16:32:44+00:00\",\"dateModified\":\"2017-04-06T14:53:06+00:00\",\"description\":\"Descubra propiedades a la venta o alquiler cerca de campos de golf en Andorra. Habitand ofrece la m\u00e1s grande oferta de propiedades en Andorra.\",\"breadcrumb\":{\"@id\":\"https:\\\/\\\/www.habitand.com\\\/es\\\/propiedades-golf-andorra\\\/#breadcrumb\"},\"inLanguage\":\"es\",\"potentialAction\":[{\"@type\":\"ReadAction\",\"target\":[\"https:\\\/\\\/www.habitand.com\\\/es\\\/propiedades-golf-andorra\\\/\"]}]},{\"@type\":\"BreadcrumbList\",\"@id\":\"https:\\\/\\\/www.habitand.com\\\/es\\\/propiedades-golf-andorra\\\/#breadcrumb\",\"itemListElement\":[{\"@type\":\"ListItem\",\"position\":1,\"name\":\"Home\",\"item\":\"https:\\\/\\\/www.habitand.com\\\/es\\\/\"},{\"@type\":\"ListItem\",\"position\":2,\"name\":\"Propiedades en venta o alquiler cerca de campos de golf en Andorra\"}]},{\"@type\":\"WebSite\",\"@id\":\"https:\\\/\\\/www.habitand.com\\\/#website\",\"url\":\"https:\\\/\\\/www.habitand.com\\\/\",\"name\":\"Habitand Andorra\",\"description\":\"\",\"potentialAction\":[{\"@type\":\"SearchAction\",\"target\":{\"@type\":\"EntryPoint\",\"urlTemplate\":\"https:\\\/\\\/www.habitand.com\\\/?s={search_term_string}\"},\"query-input\":{\"@type\":\"PropertyValueSpecification\",\"valueRequired\":true,\"valueName\":\"search_term_string\"}}],\"inLanguage\":\"es\"}]}<\/script>\n<!-- \/ Yoast SEO plugin. -->","yoast_head_json":{"title":"Propiedades en venta o alquiler cerca de campos de golf en Andorra - Habitand Andorra","description":"Descubra propiedades a la venta o alquiler cerca de campos de golf en Andorra. Habitand ofrece la m\u00e1s grande oferta de propiedades en Andorra.","robots":{"index":"index","follow":"follow","max-snippet":"max-snippet:-1","max-image-preview":"max-image-preview:large","max-video-preview":"max-video-preview:-1"},"canonical":"https:\/\/www.habitand.com\/es\/propiedades-golf-andorra\/","og_locale":"es_ES","og_type":"article","og_title":"Propiedades en venta o alquiler cerca de campos de golf en Andorra - Habitand Andorra","og_description":"Descubra propiedades a la venta o alquiler cerca de campos de golf en Andorra. Habitand ofrece la m\u00e1s grande oferta de propiedades en Andorra.","og_url":"https:\/\/www.habitand.com\/es\/propiedades-golf-andorra\/","og_site_name":"Habitand Andorra","article_modified_time":"2017-04-06T14:53:06+00:00","twitter_card":"summary_large_image","twitter_misc":{"Tiempo de lectura":"2 minutos"},"schema":{"@context":"https:\/\/schema.org","@graph":[{"@type":"WebPage","@id":"https:\/\/www.habitand.com\/es\/propiedades-golf-andorra\/","url":"https:\/\/www.habitand.com\/es\/propiedades-golf-andorra\/","name":"Propiedades en venta o alquiler cerca de campos de golf en Andorra - Habitand Andorra","isPartOf":{"@id":"https:\/\/www.habitand.com\/#website"},"datePublished":"2017-01-25T16:32:44+00:00","dateModified":"2017-04-06T14:53:06+00:00","description":"Descubra propiedades a la venta o alquiler cerca de campos de golf en Andorra. Habitand ofrece la m\u00e1s grande oferta de propiedades en Andorra.","breadcrumb":{"@id":"https:\/\/www.habitand.com\/es\/propiedades-golf-andorra\/#breadcrumb"},"inLanguage":"es","potentialAction":[{"@type":"ReadAction","target":["https:\/\/www.habitand.com\/es\/propiedades-golf-andorra\/"]}]},{"@type":"BreadcrumbList","@id":"https:\/\/www.habitand.com\/es\/propiedades-golf-andorra\/#breadcrumb","itemListElement":[{"@type":"ListItem","position":1,"name":"Home","item":"https:\/\/www.habitand.com\/es\/"},{"@type":"ListItem","position":2,"name":"Propiedades en venta o alquiler cerca de campos de golf en Andorra"}]},{"@type":"WebSite","@id":"https:\/\/www.habitand.com\/#website","url":"https:\/\/www.habitand.com\/","name":"Habitand Andorra","description":"","potentialAction":[{"@type":"SearchAction","target":{"@type":"EntryPoint","urlTemplate":"https:\/\/www.habitand.com\/?s={search_term_string}"},"query-input":{"@type":"PropertyValueSpecification","valueRequired":true,"valueName":"search_term_string"}}],"inLanguage":"es"}]}},"_links":{"self":[{"href":"https:\/\/www.habitand.com\/es\/wp-json\/wp\/v2\/pages\/4066","targetHints":{"allow":["GET"]}}],"collection":[{"href":"https:\/\/www.habitand.com\/es\/wp-json\/wp\/v2\/pages"}],"about":[{"href":"https:\/\/www.habitand.com\/es\/wp-json\/wp\/v2\/types\/page"}],"author":[{"embeddable":true,"href":"https:\/\/www.habitand.com\/es\/wp-json\/wp\/v2\/users\/3"}],"replies":[{"embeddable":true,"href":"https:\/\/www.habitand.com\/es\/wp-json\/wp\/v2\/comments?post=4066"}],"version-history":[{"count":3,"href":"https:\/\/www.habitand.com\/es\/wp-json\/wp\/v2\/pages\/4066\/revisions"}],"predecessor-version":[{"id":4121,"href":"https:\/\/www.habitand.com\/es\/wp-json\/wp\/v2\/pages\/4066\/revisions\/4121"}],"wp:attachment":[{"href":"https:\/\/www.habitand.com\/es\/wp-json\/wp\/v2\/media?parent=4066"}],"curies":[{"name":"wp","href":"https:\/\/api.w.org\/{rel}","templated":true}]}}