{"id":4049,"date":"2017-01-25T11:41:09","date_gmt":"2017-01-25T11:41:09","guid":{"rendered":"https:\/\/www.habitand.com\/es\/?page_id=4049"},"modified":"2017-02-23T15:47:09","modified_gmt":"2017-02-23T15:47:09","slug":"propiedades-alquiler-andorra","status":"publish","type":"page","link":"https:\/\/www.habitand.com\/es\/propiedades-alquiler-andorra\/","title":{"rendered":"To rent"},"content":{"rendered":"<h1>Propiedades en alquiler en Andorra<\/h1>\n<p>[vc_row][vc_column][vc_column_text]Justo en el centro de los Pirineos, Andorra es un lugar fascinante cuando se trata de encontrar el sitio perfecto para mudarse. Vivir en este peque\u00f1o Principado significa disfrutar de un alto nivel de vida, un ambiente tranquilo con aire limpio y fresco dentro de un hermoso entorno de monta\u00f1a. Adem\u00e1s, el acceso r\u00e1pido a la vecina Francia y Espa\u00f1a es otro activo del peque\u00f1o pa\u00eds. Encontrar una propiedad en alquiler en Andorra es una oportunidad que no debe perderse ya que es uno de los pa\u00edses m\u00e1s seguros en todo el mundo y ofrece precios de alquiler asequibles.<\/p>\n<p>[show_more more=\u00bbleer m\u00e1s&#8230;\u00bb less=\u00bbcerrar\u00bb color=\u00bb#0dbae8&#8243; list=\u00bb\u00bb\u00bb]<\/p>\n<h2>\u00bfQu\u00e9 considerar en la b\u00fasqueda de una propiedad en alquiler en Andorra?<\/h2>\n<p>Durante los \u00faltimos 5 a\u00f1os el turismo se ha impulsado en Andorra convirti\u00e9ndolo en un punto de acceso para los apasionados esquiadores y amantes de la naturaleza. Esto tambi\u00e9n significa que el peque\u00f1o pa\u00eds ha desarrollado proyectos de inversi\u00f3n, tanto en el turismo como en el sector inmobiliario. Por lo tanto, las empresas andorranas se esfuerzan mientras que el gobierno del Principado est\u00e1 creando nuevas conexiones pol\u00edticas y oportunidades, promoviendo una calidad de vida a\u00fan mejor.<\/p>\n<h2>\u00bfD\u00f3nde mudarse en Andorra?<\/h2>\n<p>Cuando busque una propiedad en Andorra encontrar\u00e1 siete parroquias diferentes. Algunos ofrecen un gran acceso a las instalaciones de esqu\u00ed, otros le ofrecen los mejores centros comerciales del pa\u00eds. Sin embargo, los precios de alquiler en las dos parroquias de Andorra La Vella y Escaldes son aproximadamente un 30% m\u00e1s caros que las otras cinco parroquias. Si buscas precios m\u00e1s asequibles, recomendamos a las parroquias vecinas de Encamp, La Massana o Sant Juli\u00e0 de L\u00f3ria para encontrar una propiedad en alquiler.<\/p>\n<h2>\u00bfPor qu\u00e9 elegir Andorra?<\/h2>\n<p>Encontrar m\u00e1s de una raz\u00f3n para buscar una propiedad en alquiler en Andorra no es un problema. \u00bfQu\u00e9 tal salir a dar un paseo en sus suaves veranos, por ejemplo? Andorra cuenta con aire limpio y un estilo de vida saludable, que contribuyen a tener una de la m\u00e1s alta esperanza de vida de todo el mundo. Disfrute de una gran diversidad de actividades deportivas durante todas las temporadas. Adem\u00e1s, los bajos impuestos, una gran variedad de tiendas y restaurantes en Andorra La Vella, la capital del Principado, hacen de Andorra un lugar interesante para trasladarse.<\/p>\n<h2>\u00bfQu\u00e9 hacer en Andorra?<\/h2>\n<p>Adem\u00e1s de sus muchas actividades al aire libre, especialmente el esqu\u00ed, snowboard, ciclismo o escalada, Andorra tambi\u00e9n ofrece muchos lugares de inter\u00e9s hist\u00f3rico y cultural. Principalmente en la Vella y Canillo, la arquitectura rom\u00e1nica, que se encuentra en muchos museos y oficinas gubernamentales, le mostrar\u00e1 la rica historia del pa\u00eds. Visitas guiadas y excursiones profesionales est\u00e1n disponibles durante todo el a\u00f1o para ayudarle a descubrir el Principado y sus or\u00edgenes.<\/p>\n<p>No lo piense dos veces antes de trasladarse a Andorra. Una variedad de hermosos chalets de monta\u00f1a, casas, apartamentos, \u00e1ticos y apartamentos le est\u00e1n esperando. Use Habitand para buscar propiedades en alquiler en Andorra.<\/p>\n<p>Nuestros principales destinos en Andorra:<\/p>\n<p>Propiedades en alquiler en <a href=\"https:\/\/www.habitand.com\/es\/propiedades-alquiler-andorra-la-vella\/\">Andorra la Vella<\/a><br \/>\nPropiedades en alquiler en <a href=\"https:\/\/www.habitand.com\/es\/propiedades-alquiler-escaldes-engordany\/\">Escaldes-Engordany<\/a><br \/>\nPropiedades en alquiler en <a href=\"https:\/\/www.habitand.com\/es\/propiedades-alquiler-la-massana\/\">La Massana<\/a><br \/>\nPropiedades en alquiler en <a href=\"https:\/\/www.habitand.com\/es\/propiedades-alquiler-encamp\/\">Encamp<\/a><br \/>\nPropiedades en alquiler en <a href=\"https:\/\/www.habitand.com\/es\/propiedades-alquiler-ordino\/\">Ordino<\/a><br \/>\nPropiedades en alquiler en <a href=\"https:\/\/www.habitand.com\/es\/propiedades-alquiler-sant-julia-de-loria\/\">Sant Juli\u00e0 de L\u00f2ria<\/a><br \/>\nPropiedades en alquiler en <a href=\"https:\/\/www.habitand.com\/es\/propiedades-alquiler-canillo\/\">Canillo<\/a><br \/>\nPropiedades en alquiler en <a href=\"https:\/\/www.habitand.com\/es\/propiedades-alquiler-pas-de-la-casa\/\">Pas de la Casa<\/a><br \/>\nPropiedades en alquiler en <a href=\"https:\/\/www.habitand.com\/es\/propiedades-alquiler-sant-julia-de-loria\/\">Sant Juli\u00e0 de L\u00f2ria<\/a><\/p>\n<p>[\/show_more][\/vc_column_text][\/vc_column][\/vc_row]<\/p>\n","protected":false},"excerpt":{"rendered":"<p>Propiedades en alquiler en Andorra [vc_row][vc_column][vc_column_text]Justo en el centro de los Pirineos, Andorra es un lugar fascinante cuando se trata de encontrar el sitio perfecto para mudarse. Vivir en este peque\u00f1o Principado significa disfrutar de un alto nivel de vida, un ambiente tranquilo con aire limpio y fresco dentro de un hermoso entorno de monta\u00f1a. [&hellip;]<\/p>\n","protected":false},"author":3,"featured_media":0,"parent":0,"menu_order":0,"comment_status":"closed","ping_status":"closed","template":"page-templates\/properties-grid.php","meta":{"footnotes":""},"class_list":["post-4049","page","type-page","status-publish","hentry"],"yoast_head":"<!-- This site is optimized with the Yoast SEO plugin v27.4 - https:\/\/yoast.com\/product\/yoast-seo-wordpress\/ -->\n<title>To rent - Habitand Andorra<\/title>\n<meta name=\"robots\" content=\"index, follow, max-snippet:-1, max-image-preview:large, max-video-preview:-1\" \/>\n<link rel=\"canonical\" href=\"https:\/\/www.habitand.com\/es\/propiedades-alquiler-andorra\/\" \/>\n<meta property=\"og:locale\" content=\"es_ES\" \/>\n<meta property=\"og:type\" content=\"article\" \/>\n<meta property=\"og:title\" content=\"To rent - Habitand Andorra\" \/>\n<meta property=\"og:description\" content=\"Propiedades en alquiler en Andorra [vc_row][vc_column][vc_column_text]Justo en el centro de los Pirineos, Andorra es un lugar fascinante cuando se trata de encontrar el sitio perfecto para mudarse. Vivir en este peque\u00f1o Principado significa disfrutar de un alto nivel de vida, un ambiente tranquilo con aire limpio y fresco dentro de un hermoso entorno de monta\u00f1a. [&hellip;]\" \/>\n<meta property=\"og:url\" content=\"https:\/\/www.habitand.com\/es\/propiedades-alquiler-andorra\/\" \/>\n<meta property=\"og:site_name\" content=\"Habitand Andorra\" \/>\n<meta property=\"article:modified_time\" content=\"2017-02-23T15:47:09+00:00\" \/>\n<meta name=\"twitter:card\" content=\"summary_large_image\" \/>\n<meta name=\"twitter:label1\" content=\"Tiempo de lectura\" \/>\n\t<meta name=\"twitter:data1\" content=\"3 minutos\" \/>\n<script type=\"application\/ld+json\" class=\"yoast-schema-graph\">{\"@context\":\"https:\\\/\\\/schema.org\",\"@graph\":[{\"@type\":\"WebPage\",\"@id\":\"https:\\\/\\\/www.habitand.com\\\/es\\\/propiedades-alquiler-andorra\\\/\",\"url\":\"https:\\\/\\\/www.habitand.com\\\/es\\\/propiedades-alquiler-andorra\\\/\",\"name\":\"To rent - Habitand Andorra\",\"isPartOf\":{\"@id\":\"https:\\\/\\\/www.habitand.com\\\/#website\"},\"datePublished\":\"2017-01-25T11:41:09+00:00\",\"dateModified\":\"2017-02-23T15:47:09+00:00\",\"breadcrumb\":{\"@id\":\"https:\\\/\\\/www.habitand.com\\\/es\\\/propiedades-alquiler-andorra\\\/#breadcrumb\"},\"inLanguage\":\"es\",\"potentialAction\":[{\"@type\":\"ReadAction\",\"target\":[\"https:\\\/\\\/www.habitand.com\\\/es\\\/propiedades-alquiler-andorra\\\/\"]}]},{\"@type\":\"BreadcrumbList\",\"@id\":\"https:\\\/\\\/www.habitand.com\\\/es\\\/propiedades-alquiler-andorra\\\/#breadcrumb\",\"itemListElement\":[{\"@type\":\"ListItem\",\"position\":1,\"name\":\"Home\",\"item\":\"https:\\\/\\\/www.habitand.com\\\/es\\\/\"},{\"@type\":\"ListItem\",\"position\":2,\"name\":\"To rent\"}]},{\"@type\":\"WebSite\",\"@id\":\"https:\\\/\\\/www.habitand.com\\\/#website\",\"url\":\"https:\\\/\\\/www.habitand.com\\\/\",\"name\":\"Habitand Andorra\",\"description\":\"\",\"potentialAction\":[{\"@type\":\"SearchAction\",\"target\":{\"@type\":\"EntryPoint\",\"urlTemplate\":\"https:\\\/\\\/www.habitand.com\\\/?s={search_term_string}\"},\"query-input\":{\"@type\":\"PropertyValueSpecification\",\"valueRequired\":true,\"valueName\":\"search_term_string\"}}],\"inLanguage\":\"es\"}]}<\/script>\n<!-- \/ Yoast SEO plugin. -->","yoast_head_json":{"title":"To rent - Habitand Andorra","robots":{"index":"index","follow":"follow","max-snippet":"max-snippet:-1","max-image-preview":"max-image-preview:large","max-video-preview":"max-video-preview:-1"},"canonical":"https:\/\/www.habitand.com\/es\/propiedades-alquiler-andorra\/","og_locale":"es_ES","og_type":"article","og_title":"To rent - Habitand Andorra","og_description":"Propiedades en alquiler en Andorra [vc_row][vc_column][vc_column_text]Justo en el centro de los Pirineos, Andorra es un lugar fascinante cuando se trata de encontrar el sitio perfecto para mudarse. Vivir en este peque\u00f1o Principado significa disfrutar de un alto nivel de vida, un ambiente tranquilo con aire limpio y fresco dentro de un hermoso entorno de monta\u00f1a. [&hellip;]","og_url":"https:\/\/www.habitand.com\/es\/propiedades-alquiler-andorra\/","og_site_name":"Habitand Andorra","article_modified_time":"2017-02-23T15:47:09+00:00","twitter_card":"summary_large_image","twitter_misc":{"Tiempo de lectura":"3 minutos"},"schema":{"@context":"https:\/\/schema.org","@graph":[{"@type":"WebPage","@id":"https:\/\/www.habitand.com\/es\/propiedades-alquiler-andorra\/","url":"https:\/\/www.habitand.com\/es\/propiedades-alquiler-andorra\/","name":"To rent - Habitand Andorra","isPartOf":{"@id":"https:\/\/www.habitand.com\/#website"},"datePublished":"2017-01-25T11:41:09+00:00","dateModified":"2017-02-23T15:47:09+00:00","breadcrumb":{"@id":"https:\/\/www.habitand.com\/es\/propiedades-alquiler-andorra\/#breadcrumb"},"inLanguage":"es","potentialAction":[{"@type":"ReadAction","target":["https:\/\/www.habitand.com\/es\/propiedades-alquiler-andorra\/"]}]},{"@type":"BreadcrumbList","@id":"https:\/\/www.habitand.com\/es\/propiedades-alquiler-andorra\/#breadcrumb","itemListElement":[{"@type":"ListItem","position":1,"name":"Home","item":"https:\/\/www.habitand.com\/es\/"},{"@type":"ListItem","position":2,"name":"To rent"}]},{"@type":"WebSite","@id":"https:\/\/www.habitand.com\/#website","url":"https:\/\/www.habitand.com\/","name":"Habitand Andorra","description":"","potentialAction":[{"@type":"SearchAction","target":{"@type":"EntryPoint","urlTemplate":"https:\/\/www.habitand.com\/?s={search_term_string}"},"query-input":{"@type":"PropertyValueSpecification","valueRequired":true,"valueName":"search_term_string"}}],"inLanguage":"es"}]}},"_links":{"self":[{"href":"https:\/\/www.habitand.com\/es\/wp-json\/wp\/v2\/pages\/4049","targetHints":{"allow":["GET"]}}],"collection":[{"href":"https:\/\/www.habitand.com\/es\/wp-json\/wp\/v2\/pages"}],"about":[{"href":"https:\/\/www.habitand.com\/es\/wp-json\/wp\/v2\/types\/page"}],"author":[{"embeddable":true,"href":"https:\/\/www.habitand.com\/es\/wp-json\/wp\/v2\/users\/3"}],"replies":[{"embeddable":true,"href":"https:\/\/www.habitand.com\/es\/wp-json\/wp\/v2\/comments?post=4049"}],"version-history":[{"count":4,"href":"https:\/\/www.habitand.com\/es\/wp-json\/wp\/v2\/pages\/4049\/revisions"}],"predecessor-version":[{"id":4110,"href":"https:\/\/www.habitand.com\/es\/wp-json\/wp\/v2\/pages\/4049\/revisions\/4110"}],"wp:attachment":[{"href":"https:\/\/www.habitand.com\/es\/wp-json\/wp\/v2\/media?parent=4049"}],"curies":[{"name":"wp","href":"https:\/\/api.w.org\/{rel}","templated":true}]}}