{"id":4035,"date":"2017-01-20T17:46:10","date_gmt":"2017-01-20T17:46:10","guid":{"rendered":"https:\/\/www.habitand.com\/es\/?page_id=4035"},"modified":"2017-01-25T10:17:51","modified_gmt":"2017-01-25T10:17:51","slug":"esqui-en-andorra","status":"publish","type":"page","link":"https:\/\/www.habitand.com\/es\/esqui-en-andorra\/","title":{"rendered":"Esqu\u00ed en Andorra"},"content":{"rendered":"<p>[vc_row][vc_column][vc_custom_heading source=\u00bbpost_title\u00bb font_container=\u00bbtag:h1|text_align:left\u00bb use_theme_fonts=\u00bbyes\u00bb][vc_column_text]<br \/>\nAndorra est\u00e1 inmejorablemente situado en los Pirineos, justo entre Espa\u00f1a y Francia. Durante las dos \u00faltimas d\u00e9cadas, el pa\u00eds ha disfrutado de una notable inversi\u00f3n en sus instalaciones deportivas al aire libre. El entorno monta\u00f1oso presenta condiciones perfectas para el esqu\u00ed y otras actividades deportivas de invierno. Por lo tanto, la demanda de propiedades cerca de las estaciones de esqu\u00ed ha ido aumentando constantemente en los \u00faltimos a\u00f1os.<br \/>\n<P>&nbsp;<br \/>\n<H2>Instalaciones para esquiar en Andorra<\/H2><br \/>\nLas estaciones de esqu\u00ed del Principado han sido gradualmente reacondicionadas y ahora se encuentran a la par de otros competidores europeos. Adem\u00e1s, la mayor cantidad de telesqu\u00eds en el mundo entero y nieve garantizada hacen de Andorra un destino atractivo para los amantes del deporte de invierno. Las pistas tienen acceso de esqu\u00ed durante toda la temporada de invierno. Adem\u00e1s, los parques de nieve o actividades para los ni\u00f1os hacen de este destino de invierno un lugar agradable para todas las edades.<\/p>\n<p>Los dos principales lugares para esquiar son: Grandvalira y Vallnord.<\/p>\n<p>Grandvalira es una de las mayores zonas de esqu\u00ed del sur de Europa con algunos de los telef\u00e9ricos m\u00e1s modernos del mundo. Se encuentra en pleno centro del Principado e incluye centros tur\u00edsticos como Soldeu y Pas de la Casa. Grandvalira organiz\u00f3 varias Copas del Mundo de carreras de esqu\u00ed. Cuenta con m\u00e1s de 210 kil\u00f3metros en diferentes zonas como Encamp, Canillo, El Tarter, Soldeu, Grau Roig o Pas de la Casa.<\/p>\n<p>Por otro lado, Vallnord incluye Pal Arinsal y Arcalis. Con 67 pistas, ha sido galardonada por segunda vez en el a\u00f1o 2014 como \u00abla mejor estaci\u00f3n de esqu\u00ed de Andorra\u00bb. Las zonas de esqu\u00ed ofrecen una infraestructura moderna con servicios como puntos de acceso Wi-Fi. Adem\u00e1s, el \u00e1rea orientada a las familias cuenta con numerosas actividades adem\u00e1s del esqu\u00ed. Una gran variedad de deportes de invierno, restaurantes y vida nocturna hacen de Andorra un destino de esqu\u00ed atractivo para vivir.<\/p>\n<p><P>&nbsp;<br \/>\n<H2>Propiedades, Bienes Ra\u00edces y Esqu\u00ed<\/H2><br \/>\nLas propiedades en venta y alquiler cerca de Grandvalira y Vallnord incluyen chalets de esqu\u00ed r\u00fasticos y modernos o \u00e1ticos con impresionantes vistas panor\u00e1micas del valle. Las chimeneas acogedoras proporcionan el ambiente perfecto despu\u00e9s de un movido d\u00eda de esqu\u00ed. Por lo tanto, la demanda de las propiedades en venta o alquiler en Andorra aumentan de manera constante.<\/p>\n<p>Si tambi\u00e9n est\u00e1 interesado en vivir en Andorra, use Habitand para explorar las propiedades cerca de las instalaciones de esqu\u00ed.<\/p>\n<p>[\/vc_column_text][\/vc_column][\/vc_row][vc_row][vc_column][\/vc_column][\/vc_row]<\/p>\n","protected":false},"excerpt":{"rendered":"<p>[vc_row][vc_column][vc_custom_heading source=\u00bbpost_title\u00bb font_container=\u00bbtag:h1|text_align:left\u00bb use_theme_fonts=\u00bbyes\u00bb][vc_column_text] Andorra est\u00e1 inmejorablemente situado en los Pirineos, justo entre Espa\u00f1a y Francia. Durante las dos \u00faltimas d\u00e9cadas, el pa\u00eds ha disfrutado de una notable inversi\u00f3n en sus instalaciones deportivas al aire libre. El entorno monta\u00f1oso presenta condiciones perfectas para el esqu\u00ed y otras actividades deportivas de invierno. Por lo tanto, la [&hellip;]<\/p>\n","protected":false},"author":3,"featured_media":0,"parent":0,"menu_order":0,"comment_status":"closed","ping_status":"closed","template":"","meta":{"footnotes":""},"class_list":["post-4035","page","type-page","status-publish","hentry"],"yoast_head":"<!-- This site is optimized with the Yoast SEO plugin v27.4 - https:\/\/yoast.com\/product\/yoast-seo-wordpress\/ -->\n<title>Esqu\u00ed en Andorra - Habitand Andorra<\/title>\n<meta name=\"robots\" content=\"index, follow, max-snippet:-1, max-image-preview:large, max-video-preview:-1\" \/>\n<link rel=\"canonical\" href=\"https:\/\/www.habitand.com\/es\/esqui-en-andorra\/\" \/>\n<meta property=\"og:locale\" content=\"es_ES\" \/>\n<meta property=\"og:type\" content=\"article\" \/>\n<meta property=\"og:title\" content=\"Esqu\u00ed en Andorra - Habitand Andorra\" \/>\n<meta property=\"og:description\" content=\"[vc_row][vc_column][vc_custom_heading source=\u00bbpost_title\u00bb font_container=\u00bbtag:h1|text_align:left\u00bb use_theme_fonts=\u00bbyes\u00bb][vc_column_text] Andorra est\u00e1 inmejorablemente situado en los Pirineos, justo entre Espa\u00f1a y Francia. Durante las dos \u00faltimas d\u00e9cadas, el pa\u00eds ha disfrutado de una notable inversi\u00f3n en sus instalaciones deportivas al aire libre. El entorno monta\u00f1oso presenta condiciones perfectas para el esqu\u00ed y otras actividades deportivas de invierno. Por lo tanto, la [&hellip;]\" \/>\n<meta property=\"og:url\" content=\"https:\/\/www.habitand.com\/es\/esqui-en-andorra\/\" \/>\n<meta property=\"og:site_name\" content=\"Habitand Andorra\" \/>\n<meta property=\"article:modified_time\" content=\"2017-01-25T10:17:51+00:00\" \/>\n<meta name=\"twitter:card\" content=\"summary_large_image\" \/>\n<meta name=\"twitter:label1\" content=\"Tiempo de lectura\" \/>\n\t<meta name=\"twitter:data1\" content=\"2 minutos\" \/>\n<script type=\"application\/ld+json\" class=\"yoast-schema-graph\">{\"@context\":\"https:\\\/\\\/schema.org\",\"@graph\":[{\"@type\":\"WebPage\",\"@id\":\"https:\\\/\\\/www.habitand.com\\\/es\\\/esqui-en-andorra\\\/\",\"url\":\"https:\\\/\\\/www.habitand.com\\\/es\\\/esqui-en-andorra\\\/\",\"name\":\"Esqu\u00ed en Andorra - Habitand Andorra\",\"isPartOf\":{\"@id\":\"https:\\\/\\\/www.habitand.com\\\/#website\"},\"datePublished\":\"2017-01-20T17:46:10+00:00\",\"dateModified\":\"2017-01-25T10:17:51+00:00\",\"breadcrumb\":{\"@id\":\"https:\\\/\\\/www.habitand.com\\\/es\\\/esqui-en-andorra\\\/#breadcrumb\"},\"inLanguage\":\"es\",\"potentialAction\":[{\"@type\":\"ReadAction\",\"target\":[\"https:\\\/\\\/www.habitand.com\\\/es\\\/esqui-en-andorra\\\/\"]}]},{\"@type\":\"BreadcrumbList\",\"@id\":\"https:\\\/\\\/www.habitand.com\\\/es\\\/esqui-en-andorra\\\/#breadcrumb\",\"itemListElement\":[{\"@type\":\"ListItem\",\"position\":1,\"name\":\"Home\",\"item\":\"https:\\\/\\\/www.habitand.com\\\/es\\\/\"},{\"@type\":\"ListItem\",\"position\":2,\"name\":\"Esqu\u00ed en Andorra\"}]},{\"@type\":\"WebSite\",\"@id\":\"https:\\\/\\\/www.habitand.com\\\/#website\",\"url\":\"https:\\\/\\\/www.habitand.com\\\/\",\"name\":\"Habitand Andorra\",\"description\":\"\",\"potentialAction\":[{\"@type\":\"SearchAction\",\"target\":{\"@type\":\"EntryPoint\",\"urlTemplate\":\"https:\\\/\\\/www.habitand.com\\\/?s={search_term_string}\"},\"query-input\":{\"@type\":\"PropertyValueSpecification\",\"valueRequired\":true,\"valueName\":\"search_term_string\"}}],\"inLanguage\":\"es\"}]}<\/script>\n<!-- \/ Yoast SEO plugin. -->","yoast_head_json":{"title":"Esqu\u00ed en Andorra - Habitand Andorra","robots":{"index":"index","follow":"follow","max-snippet":"max-snippet:-1","max-image-preview":"max-image-preview:large","max-video-preview":"max-video-preview:-1"},"canonical":"https:\/\/www.habitand.com\/es\/esqui-en-andorra\/","og_locale":"es_ES","og_type":"article","og_title":"Esqu\u00ed en Andorra - Habitand Andorra","og_description":"[vc_row][vc_column][vc_custom_heading source=\u00bbpost_title\u00bb font_container=\u00bbtag:h1|text_align:left\u00bb use_theme_fonts=\u00bbyes\u00bb][vc_column_text] Andorra est\u00e1 inmejorablemente situado en los Pirineos, justo entre Espa\u00f1a y Francia. Durante las dos \u00faltimas d\u00e9cadas, el pa\u00eds ha disfrutado de una notable inversi\u00f3n en sus instalaciones deportivas al aire libre. El entorno monta\u00f1oso presenta condiciones perfectas para el esqu\u00ed y otras actividades deportivas de invierno. Por lo tanto, la [&hellip;]","og_url":"https:\/\/www.habitand.com\/es\/esqui-en-andorra\/","og_site_name":"Habitand Andorra","article_modified_time":"2017-01-25T10:17:51+00:00","twitter_card":"summary_large_image","twitter_misc":{"Tiempo de lectura":"2 minutos"},"schema":{"@context":"https:\/\/schema.org","@graph":[{"@type":"WebPage","@id":"https:\/\/www.habitand.com\/es\/esqui-en-andorra\/","url":"https:\/\/www.habitand.com\/es\/esqui-en-andorra\/","name":"Esqu\u00ed en Andorra - Habitand Andorra","isPartOf":{"@id":"https:\/\/www.habitand.com\/#website"},"datePublished":"2017-01-20T17:46:10+00:00","dateModified":"2017-01-25T10:17:51+00:00","breadcrumb":{"@id":"https:\/\/www.habitand.com\/es\/esqui-en-andorra\/#breadcrumb"},"inLanguage":"es","potentialAction":[{"@type":"ReadAction","target":["https:\/\/www.habitand.com\/es\/esqui-en-andorra\/"]}]},{"@type":"BreadcrumbList","@id":"https:\/\/www.habitand.com\/es\/esqui-en-andorra\/#breadcrumb","itemListElement":[{"@type":"ListItem","position":1,"name":"Home","item":"https:\/\/www.habitand.com\/es\/"},{"@type":"ListItem","position":2,"name":"Esqu\u00ed en Andorra"}]},{"@type":"WebSite","@id":"https:\/\/www.habitand.com\/#website","url":"https:\/\/www.habitand.com\/","name":"Habitand Andorra","description":"","potentialAction":[{"@type":"SearchAction","target":{"@type":"EntryPoint","urlTemplate":"https:\/\/www.habitand.com\/?s={search_term_string}"},"query-input":{"@type":"PropertyValueSpecification","valueRequired":true,"valueName":"search_term_string"}}],"inLanguage":"es"}]}},"_links":{"self":[{"href":"https:\/\/www.habitand.com\/es\/wp-json\/wp\/v2\/pages\/4035","targetHints":{"allow":["GET"]}}],"collection":[{"href":"https:\/\/www.habitand.com\/es\/wp-json\/wp\/v2\/pages"}],"about":[{"href":"https:\/\/www.habitand.com\/es\/wp-json\/wp\/v2\/types\/page"}],"author":[{"embeddable":true,"href":"https:\/\/www.habitand.com\/es\/wp-json\/wp\/v2\/users\/3"}],"replies":[{"embeddable":true,"href":"https:\/\/www.habitand.com\/es\/wp-json\/wp\/v2\/comments?post=4035"}],"version-history":[{"count":2,"href":"https:\/\/www.habitand.com\/es\/wp-json\/wp\/v2\/pages\/4035\/revisions"}],"predecessor-version":[{"id":4040,"href":"https:\/\/www.habitand.com\/es\/wp-json\/wp\/v2\/pages\/4035\/revisions\/4040"}],"wp:attachment":[{"href":"https:\/\/www.habitand.com\/es\/wp-json\/wp\/v2\/media?parent=4035"}],"curies":[{"name":"wp","href":"https:\/\/api.w.org\/{rel}","templated":true}]}}