{"id":4022,"date":"2017-01-17T16:01:51","date_gmt":"2017-01-17T16:01:51","guid":{"rendered":"https:\/\/www.habitand.com\/es\/?page_id=4022"},"modified":"2017-01-20T11:25:26","modified_gmt":"2017-01-20T11:25:26","slug":"bienes-raices-jubilacion-andorra","status":"publish","type":"page","link":"https:\/\/www.habitand.com\/es\/bienes-raices-jubilacion-andorra\/","title":{"rendered":"Bienes ra\u00edces y jubilaci\u00f3n en Andorra"},"content":{"rendered":"<p>[vc_row][vc_column][vc_custom_heading source=\u00bbpost_title\u00bb font_container=\u00bbtag:h1|text_align:left\u00bb use_theme_fonts=\u00bbyes\u00bb][vc_column_text]Despu\u00e9s de a\u00f1os de duro trabajo usted bien merece retirarse en uno de los lugares m\u00e1s exclusivos del mundo. Uno de los pa\u00edses m\u00e1s seguros de esta tierra &#8211; Andorra &#8211; te ofrece una gran estabilidad social y b\u00e1sicamente ning\u00fan crimen. Instalarse en el extranjero y elegir entre una gran variedad de chalets y casas en alquiler o venta. Debido a su alto nivel de vida, estabilidad pol\u00edtica y costo de la vida moderado, Andorra es ideal para muchos jubilados. El saludable clima contribuye a que posea una de la m\u00e1s alta esperanza de vida en todo el mundo.<br \/>\n<P>&nbsp;<br \/>\n<H2>Mudarse a Andorra en la jubilaci\u00f3n<\/H2><br \/>\nAndorra consta de siete parroquias: Andorra La Vella, Escaldes-Engordany, La Massana, Ordino, Canillo, Encamp y Sant Juli\u00e0 de L\u00f2ria.<\/p>\n<p>Al trasladarse a Andorra tambi\u00e9n podr\u00e1 disfrutar de un excelente sistema m\u00e9dico considerado alto a nivel global. Adem\u00e1s, muchos jubilados disfrutan del beneficio que no existan impuestos sobre herencia y riqueza. El gobierno de Andorra ha cambiado la ley para las personas con m\u00faltiples lugares de residencia, haciendo la vida aqu\u00ed m\u00e1s atractiva.<\/p>\n<p>A partir de ahora las personas que invierten en Andorra s\u00f3lo tendr\u00e1n que pasar un total de 90 d\u00edas al a\u00f1o dentro del pa\u00eds. En comparaci\u00f3n con los seis meses que se requer\u00edan antes, esto invita no s\u00f3lo para las personas que desean mudarse aqu\u00ed, sino tambi\u00e9n para los turistas de larga estancia haci\u00e9ndola una atractiva opci\u00f3n. Otra nueva ley ha establecido las mismas reglas de propiedad para todos los propietarios de bienes ra\u00edces dentro del pa\u00eds.<br \/>\n<P>&nbsp;<br \/>\n<H2>Los beneficios de vivir en Andorra<\/H2><br \/>\nAndorra es un fant\u00e1stico lugar con atractivo cultural en el centro de Europa. Aqu\u00ed los jubilados encontrar\u00e1n un estilo de vida libre de estr\u00e9s, hermosos paisajes y aire fresco libre de contaminaci\u00f3n. El clima constante y relativamente c\u00e1lido durante todo el a\u00f1o hace que la vida sea a\u00fan m\u00e1s agradable. Las personas en Andorra disfrutan m\u00e1s de 300 d\u00edas de sol al a\u00f1o. Adem\u00e1s, algunas de las playas m\u00e1s hermosas de Europa est\u00e1n a tan s\u00f3lo 2,5 horas en coche.<\/p>\n<p>Andorra ofrece una gran oportunidad para todos los jubilados que quieran disfrutar de su mejor momento de vida en un pa\u00eds c\u00f3modo y saludable. Si est\u00e1 buscando un lugar para reubicarse permanentemente o una casa para disfrutar los meses de invierno o verano, Andorra es la mejor elecci\u00f3n.<\/p>\n<p>Use Habitand para explorar propiedades para su jubilaci\u00f3n en Andorra.<br \/>\n[\/vc_column_text][\/vc_column][\/vc_row][vc_row][vc_column][\/vc_column][\/vc_row]<\/p>\n","protected":false},"excerpt":{"rendered":"<p>[vc_row][vc_column][vc_custom_heading source=\u00bbpost_title\u00bb font_container=\u00bbtag:h1|text_align:left\u00bb use_theme_fonts=\u00bbyes\u00bb][vc_column_text]Despu\u00e9s de a\u00f1os de duro trabajo usted bien merece retirarse en uno de los lugares m\u00e1s exclusivos del mundo. Uno de los pa\u00edses m\u00e1s seguros de esta tierra &#8211; Andorra &#8211; te ofrece una gran estabilidad social y b\u00e1sicamente ning\u00fan crimen. Instalarse en el extranjero y elegir entre una gran variedad de [&hellip;]<\/p>\n","protected":false},"author":3,"featured_media":0,"parent":0,"menu_order":0,"comment_status":"closed","ping_status":"closed","template":"","meta":{"footnotes":""},"class_list":["post-4022","page","type-page","status-publish","hentry"],"yoast_head":"<!-- This site is optimized with the Yoast SEO plugin v27.4 - https:\/\/yoast.com\/product\/yoast-seo-wordpress\/ -->\n<title>Bienes ra\u00edces y jubilaci\u00f3n en Andorra - Habitand Andorra<\/title>\n<meta name=\"description\" content=\"Planifique su retiro en Andorra con todas las ventajas legales y fiscales que este pa\u00eds ofrece. Habitand le asesora profesionalmente para su tranquilidad.\" \/>\n<meta name=\"robots\" content=\"index, follow, max-snippet:-1, max-image-preview:large, max-video-preview:-1\" \/>\n<link rel=\"canonical\" href=\"https:\/\/www.habitand.com\/es\/bienes-raices-jubilacion-andorra\/\" \/>\n<meta property=\"og:locale\" content=\"es_ES\" \/>\n<meta property=\"og:type\" content=\"article\" \/>\n<meta property=\"og:title\" content=\"Bienes ra\u00edces y jubilaci\u00f3n en Andorra - Habitand Andorra\" \/>\n<meta property=\"og:description\" content=\"Planifique su retiro en Andorra con todas las ventajas legales y fiscales que este pa\u00eds ofrece. Habitand le asesora profesionalmente para su tranquilidad.\" \/>\n<meta property=\"og:url\" content=\"https:\/\/www.habitand.com\/es\/bienes-raices-jubilacion-andorra\/\" \/>\n<meta property=\"og:site_name\" content=\"Habitand Andorra\" \/>\n<meta property=\"article:modified_time\" content=\"2017-01-20T11:25:26+00:00\" \/>\n<meta name=\"twitter:card\" content=\"summary_large_image\" \/>\n<meta name=\"twitter:label1\" content=\"Tiempo de lectura\" \/>\n\t<meta name=\"twitter:data1\" content=\"2 minutos\" \/>\n<script type=\"application\/ld+json\" class=\"yoast-schema-graph\">{\"@context\":\"https:\\\/\\\/schema.org\",\"@graph\":[{\"@type\":\"WebPage\",\"@id\":\"https:\\\/\\\/www.habitand.com\\\/es\\\/bienes-raices-jubilacion-andorra\\\/\",\"url\":\"https:\\\/\\\/www.habitand.com\\\/es\\\/bienes-raices-jubilacion-andorra\\\/\",\"name\":\"Bienes ra\u00edces y jubilaci\u00f3n en Andorra - Habitand Andorra\",\"isPartOf\":{\"@id\":\"https:\\\/\\\/www.habitand.com\\\/#website\"},\"datePublished\":\"2017-01-17T16:01:51+00:00\",\"dateModified\":\"2017-01-20T11:25:26+00:00\",\"description\":\"Planifique su retiro en Andorra con todas las ventajas legales y fiscales que este pa\u00eds ofrece. Habitand le asesora profesionalmente para su tranquilidad.\",\"breadcrumb\":{\"@id\":\"https:\\\/\\\/www.habitand.com\\\/es\\\/bienes-raices-jubilacion-andorra\\\/#breadcrumb\"},\"inLanguage\":\"es\",\"potentialAction\":[{\"@type\":\"ReadAction\",\"target\":[\"https:\\\/\\\/www.habitand.com\\\/es\\\/bienes-raices-jubilacion-andorra\\\/\"]}]},{\"@type\":\"BreadcrumbList\",\"@id\":\"https:\\\/\\\/www.habitand.com\\\/es\\\/bienes-raices-jubilacion-andorra\\\/#breadcrumb\",\"itemListElement\":[{\"@type\":\"ListItem\",\"position\":1,\"name\":\"Home\",\"item\":\"https:\\\/\\\/www.habitand.com\\\/es\\\/\"},{\"@type\":\"ListItem\",\"position\":2,\"name\":\"Bienes ra\u00edces y jubilaci\u00f3n en Andorra\"}]},{\"@type\":\"WebSite\",\"@id\":\"https:\\\/\\\/www.habitand.com\\\/#website\",\"url\":\"https:\\\/\\\/www.habitand.com\\\/\",\"name\":\"Habitand Andorra\",\"description\":\"\",\"potentialAction\":[{\"@type\":\"SearchAction\",\"target\":{\"@type\":\"EntryPoint\",\"urlTemplate\":\"https:\\\/\\\/www.habitand.com\\\/?s={search_term_string}\"},\"query-input\":{\"@type\":\"PropertyValueSpecification\",\"valueRequired\":true,\"valueName\":\"search_term_string\"}}],\"inLanguage\":\"es\"}]}<\/script>\n<!-- \/ Yoast SEO plugin. -->","yoast_head_json":{"title":"Bienes ra\u00edces y jubilaci\u00f3n en Andorra - Habitand Andorra","description":"Planifique su retiro en Andorra con todas las ventajas legales y fiscales que este pa\u00eds ofrece. Habitand le asesora profesionalmente para su tranquilidad.","robots":{"index":"index","follow":"follow","max-snippet":"max-snippet:-1","max-image-preview":"max-image-preview:large","max-video-preview":"max-video-preview:-1"},"canonical":"https:\/\/www.habitand.com\/es\/bienes-raices-jubilacion-andorra\/","og_locale":"es_ES","og_type":"article","og_title":"Bienes ra\u00edces y jubilaci\u00f3n en Andorra - Habitand Andorra","og_description":"Planifique su retiro en Andorra con todas las ventajas legales y fiscales que este pa\u00eds ofrece. Habitand le asesora profesionalmente para su tranquilidad.","og_url":"https:\/\/www.habitand.com\/es\/bienes-raices-jubilacion-andorra\/","og_site_name":"Habitand Andorra","article_modified_time":"2017-01-20T11:25:26+00:00","twitter_card":"summary_large_image","twitter_misc":{"Tiempo de lectura":"2 minutos"},"schema":{"@context":"https:\/\/schema.org","@graph":[{"@type":"WebPage","@id":"https:\/\/www.habitand.com\/es\/bienes-raices-jubilacion-andorra\/","url":"https:\/\/www.habitand.com\/es\/bienes-raices-jubilacion-andorra\/","name":"Bienes ra\u00edces y jubilaci\u00f3n en Andorra - Habitand Andorra","isPartOf":{"@id":"https:\/\/www.habitand.com\/#website"},"datePublished":"2017-01-17T16:01:51+00:00","dateModified":"2017-01-20T11:25:26+00:00","description":"Planifique su retiro en Andorra con todas las ventajas legales y fiscales que este pa\u00eds ofrece. Habitand le asesora profesionalmente para su tranquilidad.","breadcrumb":{"@id":"https:\/\/www.habitand.com\/es\/bienes-raices-jubilacion-andorra\/#breadcrumb"},"inLanguage":"es","potentialAction":[{"@type":"ReadAction","target":["https:\/\/www.habitand.com\/es\/bienes-raices-jubilacion-andorra\/"]}]},{"@type":"BreadcrumbList","@id":"https:\/\/www.habitand.com\/es\/bienes-raices-jubilacion-andorra\/#breadcrumb","itemListElement":[{"@type":"ListItem","position":1,"name":"Home","item":"https:\/\/www.habitand.com\/es\/"},{"@type":"ListItem","position":2,"name":"Bienes ra\u00edces y jubilaci\u00f3n en Andorra"}]},{"@type":"WebSite","@id":"https:\/\/www.habitand.com\/#website","url":"https:\/\/www.habitand.com\/","name":"Habitand Andorra","description":"","potentialAction":[{"@type":"SearchAction","target":{"@type":"EntryPoint","urlTemplate":"https:\/\/www.habitand.com\/?s={search_term_string}"},"query-input":{"@type":"PropertyValueSpecification","valueRequired":true,"valueName":"search_term_string"}}],"inLanguage":"es"}]}},"_links":{"self":[{"href":"https:\/\/www.habitand.com\/es\/wp-json\/wp\/v2\/pages\/4022","targetHints":{"allow":["GET"]}}],"collection":[{"href":"https:\/\/www.habitand.com\/es\/wp-json\/wp\/v2\/pages"}],"about":[{"href":"https:\/\/www.habitand.com\/es\/wp-json\/wp\/v2\/types\/page"}],"author":[{"embeddable":true,"href":"https:\/\/www.habitand.com\/es\/wp-json\/wp\/v2\/users\/3"}],"replies":[{"embeddable":true,"href":"https:\/\/www.habitand.com\/es\/wp-json\/wp\/v2\/comments?post=4022"}],"version-history":[{"count":5,"href":"https:\/\/www.habitand.com\/es\/wp-json\/wp\/v2\/pages\/4022\/revisions"}],"predecessor-version":[{"id":4031,"href":"https:\/\/www.habitand.com\/es\/wp-json\/wp\/v2\/pages\/4022\/revisions\/4031"}],"wp:attachment":[{"href":"https:\/\/www.habitand.com\/es\/wp-json\/wp\/v2\/media?parent=4022"}],"curies":[{"name":"wp","href":"https:\/\/api.w.org\/{rel}","templated":true}]}}