{"id":4011,"date":"2017-01-16T14:35:53","date_gmt":"2017-01-16T14:35:53","guid":{"rendered":"https:\/\/www.habitand.com\/es\/?page_id=4011"},"modified":"2017-02-08T15:11:39","modified_gmt":"2017-02-08T15:11:39","slug":"propiedades-alquiler-ordino","status":"publish","type":"page","link":"https:\/\/www.habitand.com\/es\/propiedades-alquiler-ordino\/","title":{"rendered":"Propiedades en alquiler en Ordino"},"content":{"rendered":"<p>[vc_row][vc_column][vc_column_text]<\/p>\n<h1>Propiedades en alquiler en Ordino<\/h1>\n<p>El noroeste\u00a0de Andorra tambi\u00e9n ofrece las mejores opciones para disfrutar de un nivel de vida alto. Tener una propiedad en alquiler en Ordino le har\u00e1 sentir tranquilo y c\u00f3modo cada d\u00eda. Rodeada de impresionantes bosques y magn\u00edficos paisajes, esta parroquia se encuentra a unos 1380 metros de altitud. Sin embargo, no s\u00f3lo ofrece magn\u00edficas vistas panor\u00e1micas, sino tambi\u00e9n una rica historia retratada en sus monumentos y prestigiosos museos.<br \/>\n[\/vc_column_text][\/vc_column][\/vc_row][vc_row][vc_column][vc_column_text]<br \/>\n[show_more more=\u00bbleer m\u00e1s&#8230;\u00bb less=\u00bbcerrar\u00bb color=\u00bb#0dbae8&#8243; list=\u00bb\u00bb\u00bb]<\/p>\n<h2>\u00bfQu\u00e9 considerar al buscar una propiedad en alquiler en Ordino?<\/h2>\n<p>\u00bfEst\u00e1 interesado en alquilar una propiedad en un importante destino tur\u00edstico con un patrimonio hist\u00f3rico asombroso? Entonces alquilar una casa, piso o \u00e1tico en Ordino podr\u00eda ser la elecci\u00f3n correcta. La arquitectura rom\u00e1nica y los monumentos antiguos, as\u00ed como los hermosos alrededores monta\u00f1osos atraen visitantes de todo el mundo a esta interesante parroquia.<\/p>\n<h2>1. \u00bfPor qu\u00e9 alquilar una propiedad en Ordino?<\/h2>\n<p>Una combinaci\u00f3n de magn\u00edfica naturaleza y rica arquitectura hacen de Ordino un excelente lugar para relajarse mientras disfruta de una gran variedad de actividades de ocio, aire limpio as\u00ed como vecindarios tranquilos y seguros.<\/p>\n<h2>2. \u00bfQu\u00e9 hacer en Ordino?<\/h2>\n<p>En Ordino tienes la oportunidad de escoger entre las innumerables actividades tanto dentro como al aire libre. Visite uno de los museos, el Museo Casa de Areny-Plandolit, el Museo Iconogr\u00e1fico y del Cristianismo en Sant Jordi, el Museo de Miniaturas Nicolai Siadristy o el Museo Postal. El Museo Muela y Aserradero de Cal Pal y el Centro de Naturaleza de La Cortinada tambi\u00e9n ofrecen tours y actividades que podr\u00e1 disfrutar. Adem\u00e1s, tambi\u00e9n puede programar una visita a Vallnord &#8211; el primer Parque de Monta\u00f1a de los Pirineos.<\/p>\n<h2>3. Nivel de vida en Ordino<\/h2>\n<p>Si quiere vivir en un lugar con altos est\u00e1ndares de vida, entonces definitivamente debe considerar Ordino. Una parroquia rica en tradici\u00f3n que le ofrece una naturaleza magn\u00edfica y una vida rural pac\u00edfica. Por otra parte, Ordino combina la vida tradicional con la contempor\u00e1nea, lo que hace de esta parroquia un lugar que vale la pena considerar cuando se busca un nuevo hogar.<\/p>\n<p>Use Habitand para buscar una propiedad en alquiler en Ordino y disfrute de la m\u00e1s amplia gama de ofertas de bienes ra\u00edces en todo el Principado de Andorra.[\/show_more][\/vc_column_text][\/vc_column][\/vc_row]<\/p>\n","protected":false},"excerpt":{"rendered":"<p>[vc_row][vc_column][vc_column_text] Propiedades en alquiler en Ordino El noroeste\u00a0de Andorra tambi\u00e9n ofrece las mejores opciones para disfrutar de un nivel de vida alto. Tener una propiedad en alquiler en Ordino le har\u00e1 sentir tranquilo y c\u00f3modo cada d\u00eda. Rodeada de impresionantes bosques y magn\u00edficos paisajes, esta parroquia se encuentra a unos 1380 metros de altitud. Sin [&hellip;]<\/p>\n","protected":false},"author":3,"featured_media":0,"parent":0,"menu_order":0,"comment_status":"closed","ping_status":"closed","template":"page-templates\/properties-list.php","meta":{"footnotes":""},"class_list":["post-4011","page","type-page","status-publish","hentry"],"yoast_head":"<!-- This site is optimized with the Yoast SEO plugin v27.4 - https:\/\/yoast.com\/product\/yoast-seo-wordpress\/ -->\n<title>Propiedades en alquiler en Ordino - Habitand Andorra<\/title>\n<meta name=\"description\" content=\"\u00bfBuscando propiedades en alquiler en Ordino? Habitand le ofrece propiedades y bienes ra\u00edces en Andorra de varios agentes inmobiliarios.\" \/>\n<meta name=\"robots\" content=\"index, follow, max-snippet:-1, max-image-preview:large, max-video-preview:-1\" \/>\n<link rel=\"canonical\" href=\"https:\/\/www.habitand.com\/es\/propiedades-alquiler-ordino\/\" \/>\n<meta property=\"og:locale\" content=\"es_ES\" \/>\n<meta property=\"og:type\" content=\"article\" \/>\n<meta property=\"og:title\" content=\"Propiedades en alquiler en Ordino - Habitand Andorra\" \/>\n<meta property=\"og:description\" content=\"\u00bfBuscando propiedades en alquiler en Ordino? Habitand le ofrece propiedades y bienes ra\u00edces en Andorra de varios agentes inmobiliarios.\" \/>\n<meta property=\"og:url\" content=\"https:\/\/www.habitand.com\/es\/propiedades-alquiler-ordino\/\" \/>\n<meta property=\"og:site_name\" content=\"Habitand Andorra\" \/>\n<meta property=\"article:modified_time\" content=\"2017-02-08T15:11:39+00:00\" \/>\n<meta name=\"twitter:card\" content=\"summary_large_image\" \/>\n<meta name=\"twitter:label1\" content=\"Tiempo de lectura\" \/>\n\t<meta name=\"twitter:data1\" content=\"2 minutos\" \/>\n<script type=\"application\/ld+json\" class=\"yoast-schema-graph\">{\"@context\":\"https:\\\/\\\/schema.org\",\"@graph\":[{\"@type\":\"WebPage\",\"@id\":\"https:\\\/\\\/www.habitand.com\\\/es\\\/propiedades-alquiler-ordino\\\/\",\"url\":\"https:\\\/\\\/www.habitand.com\\\/es\\\/propiedades-alquiler-ordino\\\/\",\"name\":\"Propiedades en alquiler en Ordino - Habitand Andorra\",\"isPartOf\":{\"@id\":\"https:\\\/\\\/www.habitand.com\\\/#website\"},\"datePublished\":\"2017-01-16T14:35:53+00:00\",\"dateModified\":\"2017-02-08T15:11:39+00:00\",\"description\":\"\u00bfBuscando propiedades en alquiler en Ordino? Habitand le ofrece propiedades y bienes ra\u00edces en Andorra de varios agentes inmobiliarios.\",\"breadcrumb\":{\"@id\":\"https:\\\/\\\/www.habitand.com\\\/es\\\/propiedades-alquiler-ordino\\\/#breadcrumb\"},\"inLanguage\":\"es\",\"potentialAction\":[{\"@type\":\"ReadAction\",\"target\":[\"https:\\\/\\\/www.habitand.com\\\/es\\\/propiedades-alquiler-ordino\\\/\"]}]},{\"@type\":\"BreadcrumbList\",\"@id\":\"https:\\\/\\\/www.habitand.com\\\/es\\\/propiedades-alquiler-ordino\\\/#breadcrumb\",\"itemListElement\":[{\"@type\":\"ListItem\",\"position\":1,\"name\":\"Home\",\"item\":\"https:\\\/\\\/www.habitand.com\\\/es\\\/\"},{\"@type\":\"ListItem\",\"position\":2,\"name\":\"Propiedades en alquiler en Ordino\"}]},{\"@type\":\"WebSite\",\"@id\":\"https:\\\/\\\/www.habitand.com\\\/#website\",\"url\":\"https:\\\/\\\/www.habitand.com\\\/\",\"name\":\"Habitand Andorra\",\"description\":\"\",\"potentialAction\":[{\"@type\":\"SearchAction\",\"target\":{\"@type\":\"EntryPoint\",\"urlTemplate\":\"https:\\\/\\\/www.habitand.com\\\/?s={search_term_string}\"},\"query-input\":{\"@type\":\"PropertyValueSpecification\",\"valueRequired\":true,\"valueName\":\"search_term_string\"}}],\"inLanguage\":\"es\"}]}<\/script>\n<!-- \/ Yoast SEO plugin. -->","yoast_head_json":{"title":"Propiedades en alquiler en Ordino - Habitand Andorra","description":"\u00bfBuscando propiedades en alquiler en Ordino? Habitand le ofrece propiedades y bienes ra\u00edces en Andorra de varios agentes inmobiliarios.","robots":{"index":"index","follow":"follow","max-snippet":"max-snippet:-1","max-image-preview":"max-image-preview:large","max-video-preview":"max-video-preview:-1"},"canonical":"https:\/\/www.habitand.com\/es\/propiedades-alquiler-ordino\/","og_locale":"es_ES","og_type":"article","og_title":"Propiedades en alquiler en Ordino - Habitand Andorra","og_description":"\u00bfBuscando propiedades en alquiler en Ordino? Habitand le ofrece propiedades y bienes ra\u00edces en Andorra de varios agentes inmobiliarios.","og_url":"https:\/\/www.habitand.com\/es\/propiedades-alquiler-ordino\/","og_site_name":"Habitand Andorra","article_modified_time":"2017-02-08T15:11:39+00:00","twitter_card":"summary_large_image","twitter_misc":{"Tiempo de lectura":"2 minutos"},"schema":{"@context":"https:\/\/schema.org","@graph":[{"@type":"WebPage","@id":"https:\/\/www.habitand.com\/es\/propiedades-alquiler-ordino\/","url":"https:\/\/www.habitand.com\/es\/propiedades-alquiler-ordino\/","name":"Propiedades en alquiler en Ordino - Habitand Andorra","isPartOf":{"@id":"https:\/\/www.habitand.com\/#website"},"datePublished":"2017-01-16T14:35:53+00:00","dateModified":"2017-02-08T15:11:39+00:00","description":"\u00bfBuscando propiedades en alquiler en Ordino? Habitand le ofrece propiedades y bienes ra\u00edces en Andorra de varios agentes inmobiliarios.","breadcrumb":{"@id":"https:\/\/www.habitand.com\/es\/propiedades-alquiler-ordino\/#breadcrumb"},"inLanguage":"es","potentialAction":[{"@type":"ReadAction","target":["https:\/\/www.habitand.com\/es\/propiedades-alquiler-ordino\/"]}]},{"@type":"BreadcrumbList","@id":"https:\/\/www.habitand.com\/es\/propiedades-alquiler-ordino\/#breadcrumb","itemListElement":[{"@type":"ListItem","position":1,"name":"Home","item":"https:\/\/www.habitand.com\/es\/"},{"@type":"ListItem","position":2,"name":"Propiedades en alquiler en Ordino"}]},{"@type":"WebSite","@id":"https:\/\/www.habitand.com\/#website","url":"https:\/\/www.habitand.com\/","name":"Habitand Andorra","description":"","potentialAction":[{"@type":"SearchAction","target":{"@type":"EntryPoint","urlTemplate":"https:\/\/www.habitand.com\/?s={search_term_string}"},"query-input":{"@type":"PropertyValueSpecification","valueRequired":true,"valueName":"search_term_string"}}],"inLanguage":"es"}]}},"_links":{"self":[{"href":"https:\/\/www.habitand.com\/es\/wp-json\/wp\/v2\/pages\/4011","targetHints":{"allow":["GET"]}}],"collection":[{"href":"https:\/\/www.habitand.com\/es\/wp-json\/wp\/v2\/pages"}],"about":[{"href":"https:\/\/www.habitand.com\/es\/wp-json\/wp\/v2\/types\/page"}],"author":[{"embeddable":true,"href":"https:\/\/www.habitand.com\/es\/wp-json\/wp\/v2\/users\/3"}],"replies":[{"embeddable":true,"href":"https:\/\/www.habitand.com\/es\/wp-json\/wp\/v2\/comments?post=4011"}],"version-history":[{"count":4,"href":"https:\/\/www.habitand.com\/es\/wp-json\/wp\/v2\/pages\/4011\/revisions"}],"predecessor-version":[{"id":4059,"href":"https:\/\/www.habitand.com\/es\/wp-json\/wp\/v2\/pages\/4011\/revisions\/4059"}],"wp:attachment":[{"href":"https:\/\/www.habitand.com\/es\/wp-json\/wp\/v2\/media?parent=4011"}],"curies":[{"name":"wp","href":"https:\/\/api.w.org\/{rel}","templated":true}]}}