{"id":3987,"date":"2017-01-11T11:38:50","date_gmt":"2017-01-11T11:38:50","guid":{"rendered":"https:\/\/www.habitand.com\/es\/?page_id=3987"},"modified":"2017-02-08T15:10:35","modified_gmt":"2017-02-08T15:10:35","slug":"propiedades-alquiler-la-massana","status":"publish","type":"page","link":"https:\/\/www.habitand.com\/es\/propiedades-alquiler-la-massana\/","title":{"rendered":"Propiedades en alquiler en La Massana"},"content":{"rendered":"<p>[vc_row][vc_column][vc_column_text]<\/p>\n<h1>Propiedades en alquiler en\u00a0La Massana<\/h1>\n<p>\u00bfLe interesa una propiedad en alquiler en La Massana? Ubicada al oeste del Principado de Andorra, esta parroquia alberga la monta\u00f1a m\u00e1s alta de todo el pa\u00eds, permiti\u00e9ndole disfrutar del extenso Valls de Comapedrosa &#8211; que tambi\u00e9n alberga un parque comunal. Si est\u00e1s interesado en una ubicaci\u00f3n privilegiada mientras buscas una propiedad, esta parroquia es la mejor elecci\u00f3n. No solo ofrece hermosas monta\u00f1as en los alrededores  sino tambi\u00e9n tiendas y un mont\u00f3n de actividades de ocio.<br \/>\n[\/vc_column_text][\/vc_column][\/vc_row][vc_row][vc_column][vc_column_text]<br \/>\n[show_more more=\u00bbleer m\u00e1s&#8230;\u00bb less=\u00bbcerrar\u00bb color=\u00bb#0dbae8&#8243; list=\u00bb\u00bb\u00bb]<\/p>\n<h2>\u00bfQu\u00e9 debe considerar al buscar una propiedad en alquiler en La Massana?<\/h2>\n<p>Si quieres alquilar una propiedad en La Massana, has elegido un destino de calidad superior que combina tranquilidad y vistas panor\u00e1micas. Todo el camino desde la l\u00ednea de los \u00e1rboles alpinos hasta los suaves valles, hay muchas casas, pisos, \u00e1ticos y chalets, que pueden satisfacer sus necesidades y expectativas.<\/p>\n<h2>1.\t\u00bfPor qu\u00e9 elegir La Massana?<\/h2>\n<p>Brit\u00e1nicos, franceses, espa\u00f1oles y otros extranjeros aprecian el alto nivel de vida que La Massana tiene para ofrecer. Esto va junto con los placeres que ofrece este hermoso destino tur\u00edstico, como la estaci\u00f3n de esqu\u00ed Vallnord conocida para sus excelentes instalaciones. Muchos turistas la visitan cada a\u00f1o causando que restaurantes y otros establecimientos ofrezcan sus mejores servicios.<\/p>\n<h2>2.\t\u00bfQu\u00e9 hacer en La Massana?<\/h2>\n<p>Tanto el invierno como el verano son temporadas en las que los residentes y visitantes pueden disfrutar de la gran variedad de actividades al aire libre que esta parroquia tiene para ofrecer. En verano, el ciclismo de monta\u00f1a, paseos a caballo, senderismo y canopying (tirolinea) son algunos de los deportes que se pueden disfrutar aqu\u00ed. En invierno, esqu\u00ed y excursiones con raquetas de nieve son la oportunidad perfecta para pasar activamente tiempo de calidad con la familia y amigos.<\/p>\n<h2>3.\tNivel de vida en La Massana<\/h2>\n<p>Alquilar una propiedad en La Massana implica disfrutar de altos niveles de vida. La parroquia es conocida por su ambiente tranquilo, aire limpio y escuelas con excelentes est\u00e1ndares acad\u00e9micos. El sistema sanitario tambi\u00e9n se considera uno de los mejores de Europa y las tasas de delincuencia son casi inexistentes.<\/p>\n<p>Use Habitand para buscar una propiedad en alquiler en La Massana y experimente la m\u00e1s amplia gama de ofertas en bienes ra\u00edces en el Principado de Andorra.[\/show_more][\/vc_column_text][\/vc_column][\/vc_row]<\/p>\n","protected":false},"excerpt":{"rendered":"<p>[vc_row][vc_column][vc_column_text] Propiedades en alquiler en\u00a0La Massana \u00bfLe interesa una propiedad en alquiler en La Massana? Ubicada al oeste del Principado de Andorra, esta parroquia alberga la monta\u00f1a m\u00e1s alta de todo el pa\u00eds, permiti\u00e9ndole disfrutar del extenso Valls de Comapedrosa &#8211; que tambi\u00e9n alberga un parque comunal. Si est\u00e1s interesado en una ubicaci\u00f3n privilegiada mientras [&hellip;]<\/p>\n","protected":false},"author":3,"featured_media":0,"parent":0,"menu_order":0,"comment_status":"closed","ping_status":"closed","template":"page-templates\/properties-list.php","meta":{"footnotes":""},"class_list":["post-3987","page","type-page","status-publish","hentry"],"yoast_head":"<!-- This site is optimized with the Yoast SEO plugin v27.4 - https:\/\/yoast.com\/product\/yoast-seo-wordpress\/ -->\n<title>Propiedades en alquiler en La Massana - Habitand Andorra<\/title>\n<meta name=\"description\" content=\"\u00bfBuscando propiedades de alquiler en La Massana?Habitand le ofrece una gran cantidad de propiedades en Andorra de varios agentes inmobiliarios.\" \/>\n<meta name=\"robots\" content=\"index, follow, max-snippet:-1, max-image-preview:large, max-video-preview:-1\" \/>\n<link rel=\"canonical\" href=\"https:\/\/www.habitand.com\/es\/propiedades-alquiler-la-massana\/\" \/>\n<meta property=\"og:locale\" content=\"es_ES\" \/>\n<meta property=\"og:type\" content=\"article\" \/>\n<meta property=\"og:title\" content=\"Propiedades en alquiler en La Massana - Habitand Andorra\" \/>\n<meta property=\"og:description\" content=\"\u00bfBuscando propiedades de alquiler en La Massana?Habitand le ofrece una gran cantidad de propiedades en Andorra de varios agentes inmobiliarios.\" \/>\n<meta property=\"og:url\" content=\"https:\/\/www.habitand.com\/es\/propiedades-alquiler-la-massana\/\" \/>\n<meta property=\"og:site_name\" content=\"Habitand Andorra\" \/>\n<meta property=\"article:modified_time\" content=\"2017-02-08T15:10:35+00:00\" \/>\n<meta name=\"twitter:card\" content=\"summary_large_image\" \/>\n<meta name=\"twitter:label1\" content=\"Tiempo de lectura\" \/>\n\t<meta name=\"twitter:data1\" content=\"2 minutos\" \/>\n<script type=\"application\/ld+json\" class=\"yoast-schema-graph\">{\"@context\":\"https:\\\/\\\/schema.org\",\"@graph\":[{\"@type\":\"WebPage\",\"@id\":\"https:\\\/\\\/www.habitand.com\\\/es\\\/propiedades-alquiler-la-massana\\\/\",\"url\":\"https:\\\/\\\/www.habitand.com\\\/es\\\/propiedades-alquiler-la-massana\\\/\",\"name\":\"Propiedades en alquiler en La Massana - Habitand Andorra\",\"isPartOf\":{\"@id\":\"https:\\\/\\\/www.habitand.com\\\/#website\"},\"datePublished\":\"2017-01-11T11:38:50+00:00\",\"dateModified\":\"2017-02-08T15:10:35+00:00\",\"description\":\"\u00bfBuscando propiedades de alquiler en La Massana?Habitand le ofrece una gran cantidad de propiedades en Andorra de varios agentes inmobiliarios.\",\"breadcrumb\":{\"@id\":\"https:\\\/\\\/www.habitand.com\\\/es\\\/propiedades-alquiler-la-massana\\\/#breadcrumb\"},\"inLanguage\":\"es\",\"potentialAction\":[{\"@type\":\"ReadAction\",\"target\":[\"https:\\\/\\\/www.habitand.com\\\/es\\\/propiedades-alquiler-la-massana\\\/\"]}]},{\"@type\":\"BreadcrumbList\",\"@id\":\"https:\\\/\\\/www.habitand.com\\\/es\\\/propiedades-alquiler-la-massana\\\/#breadcrumb\",\"itemListElement\":[{\"@type\":\"ListItem\",\"position\":1,\"name\":\"Home\",\"item\":\"https:\\\/\\\/www.habitand.com\\\/es\\\/\"},{\"@type\":\"ListItem\",\"position\":2,\"name\":\"Propiedades en alquiler en La Massana\"}]},{\"@type\":\"WebSite\",\"@id\":\"https:\\\/\\\/www.habitand.com\\\/#website\",\"url\":\"https:\\\/\\\/www.habitand.com\\\/\",\"name\":\"Habitand Andorra\",\"description\":\"\",\"potentialAction\":[{\"@type\":\"SearchAction\",\"target\":{\"@type\":\"EntryPoint\",\"urlTemplate\":\"https:\\\/\\\/www.habitand.com\\\/?s={search_term_string}\"},\"query-input\":{\"@type\":\"PropertyValueSpecification\",\"valueRequired\":true,\"valueName\":\"search_term_string\"}}],\"inLanguage\":\"es\"}]}<\/script>\n<!-- \/ Yoast SEO plugin. -->","yoast_head_json":{"title":"Propiedades en alquiler en La Massana - Habitand Andorra","description":"\u00bfBuscando propiedades de alquiler en La Massana?Habitand le ofrece una gran cantidad de propiedades en Andorra de varios agentes inmobiliarios.","robots":{"index":"index","follow":"follow","max-snippet":"max-snippet:-1","max-image-preview":"max-image-preview:large","max-video-preview":"max-video-preview:-1"},"canonical":"https:\/\/www.habitand.com\/es\/propiedades-alquiler-la-massana\/","og_locale":"es_ES","og_type":"article","og_title":"Propiedades en alquiler en La Massana - Habitand Andorra","og_description":"\u00bfBuscando propiedades de alquiler en La Massana?Habitand le ofrece una gran cantidad de propiedades en Andorra de varios agentes inmobiliarios.","og_url":"https:\/\/www.habitand.com\/es\/propiedades-alquiler-la-massana\/","og_site_name":"Habitand Andorra","article_modified_time":"2017-02-08T15:10:35+00:00","twitter_card":"summary_large_image","twitter_misc":{"Tiempo de lectura":"2 minutos"},"schema":{"@context":"https:\/\/schema.org","@graph":[{"@type":"WebPage","@id":"https:\/\/www.habitand.com\/es\/propiedades-alquiler-la-massana\/","url":"https:\/\/www.habitand.com\/es\/propiedades-alquiler-la-massana\/","name":"Propiedades en alquiler en La Massana - Habitand Andorra","isPartOf":{"@id":"https:\/\/www.habitand.com\/#website"},"datePublished":"2017-01-11T11:38:50+00:00","dateModified":"2017-02-08T15:10:35+00:00","description":"\u00bfBuscando propiedades de alquiler en La Massana?Habitand le ofrece una gran cantidad de propiedades en Andorra de varios agentes inmobiliarios.","breadcrumb":{"@id":"https:\/\/www.habitand.com\/es\/propiedades-alquiler-la-massana\/#breadcrumb"},"inLanguage":"es","potentialAction":[{"@type":"ReadAction","target":["https:\/\/www.habitand.com\/es\/propiedades-alquiler-la-massana\/"]}]},{"@type":"BreadcrumbList","@id":"https:\/\/www.habitand.com\/es\/propiedades-alquiler-la-massana\/#breadcrumb","itemListElement":[{"@type":"ListItem","position":1,"name":"Home","item":"https:\/\/www.habitand.com\/es\/"},{"@type":"ListItem","position":2,"name":"Propiedades en alquiler en La Massana"}]},{"@type":"WebSite","@id":"https:\/\/www.habitand.com\/#website","url":"https:\/\/www.habitand.com\/","name":"Habitand Andorra","description":"","potentialAction":[{"@type":"SearchAction","target":{"@type":"EntryPoint","urlTemplate":"https:\/\/www.habitand.com\/?s={search_term_string}"},"query-input":{"@type":"PropertyValueSpecification","valueRequired":true,"valueName":"search_term_string"}}],"inLanguage":"es"}]}},"_links":{"self":[{"href":"https:\/\/www.habitand.com\/es\/wp-json\/wp\/v2\/pages\/3987","targetHints":{"allow":["GET"]}}],"collection":[{"href":"https:\/\/www.habitand.com\/es\/wp-json\/wp\/v2\/pages"}],"about":[{"href":"https:\/\/www.habitand.com\/es\/wp-json\/wp\/v2\/types\/page"}],"author":[{"embeddable":true,"href":"https:\/\/www.habitand.com\/es\/wp-json\/wp\/v2\/users\/3"}],"replies":[{"embeddable":true,"href":"https:\/\/www.habitand.com\/es\/wp-json\/wp\/v2\/comments?post=3987"}],"version-history":[{"count":1,"href":"https:\/\/www.habitand.com\/es\/wp-json\/wp\/v2\/pages\/3987\/revisions"}],"predecessor-version":[{"id":3988,"href":"https:\/\/www.habitand.com\/es\/wp-json\/wp\/v2\/pages\/3987\/revisions\/3988"}],"wp:attachment":[{"href":"https:\/\/www.habitand.com\/es\/wp-json\/wp\/v2\/media?parent=3987"}],"curies":[{"name":"wp","href":"https:\/\/api.w.org\/{rel}","templated":true}]}}