{"id":3980,"date":"2016-12-29T15:23:06","date_gmt":"2016-12-29T15:23:06","guid":{"rendered":"https:\/\/www.habitand.com\/es\/?page_id=3980"},"modified":"2017-02-08T15:09:26","modified_gmt":"2017-02-08T15:09:26","slug":"propiedades-alquiler-encamp","status":"publish","type":"page","link":"https:\/\/www.habitand.com\/es\/propiedades-alquiler-encamp\/","title":{"rendered":"Propiedades en alquiler en Encamp"},"content":{"rendered":"<p>[vc_row][vc_column][vc_column_text]<\/p>\n<h1>Propiedades en alquiler en\u00a0Encamp<\/h1>\n<p>\u00bfAlguna vez has deseado vivir en una ciudad moderna rodeada de una naturaleza impresionante y vistas panor\u00e1micas? Entonces mudarte a Encamp es definitivamente una buena opci\u00f3n. Alquilar una propiedad en Encamp se ha convertido en una tendencia para la gente que busca una manera de vivir distinta, lejos de grandes ciudades y calles contaminadas. A una altura de 1266 metros, Encamp es una de las parroquias andorranas que seguro debes considerar cuando busques un nuevo hogar. El centro de la ciudad combina estructuras modernas con un impresionante casco antiguo, donde los edificios rom\u00e1nicos datan de principios del siglo XI.<br \/>\n[\/vc_column_text][\/vc_column][\/vc_row][vc_row][vc_column][vc_column_text]<br \/>\n[show_more more=\u00bbleer m\u00e1s&#8230;\u00bb less=\u00bbcerrar\u00bb color=\u00bb#0dbae8&#8243; list=\u00bb\u00bb\u00bb]<\/p>\n<h2>\u00bfC\u00f3mo encontrar una propiedad en alquiler en Encamp?<\/h2>\n<p>Encontrar una propiedad en alquiler en Encamp nunca ha sido tan f\u00e1cil. Existen agentes inmobiliarios experimentados en Andorra que tienen experiencia no s\u00f3lo para ayudarte a encontrar la propiedad adecuada para alquilar, sino tambi\u00e9n para asesorarte en cada paso hasta la firma del contrato.<br \/>\nEstos son algunos puntos a tener en cuenta al trasladarte a Encamp.<\/p>\n<h2>1.\t\u00bfPor qu\u00e9 elegir Encamp?<\/h2>\n<p>Debido a su ubicaci\u00f3n, Encamp es considerado un importante centro de deportes de invierno por los visitantes. Adem\u00e1s, su entorno tranquilo hace de Encamp un lugar perfecto para pasar tiempo con la familia y amigos.<\/p>\n<h2>2.\t\u00bfQu\u00e9 hacer en Encamp?<\/h2>\n<p>La parroquia tiene un gran n\u00famero de lugares de inter\u00e9s cultural como la Iglesia de Sant Rom\u00e1 con el complejo hist\u00f3rico de Les Bons, el Museo Nacional del Autom\u00f3vil, el Museo Etnogr\u00e1fico \u00abCasa Cristo\u00bb, el Mirador del \u201cBosc de les Allaus \u00ab, el Museo del Arte Religioso y muchos m\u00e1s. Aunque si prefieres las actividades deportivas, Encamp ofrece un amplio n\u00famero de opciones tambi\u00e9n. Ciclismo, escalada o esqu\u00ed pertenecen a los pasatiempos favoritos ya que Encamp se encuentra entre monta\u00f1as y paisajes monta\u00f1osos.<\/p>\n<h2>3.\tNivel de vida en Encamp<\/h2>\n<p>Encamp equilibra unos est\u00e1ndares de vida altos con precios de alquiler asequibles. En esta parroquia se puede elegir entre una amplia gama de chalets, pisos y \u00e1ticos. El ambiente pac\u00edfico equilibrado con un aire libre de contaminaci\u00f3n son s\u00f3lo algunos de los privilegios que podr\u00e1s disfrutar una vez te mudes aqu\u00ed.<\/p>\n<p>Use Habitand para buscar propiedades en alquiler en Encamp.[\/show_more][\/vc_column_text][\/vc_column][\/vc_row]<\/p>\n","protected":false},"excerpt":{"rendered":"<p>[vc_row][vc_column][vc_column_text] Propiedades en alquiler en\u00a0Encamp \u00bfAlguna vez has deseado vivir en una ciudad moderna rodeada de una naturaleza impresionante y vistas panor\u00e1micas? Entonces mudarte a Encamp es definitivamente una buena opci\u00f3n. Alquilar una propiedad en Encamp se ha convertido en una tendencia para la gente que busca una manera de vivir distinta, lejos de grandes [&hellip;]<\/p>\n","protected":false},"author":3,"featured_media":0,"parent":0,"menu_order":0,"comment_status":"closed","ping_status":"closed","template":"page-templates\/properties-list.php","meta":{"footnotes":""},"class_list":["post-3980","page","type-page","status-publish","hentry"],"yoast_head":"<!-- This site is optimized with the Yoast SEO plugin v27.4 - https:\/\/yoast.com\/product\/yoast-seo-wordpress\/ -->\n<title>Propiedades en alquiler en Encamp - Habitand Andorra<\/title>\n<meta name=\"description\" content=\"\u00bfBuscando propiedades en alquiler en Encamp? Habitand le ofrece propiedades y bienes ra\u00edces en Andorra de varios agentes inmobiliarios\" \/>\n<meta name=\"robots\" content=\"index, follow, max-snippet:-1, max-image-preview:large, max-video-preview:-1\" \/>\n<link rel=\"canonical\" href=\"https:\/\/www.habitand.com\/es\/propiedades-alquiler-encamp\/\" \/>\n<meta property=\"og:locale\" content=\"es_ES\" \/>\n<meta property=\"og:type\" content=\"article\" \/>\n<meta property=\"og:title\" content=\"Propiedades en alquiler en Encamp - Habitand Andorra\" \/>\n<meta property=\"og:description\" content=\"\u00bfBuscando propiedades en alquiler en Encamp? Habitand le ofrece propiedades y bienes ra\u00edces en Andorra de varios agentes inmobiliarios\" \/>\n<meta property=\"og:url\" content=\"https:\/\/www.habitand.com\/es\/propiedades-alquiler-encamp\/\" \/>\n<meta property=\"og:site_name\" content=\"Habitand Andorra\" \/>\n<meta property=\"article:modified_time\" content=\"2017-02-08T15:09:26+00:00\" \/>\n<meta name=\"twitter:card\" content=\"summary_large_image\" \/>\n<meta name=\"twitter:label1\" content=\"Tiempo de lectura\" \/>\n\t<meta name=\"twitter:data1\" content=\"2 minutos\" \/>\n<script type=\"application\/ld+json\" class=\"yoast-schema-graph\">{\"@context\":\"https:\\\/\\\/schema.org\",\"@graph\":[{\"@type\":\"WebPage\",\"@id\":\"https:\\\/\\\/www.habitand.com\\\/es\\\/propiedades-alquiler-encamp\\\/\",\"url\":\"https:\\\/\\\/www.habitand.com\\\/es\\\/propiedades-alquiler-encamp\\\/\",\"name\":\"Propiedades en alquiler en Encamp - Habitand Andorra\",\"isPartOf\":{\"@id\":\"https:\\\/\\\/www.habitand.com\\\/#website\"},\"datePublished\":\"2016-12-29T15:23:06+00:00\",\"dateModified\":\"2017-02-08T15:09:26+00:00\",\"description\":\"\u00bfBuscando propiedades en alquiler en Encamp? Habitand le ofrece propiedades y bienes ra\u00edces en Andorra de varios agentes inmobiliarios\",\"breadcrumb\":{\"@id\":\"https:\\\/\\\/www.habitand.com\\\/es\\\/propiedades-alquiler-encamp\\\/#breadcrumb\"},\"inLanguage\":\"es\",\"potentialAction\":[{\"@type\":\"ReadAction\",\"target\":[\"https:\\\/\\\/www.habitand.com\\\/es\\\/propiedades-alquiler-encamp\\\/\"]}]},{\"@type\":\"BreadcrumbList\",\"@id\":\"https:\\\/\\\/www.habitand.com\\\/es\\\/propiedades-alquiler-encamp\\\/#breadcrumb\",\"itemListElement\":[{\"@type\":\"ListItem\",\"position\":1,\"name\":\"Home\",\"item\":\"https:\\\/\\\/www.habitand.com\\\/es\\\/\"},{\"@type\":\"ListItem\",\"position\":2,\"name\":\"Propiedades en alquiler en Encamp\"}]},{\"@type\":\"WebSite\",\"@id\":\"https:\\\/\\\/www.habitand.com\\\/#website\",\"url\":\"https:\\\/\\\/www.habitand.com\\\/\",\"name\":\"Habitand Andorra\",\"description\":\"\",\"potentialAction\":[{\"@type\":\"SearchAction\",\"target\":{\"@type\":\"EntryPoint\",\"urlTemplate\":\"https:\\\/\\\/www.habitand.com\\\/?s={search_term_string}\"},\"query-input\":{\"@type\":\"PropertyValueSpecification\",\"valueRequired\":true,\"valueName\":\"search_term_string\"}}],\"inLanguage\":\"es\"}]}<\/script>\n<!-- \/ Yoast SEO plugin. -->","yoast_head_json":{"title":"Propiedades en alquiler en Encamp - Habitand Andorra","description":"\u00bfBuscando propiedades en alquiler en Encamp? Habitand le ofrece propiedades y bienes ra\u00edces en Andorra de varios agentes inmobiliarios","robots":{"index":"index","follow":"follow","max-snippet":"max-snippet:-1","max-image-preview":"max-image-preview:large","max-video-preview":"max-video-preview:-1"},"canonical":"https:\/\/www.habitand.com\/es\/propiedades-alquiler-encamp\/","og_locale":"es_ES","og_type":"article","og_title":"Propiedades en alquiler en Encamp - Habitand Andorra","og_description":"\u00bfBuscando propiedades en alquiler en Encamp? Habitand le ofrece propiedades y bienes ra\u00edces en Andorra de varios agentes inmobiliarios","og_url":"https:\/\/www.habitand.com\/es\/propiedades-alquiler-encamp\/","og_site_name":"Habitand Andorra","article_modified_time":"2017-02-08T15:09:26+00:00","twitter_card":"summary_large_image","twitter_misc":{"Tiempo de lectura":"2 minutos"},"schema":{"@context":"https:\/\/schema.org","@graph":[{"@type":"WebPage","@id":"https:\/\/www.habitand.com\/es\/propiedades-alquiler-encamp\/","url":"https:\/\/www.habitand.com\/es\/propiedades-alquiler-encamp\/","name":"Propiedades en alquiler en Encamp - Habitand Andorra","isPartOf":{"@id":"https:\/\/www.habitand.com\/#website"},"datePublished":"2016-12-29T15:23:06+00:00","dateModified":"2017-02-08T15:09:26+00:00","description":"\u00bfBuscando propiedades en alquiler en Encamp? Habitand le ofrece propiedades y bienes ra\u00edces en Andorra de varios agentes inmobiliarios","breadcrumb":{"@id":"https:\/\/www.habitand.com\/es\/propiedades-alquiler-encamp\/#breadcrumb"},"inLanguage":"es","potentialAction":[{"@type":"ReadAction","target":["https:\/\/www.habitand.com\/es\/propiedades-alquiler-encamp\/"]}]},{"@type":"BreadcrumbList","@id":"https:\/\/www.habitand.com\/es\/propiedades-alquiler-encamp\/#breadcrumb","itemListElement":[{"@type":"ListItem","position":1,"name":"Home","item":"https:\/\/www.habitand.com\/es\/"},{"@type":"ListItem","position":2,"name":"Propiedades en alquiler en Encamp"}]},{"@type":"WebSite","@id":"https:\/\/www.habitand.com\/#website","url":"https:\/\/www.habitand.com\/","name":"Habitand Andorra","description":"","potentialAction":[{"@type":"SearchAction","target":{"@type":"EntryPoint","urlTemplate":"https:\/\/www.habitand.com\/?s={search_term_string}"},"query-input":{"@type":"PropertyValueSpecification","valueRequired":true,"valueName":"search_term_string"}}],"inLanguage":"es"}]}},"_links":{"self":[{"href":"https:\/\/www.habitand.com\/es\/wp-json\/wp\/v2\/pages\/3980","targetHints":{"allow":["GET"]}}],"collection":[{"href":"https:\/\/www.habitand.com\/es\/wp-json\/wp\/v2\/pages"}],"about":[{"href":"https:\/\/www.habitand.com\/es\/wp-json\/wp\/v2\/types\/page"}],"author":[{"embeddable":true,"href":"https:\/\/www.habitand.com\/es\/wp-json\/wp\/v2\/users\/3"}],"replies":[{"embeddable":true,"href":"https:\/\/www.habitand.com\/es\/wp-json\/wp\/v2\/comments?post=3980"}],"version-history":[{"count":2,"href":"https:\/\/www.habitand.com\/es\/wp-json\/wp\/v2\/pages\/3980\/revisions"}],"predecessor-version":[{"id":3983,"href":"https:\/\/www.habitand.com\/es\/wp-json\/wp\/v2\/pages\/3980\/revisions\/3983"}],"wp:attachment":[{"href":"https:\/\/www.habitand.com\/es\/wp-json\/wp\/v2\/media?parent=3980"}],"curies":[{"name":"wp","href":"https:\/\/api.w.org\/{rel}","templated":true}]}}