{"id":3972,"date":"2016-12-29T10:47:46","date_gmt":"2016-12-29T10:47:46","guid":{"rendered":"https:\/\/www.habitand.com\/es\/?page_id=3972"},"modified":"2017-02-08T15:08:53","modified_gmt":"2017-02-08T15:08:53","slug":"propiedades-alquiler-canillo","status":"publish","type":"page","link":"https:\/\/www.habitand.com\/es\/propiedades-alquiler-canillo\/","title":{"rendered":"Propiedades en alquiler en Canillo"},"content":{"rendered":"<p>[vc_row][vc_column][vc_column_text]<\/p>\n<h1>Propiedades en alquiler en Canillo<\/h1>\n<p>[\/vc_column_text][\/vc_column][\/vc_row][vc_row][vc_column][vc_column_text]<br \/>\n\u00bfPor qu\u00e9 seguir viviendo en lugares donde el ruido y el bullicio de las ciudades te abruman? Si nunca has o\u00eddo hablar de Canillo, seguramente has perdido una gran oportunidad. Encontrar una propiedad en alquiler en Canillo te lleva a un lugar m\u00e1s agradable. Como una de las mejores regiones del Principado de Andorra, Canillo es la parroquia que se encuentra a mayor altitud y por lo tanto ofrece vistas majestuosas y fant\u00e1sticas condiciones para el esqu\u00ed.<br \/>\n[show_more more=\u00bbleer m\u00e1s&#8230;\u00bb less=\u00bbcerrar\u00bb color=\u00bb#0dbae8&#8243; list=\u00bb\u00bb\u00bb]<\/p>\n<h2>\u00bfC\u00f3mo encontrar una propiedad en alquiler en Canillo?<\/h2>\n<p>Encontrar una propiedad en alquiler en Canillo podr\u00eda ser una tarea dif\u00edcil, a menos que hables el idioma y conozcas bien el pa\u00eds. Sin embargo, no dejes que esto te impida tomar la decisi\u00f3n correcta. Habitand est\u00e1 aqu\u00ed para ayudarte a conocer esta maravillosa parroquia.<br \/>\nEstos son algunos puntos a considerar cuando te trasladas a Canillo.<\/p>\n<h2>1.\t\u00bfPor qu\u00e9 elegir Canillo?<\/h2>\n<p>Los residentes y los visitantes disfrutan la hermosa naturaleza de esta parroquia as\u00ed como la diversidad de sus paisajes. La elecci\u00f3n de un piso o casa en alquiler te proporcionar\u00e1 cada d\u00eda de un maravilloso paisaje al mirar por las ventanas, sin importar la temporada. Fant\u00e1sticas monta\u00f1as cubiertas de nieve generan las condiciones perfectas para las pistas de esqu\u00ed. Adem\u00e1s, en Canillo se encuentra una de las tres entradas a Grandvalira, una de las estaciones de esqu\u00ed m\u00e1s privilegiadas de Europa.<\/p>\n<h2>2.\t\u00bfQu\u00e9 hacer en Canillo?<\/h2>\n<p>Adem\u00e1s de actividades al aire libre durante todo el a\u00f1o, Canillo es tambi\u00e9n una parroquia donde se re\u00fanen cultura e historia. El Santuario de Meritxell y la Iglesia de Sant Joan de Caselles son apenas dos de los lugares que vale la pena visitar.<\/p>\n<h2>3.\tNivel de vida en Canillo<\/h2>\n<p>Vivir en Canillo asegura una calidad de vida alta. Las ventajas de alquilar una propiedad en uno de los pa\u00edses m\u00e1s seguros de Europa, adem\u00e1s de la tranquilidad de su entorno, son aspectos que definitivamente debes considerar al buscar un lugar para mudarte. La mayor\u00eda de las personas que viven en Canillo son andorranos, pero tambi\u00e9n encontrar\u00e1s un n\u00famero significativo de espa\u00f1oles y portugueses. Sin embargo, muchos turistas internacionales visitan esta gran localizaci\u00f3n de esqu\u00ed, especialmente durante el invierno.<\/p>\n<p>Use Habitand para buscar propiedades en alquiler en Canillo.[\/show_more][\/vc_column_text][\/vc_column][\/vc_row]<\/p>\n","protected":false},"excerpt":{"rendered":"<p>[vc_row][vc_column][vc_column_text] Propiedades en alquiler en Canillo [\/vc_column_text][\/vc_column][\/vc_row][vc_row][vc_column][vc_column_text] \u00bfPor qu\u00e9 seguir viviendo en lugares donde el ruido y el bullicio de las ciudades te abruman? Si nunca has o\u00eddo hablar de Canillo, seguramente has perdido una gran oportunidad. Encontrar una propiedad en alquiler en Canillo te lleva a un lugar m\u00e1s agradable. Como una de las [&hellip;]<\/p>\n","protected":false},"author":3,"featured_media":0,"parent":0,"menu_order":0,"comment_status":"closed","ping_status":"closed","template":"page-templates\/properties-list.php","meta":{"footnotes":""},"class_list":["post-3972","page","type-page","status-publish","hentry"],"yoast_head":"<!-- This site is optimized with the Yoast SEO plugin v27.4 - https:\/\/yoast.com\/product\/yoast-seo-wordpress\/ -->\n<title>Propiedades en alquiler en Canillo - Habitand Andorra<\/title>\n<meta name=\"description\" content=\"\u00bfBuscando propiedades en alquiler en Canillo? Habitand le ofrece propiedades y bienes ra\u00edces en Andorra de varios agentes inmobiliarios\" \/>\n<meta name=\"robots\" content=\"index, follow, max-snippet:-1, max-image-preview:large, max-video-preview:-1\" \/>\n<link rel=\"canonical\" href=\"https:\/\/www.habitand.com\/es\/propiedades-alquiler-canillo\/\" \/>\n<meta property=\"og:locale\" content=\"es_ES\" \/>\n<meta property=\"og:type\" content=\"article\" \/>\n<meta property=\"og:title\" content=\"Propiedades en alquiler en Canillo - Habitand Andorra\" \/>\n<meta property=\"og:description\" content=\"\u00bfBuscando propiedades en alquiler en Canillo? Habitand le ofrece propiedades y bienes ra\u00edces en Andorra de varios agentes inmobiliarios\" \/>\n<meta property=\"og:url\" content=\"https:\/\/www.habitand.com\/es\/propiedades-alquiler-canillo\/\" \/>\n<meta property=\"og:site_name\" content=\"Habitand Andorra\" \/>\n<meta property=\"article:modified_time\" content=\"2017-02-08T15:08:53+00:00\" \/>\n<meta name=\"twitter:card\" content=\"summary_large_image\" \/>\n<meta name=\"twitter:label1\" content=\"Tiempo de lectura\" \/>\n\t<meta name=\"twitter:data1\" content=\"2 minutos\" \/>\n<script type=\"application\/ld+json\" class=\"yoast-schema-graph\">{\"@context\":\"https:\\\/\\\/schema.org\",\"@graph\":[{\"@type\":\"WebPage\",\"@id\":\"https:\\\/\\\/www.habitand.com\\\/es\\\/propiedades-alquiler-canillo\\\/\",\"url\":\"https:\\\/\\\/www.habitand.com\\\/es\\\/propiedades-alquiler-canillo\\\/\",\"name\":\"Propiedades en alquiler en Canillo - Habitand Andorra\",\"isPartOf\":{\"@id\":\"https:\\\/\\\/www.habitand.com\\\/#website\"},\"datePublished\":\"2016-12-29T10:47:46+00:00\",\"dateModified\":\"2017-02-08T15:08:53+00:00\",\"description\":\"\u00bfBuscando propiedades en alquiler en Canillo? Habitand le ofrece propiedades y bienes ra\u00edces en Andorra de varios agentes inmobiliarios\",\"breadcrumb\":{\"@id\":\"https:\\\/\\\/www.habitand.com\\\/es\\\/propiedades-alquiler-canillo\\\/#breadcrumb\"},\"inLanguage\":\"es\",\"potentialAction\":[{\"@type\":\"ReadAction\",\"target\":[\"https:\\\/\\\/www.habitand.com\\\/es\\\/propiedades-alquiler-canillo\\\/\"]}]},{\"@type\":\"BreadcrumbList\",\"@id\":\"https:\\\/\\\/www.habitand.com\\\/es\\\/propiedades-alquiler-canillo\\\/#breadcrumb\",\"itemListElement\":[{\"@type\":\"ListItem\",\"position\":1,\"name\":\"Home\",\"item\":\"https:\\\/\\\/www.habitand.com\\\/es\\\/\"},{\"@type\":\"ListItem\",\"position\":2,\"name\":\"Propiedades en alquiler en Canillo\"}]},{\"@type\":\"WebSite\",\"@id\":\"https:\\\/\\\/www.habitand.com\\\/#website\",\"url\":\"https:\\\/\\\/www.habitand.com\\\/\",\"name\":\"Habitand Andorra\",\"description\":\"\",\"potentialAction\":[{\"@type\":\"SearchAction\",\"target\":{\"@type\":\"EntryPoint\",\"urlTemplate\":\"https:\\\/\\\/www.habitand.com\\\/?s={search_term_string}\"},\"query-input\":{\"@type\":\"PropertyValueSpecification\",\"valueRequired\":true,\"valueName\":\"search_term_string\"}}],\"inLanguage\":\"es\"}]}<\/script>\n<!-- \/ Yoast SEO plugin. -->","yoast_head_json":{"title":"Propiedades en alquiler en Canillo - Habitand Andorra","description":"\u00bfBuscando propiedades en alquiler en Canillo? Habitand le ofrece propiedades y bienes ra\u00edces en Andorra de varios agentes inmobiliarios","robots":{"index":"index","follow":"follow","max-snippet":"max-snippet:-1","max-image-preview":"max-image-preview:large","max-video-preview":"max-video-preview:-1"},"canonical":"https:\/\/www.habitand.com\/es\/propiedades-alquiler-canillo\/","og_locale":"es_ES","og_type":"article","og_title":"Propiedades en alquiler en Canillo - Habitand Andorra","og_description":"\u00bfBuscando propiedades en alquiler en Canillo? Habitand le ofrece propiedades y bienes ra\u00edces en Andorra de varios agentes inmobiliarios","og_url":"https:\/\/www.habitand.com\/es\/propiedades-alquiler-canillo\/","og_site_name":"Habitand Andorra","article_modified_time":"2017-02-08T15:08:53+00:00","twitter_card":"summary_large_image","twitter_misc":{"Tiempo de lectura":"2 minutos"},"schema":{"@context":"https:\/\/schema.org","@graph":[{"@type":"WebPage","@id":"https:\/\/www.habitand.com\/es\/propiedades-alquiler-canillo\/","url":"https:\/\/www.habitand.com\/es\/propiedades-alquiler-canillo\/","name":"Propiedades en alquiler en Canillo - Habitand Andorra","isPartOf":{"@id":"https:\/\/www.habitand.com\/#website"},"datePublished":"2016-12-29T10:47:46+00:00","dateModified":"2017-02-08T15:08:53+00:00","description":"\u00bfBuscando propiedades en alquiler en Canillo? Habitand le ofrece propiedades y bienes ra\u00edces en Andorra de varios agentes inmobiliarios","breadcrumb":{"@id":"https:\/\/www.habitand.com\/es\/propiedades-alquiler-canillo\/#breadcrumb"},"inLanguage":"es","potentialAction":[{"@type":"ReadAction","target":["https:\/\/www.habitand.com\/es\/propiedades-alquiler-canillo\/"]}]},{"@type":"BreadcrumbList","@id":"https:\/\/www.habitand.com\/es\/propiedades-alquiler-canillo\/#breadcrumb","itemListElement":[{"@type":"ListItem","position":1,"name":"Home","item":"https:\/\/www.habitand.com\/es\/"},{"@type":"ListItem","position":2,"name":"Propiedades en alquiler en Canillo"}]},{"@type":"WebSite","@id":"https:\/\/www.habitand.com\/#website","url":"https:\/\/www.habitand.com\/","name":"Habitand Andorra","description":"","potentialAction":[{"@type":"SearchAction","target":{"@type":"EntryPoint","urlTemplate":"https:\/\/www.habitand.com\/?s={search_term_string}"},"query-input":{"@type":"PropertyValueSpecification","valueRequired":true,"valueName":"search_term_string"}}],"inLanguage":"es"}]}},"_links":{"self":[{"href":"https:\/\/www.habitand.com\/es\/wp-json\/wp\/v2\/pages\/3972","targetHints":{"allow":["GET"]}}],"collection":[{"href":"https:\/\/www.habitand.com\/es\/wp-json\/wp\/v2\/pages"}],"about":[{"href":"https:\/\/www.habitand.com\/es\/wp-json\/wp\/v2\/types\/page"}],"author":[{"embeddable":true,"href":"https:\/\/www.habitand.com\/es\/wp-json\/wp\/v2\/users\/3"}],"replies":[{"embeddable":true,"href":"https:\/\/www.habitand.com\/es\/wp-json\/wp\/v2\/comments?post=3972"}],"version-history":[{"count":2,"href":"https:\/\/www.habitand.com\/es\/wp-json\/wp\/v2\/pages\/3972\/revisions"}],"predecessor-version":[{"id":3974,"href":"https:\/\/www.habitand.com\/es\/wp-json\/wp\/v2\/pages\/3972\/revisions\/3974"}],"wp:attachment":[{"href":"https:\/\/www.habitand.com\/es\/wp-json\/wp\/v2\/media?parent=3972"}],"curies":[{"name":"wp","href":"https:\/\/api.w.org\/{rel}","templated":true}]}}