{"id":3961,"date":"2016-12-23T10:17:05","date_gmt":"2016-12-23T10:17:05","guid":{"rendered":"https:\/\/www.habitand.com\/es\/?page_id=3961"},"modified":"2017-02-08T15:10:15","modified_gmt":"2017-02-08T15:10:15","slug":"propiedades-alquiler-escaldes-engordany","status":"publish","type":"page","link":"https:\/\/www.habitand.com\/es\/propiedades-alquiler-escaldes-engordany\/","title":{"rendered":"Propiedades en alquiler en Escaldes-Engordany"},"content":{"rendered":"<p>[vc_row][vc_column][vc_column_text]<\/p>\n<h1>Propiedades en alquiler en\u00a0Escaldes-Engordany<\/h1>\n<p>[\/vc_column_text][\/vc_column][\/vc_row][vc_row][vc_column][vc_column_text]\u00bfTe gustar\u00eda disfrutar de los beneficios de vivir en una parroquia rodeada de riquezas naturales y culturales? Entonces alquilar una propiedad en Escaldes-Engordany podr\u00eda ser la elecci\u00f3n correcta. Al ser la segunda parroquia m\u00e1s poblada del Principado de Andorra, Escaldes-Engordany no s\u00f3lo es sede de varias asociaciones culturales, sino tambi\u00e9n de Caldea &#8211; el centro termal m\u00e1s importante del pa\u00eds. Esto ha impulsado la industria del turismo que se ha m\u00e1s que triplicado en las \u00faltimas d\u00e9cadas.<\/p>\n<p>[show_more more=\u00bbleer m\u00e1s&#8230;\u00bb less=\u00bbcerrar\u00bb color=\u00bb#0dbae8&#8243; list=\u00bb\u00bb\u00bb]<\/p>\n<h2>\u00bfC\u00f3mo encontrar una propiedad en alquiler en Escaldes-Engordany?<\/h2>\n<p>Encontrar la propiedad adecuada para alquilar en Escaldes-Engordany puede ser una tarea dif\u00edcil. \u00bfConoce sus preferencias personales? \u00bfLe gustar\u00eda vivir cerca de tiendas y restaurantes o prefiere la paz y la tranquilidad del campo? Un buen agente de bienes ra\u00edces no s\u00f3lo le ayudar\u00e1 a tomar la decisi\u00f3n correcta, sino que tambi\u00e9n le acompa\u00f1ar\u00e1 durante todo el proceso hasta que su nuevo contrato de alquiler se haya firmado.<br \/>\nEstos son algunos puntos a tener en cuenta al trasladarse a Escaldes-Engordany<\/p>\n<h2>1.\t\u00bfPor qu\u00e9 escoger Escaldes-Engordany?<\/h2>\n<p>Escaldes Engordany es conocido por su rico patrimonio cultural. Su Centro de Arte acoge exposiciones permanentes y en verano podr\u00e1 disfrutar del festival de m\u00fasica \u00abFestival de Colores de la M\u00fasica\u00bb. Adem\u00e1s, hay un mont\u00f3n de actividades al aire libre para los residentes y visitantes durante todo el a\u00f1o. Senderismo, bicicleta de monta\u00f1a o ciclismo pertenecen a los pasatiempos favoritos en verano, mientras que el esqu\u00ed es la principal actividad deportiva en invierno. En esta parroquia, la naturaleza y la ciudad se encuentran en una combinaci\u00f3n correcta. Pase el d\u00eda de compras, visite el Museo del Perfume o rel\u00e1jese en un agradable balneario. No hay raz\u00f3n para el aburrimiento en Escaldes Engordany.<\/p>\n<h2>2. Nivel de vida en Escaldes-Engordany<\/h2>\n<p>El nivel de vida en esta parroquia es extraordinario. El aire limpio y un clima suave junto con la seguridad personal y los altos est\u00e1ndares acad\u00e9micos hacen de Escaldes-Engordany un lugar digno de mudarse. Hermosa naturaleza combinada con gran calidad de vida son algunas de las principales razones para alquilar una propiedad en esta ubicaci\u00f3n privilegiada.<\/p>\n<p>Utilice Habitand para buscar propiedades en alquiler en Escaldes-Engordany.[\/show_more][\/vc_column_text][\/vc_column][\/vc_row]<\/p>\n","protected":false},"excerpt":{"rendered":"<p>[vc_row][vc_column][vc_column_text] Propiedades en alquiler en\u00a0Escaldes-Engordany [\/vc_column_text][\/vc_column][\/vc_row][vc_row][vc_column][vc_column_text]\u00bfTe gustar\u00eda disfrutar de los beneficios de vivir en una parroquia rodeada de riquezas naturales y culturales? Entonces alquilar una propiedad en Escaldes-Engordany podr\u00eda ser la elecci\u00f3n correcta. Al ser la segunda parroquia m\u00e1s poblada del Principado de Andorra, Escaldes-Engordany no s\u00f3lo es sede de varias asociaciones culturales, sino tambi\u00e9n [&hellip;]<\/p>\n","protected":false},"author":3,"featured_media":0,"parent":0,"menu_order":0,"comment_status":"closed","ping_status":"closed","template":"page-templates\/properties-list.php","meta":{"footnotes":""},"class_list":["post-3961","page","type-page","status-publish","hentry"],"yoast_head":"<!-- This site is optimized with the Yoast SEO plugin v27.4 - https:\/\/yoast.com\/product\/yoast-seo-wordpress\/ -->\n<title>Propiedades en alquiler en Escaldes-Engordany - Habitand Andorra<\/title>\n<meta name=\"description\" content=\"\u00bfBuscando propiedades en aqluiler en Escaldes-Engordany? Habitand le ofrece propiedades y bienes ra\u00edces en Andorra de varios agentes inmobiliarios\" \/>\n<meta name=\"robots\" content=\"index, follow, max-snippet:-1, max-image-preview:large, max-video-preview:-1\" \/>\n<link rel=\"canonical\" href=\"https:\/\/www.habitand.com\/es\/propiedades-alquiler-escaldes-engordany\/\" \/>\n<meta property=\"og:locale\" content=\"es_ES\" \/>\n<meta property=\"og:type\" content=\"article\" \/>\n<meta property=\"og:title\" content=\"Propiedades en alquiler en Escaldes-Engordany - Habitand Andorra\" \/>\n<meta property=\"og:description\" content=\"\u00bfBuscando propiedades en aqluiler en Escaldes-Engordany? Habitand le ofrece propiedades y bienes ra\u00edces en Andorra de varios agentes inmobiliarios\" \/>\n<meta property=\"og:url\" content=\"https:\/\/www.habitand.com\/es\/propiedades-alquiler-escaldes-engordany\/\" \/>\n<meta property=\"og:site_name\" content=\"Habitand Andorra\" \/>\n<meta property=\"article:modified_time\" content=\"2017-02-08T15:10:15+00:00\" \/>\n<meta name=\"twitter:card\" content=\"summary_large_image\" \/>\n<meta name=\"twitter:label1\" content=\"Tiempo de lectura\" \/>\n\t<meta name=\"twitter:data1\" content=\"2 minutos\" \/>\n<script type=\"application\/ld+json\" class=\"yoast-schema-graph\">{\"@context\":\"https:\\\/\\\/schema.org\",\"@graph\":[{\"@type\":\"WebPage\",\"@id\":\"https:\\\/\\\/www.habitand.com\\\/es\\\/propiedades-alquiler-escaldes-engordany\\\/\",\"url\":\"https:\\\/\\\/www.habitand.com\\\/es\\\/propiedades-alquiler-escaldes-engordany\\\/\",\"name\":\"Propiedades en alquiler en Escaldes-Engordany - Habitand Andorra\",\"isPartOf\":{\"@id\":\"https:\\\/\\\/www.habitand.com\\\/#website\"},\"datePublished\":\"2016-12-23T10:17:05+00:00\",\"dateModified\":\"2017-02-08T15:10:15+00:00\",\"description\":\"\u00bfBuscando propiedades en aqluiler en Escaldes-Engordany? Habitand le ofrece propiedades y bienes ra\u00edces en Andorra de varios agentes inmobiliarios\",\"breadcrumb\":{\"@id\":\"https:\\\/\\\/www.habitand.com\\\/es\\\/propiedades-alquiler-escaldes-engordany\\\/#breadcrumb\"},\"inLanguage\":\"es\",\"potentialAction\":[{\"@type\":\"ReadAction\",\"target\":[\"https:\\\/\\\/www.habitand.com\\\/es\\\/propiedades-alquiler-escaldes-engordany\\\/\"]}]},{\"@type\":\"BreadcrumbList\",\"@id\":\"https:\\\/\\\/www.habitand.com\\\/es\\\/propiedades-alquiler-escaldes-engordany\\\/#breadcrumb\",\"itemListElement\":[{\"@type\":\"ListItem\",\"position\":1,\"name\":\"Home\",\"item\":\"https:\\\/\\\/www.habitand.com\\\/es\\\/\"},{\"@type\":\"ListItem\",\"position\":2,\"name\":\"Propiedades en alquiler en Escaldes-Engordany\"}]},{\"@type\":\"WebSite\",\"@id\":\"https:\\\/\\\/www.habitand.com\\\/#website\",\"url\":\"https:\\\/\\\/www.habitand.com\\\/\",\"name\":\"Habitand Andorra\",\"description\":\"\",\"potentialAction\":[{\"@type\":\"SearchAction\",\"target\":{\"@type\":\"EntryPoint\",\"urlTemplate\":\"https:\\\/\\\/www.habitand.com\\\/?s={search_term_string}\"},\"query-input\":{\"@type\":\"PropertyValueSpecification\",\"valueRequired\":true,\"valueName\":\"search_term_string\"}}],\"inLanguage\":\"es\"}]}<\/script>\n<!-- \/ Yoast SEO plugin. -->","yoast_head_json":{"title":"Propiedades en alquiler en Escaldes-Engordany - Habitand Andorra","description":"\u00bfBuscando propiedades en aqluiler en Escaldes-Engordany? Habitand le ofrece propiedades y bienes ra\u00edces en Andorra de varios agentes inmobiliarios","robots":{"index":"index","follow":"follow","max-snippet":"max-snippet:-1","max-image-preview":"max-image-preview:large","max-video-preview":"max-video-preview:-1"},"canonical":"https:\/\/www.habitand.com\/es\/propiedades-alquiler-escaldes-engordany\/","og_locale":"es_ES","og_type":"article","og_title":"Propiedades en alquiler en Escaldes-Engordany - Habitand Andorra","og_description":"\u00bfBuscando propiedades en aqluiler en Escaldes-Engordany? Habitand le ofrece propiedades y bienes ra\u00edces en Andorra de varios agentes inmobiliarios","og_url":"https:\/\/www.habitand.com\/es\/propiedades-alquiler-escaldes-engordany\/","og_site_name":"Habitand Andorra","article_modified_time":"2017-02-08T15:10:15+00:00","twitter_card":"summary_large_image","twitter_misc":{"Tiempo de lectura":"2 minutos"},"schema":{"@context":"https:\/\/schema.org","@graph":[{"@type":"WebPage","@id":"https:\/\/www.habitand.com\/es\/propiedades-alquiler-escaldes-engordany\/","url":"https:\/\/www.habitand.com\/es\/propiedades-alquiler-escaldes-engordany\/","name":"Propiedades en alquiler en Escaldes-Engordany - Habitand Andorra","isPartOf":{"@id":"https:\/\/www.habitand.com\/#website"},"datePublished":"2016-12-23T10:17:05+00:00","dateModified":"2017-02-08T15:10:15+00:00","description":"\u00bfBuscando propiedades en aqluiler en Escaldes-Engordany? Habitand le ofrece propiedades y bienes ra\u00edces en Andorra de varios agentes inmobiliarios","breadcrumb":{"@id":"https:\/\/www.habitand.com\/es\/propiedades-alquiler-escaldes-engordany\/#breadcrumb"},"inLanguage":"es","potentialAction":[{"@type":"ReadAction","target":["https:\/\/www.habitand.com\/es\/propiedades-alquiler-escaldes-engordany\/"]}]},{"@type":"BreadcrumbList","@id":"https:\/\/www.habitand.com\/es\/propiedades-alquiler-escaldes-engordany\/#breadcrumb","itemListElement":[{"@type":"ListItem","position":1,"name":"Home","item":"https:\/\/www.habitand.com\/es\/"},{"@type":"ListItem","position":2,"name":"Propiedades en alquiler en Escaldes-Engordany"}]},{"@type":"WebSite","@id":"https:\/\/www.habitand.com\/#website","url":"https:\/\/www.habitand.com\/","name":"Habitand Andorra","description":"","potentialAction":[{"@type":"SearchAction","target":{"@type":"EntryPoint","urlTemplate":"https:\/\/www.habitand.com\/?s={search_term_string}"},"query-input":{"@type":"PropertyValueSpecification","valueRequired":true,"valueName":"search_term_string"}}],"inLanguage":"es"}]}},"_links":{"self":[{"href":"https:\/\/www.habitand.com\/es\/wp-json\/wp\/v2\/pages\/3961","targetHints":{"allow":["GET"]}}],"collection":[{"href":"https:\/\/www.habitand.com\/es\/wp-json\/wp\/v2\/pages"}],"about":[{"href":"https:\/\/www.habitand.com\/es\/wp-json\/wp\/v2\/types\/page"}],"author":[{"embeddable":true,"href":"https:\/\/www.habitand.com\/es\/wp-json\/wp\/v2\/users\/3"}],"replies":[{"embeddable":true,"href":"https:\/\/www.habitand.com\/es\/wp-json\/wp\/v2\/comments?post=3961"}],"version-history":[{"count":2,"href":"https:\/\/www.habitand.com\/es\/wp-json\/wp\/v2\/pages\/3961\/revisions"}],"predecessor-version":[{"id":3977,"href":"https:\/\/www.habitand.com\/es\/wp-json\/wp\/v2\/pages\/3961\/revisions\/3977"}],"wp:attachment":[{"href":"https:\/\/www.habitand.com\/es\/wp-json\/wp\/v2\/media?parent=3961"}],"curies":[{"name":"wp","href":"https:\/\/api.w.org\/{rel}","templated":true}]}}