{"id":3957,"date":"2016-12-20T11:08:14","date_gmt":"2016-12-20T11:08:14","guid":{"rendered":"https:\/\/www.habitand.com\/es\/?page_id=3957"},"modified":"2017-02-07T18:06:48","modified_gmt":"2017-02-07T18:06:48","slug":"propiedades-alquiler-andorra-la-vella","status":"publish","type":"page","link":"https:\/\/www.habitand.com\/es\/propiedades-alquiler-andorra-la-vella\/","title":{"rendered":"Propiedades en alquiler en Andorra la Vella"},"content":{"rendered":"<p>[vc_row][vc_column][vc_column_text]<\/p>\n<h1>Propiedades en alquiler en Andorra la Vella<\/h1>\n<p>[\/vc_column_text][\/vc_column][\/vc_row][vc_row][vc_column][vc_column_text]Una casa en Andorra la Vella significa disfrutar de los placeres de la vida. La capital del Principado de Andorra se encuentra justo en medio de altas monta\u00f1as y hermosos paisajes. \u00bfQui\u00e9n no querr\u00eda alquilar una propiedad en Andorra la Vella? Es el lugar perfecto para juntar el lujo y el bienestar. Muchas tiendas de joyer\u00eda, ropa y perfumer\u00eda rodeadas de restaurantes de lujo hacen de Andorra la Vella una ciudad definida por la clase y el estilo.<\/p>\n<p>[show_more more=\u00bbleer m\u00e1s&#8230;\u00bb less=\u00bbcerrar\u00bb color=\u00bb#0dbae8&#8243; list=\u00bb\u00bb\u00bb]<\/p>\n<h2>\u00bfC\u00f3mo encontrar una propiedad en alquiler en Andorra la Vella?<\/h2>\n<p>\u00bfEst\u00e1 interesado en vivir en uno de los destinos tur\u00edsticos m\u00e1s visitados por esquiadores apasionados? Entonces alquilar una propiedad en Andorra la Vella es definitivamente la decisi\u00f3n correcta para usted. Durante los \u00faltimos 5 a\u00f1os el turismo ha experimentado un crecimiento sin precedentes en la peque\u00f1a capital. Viniendo de Gran Breta\u00f1a, Francia y Espa\u00f1a, el n\u00famero de visitantes se ha m\u00e1s que duplicado. La industria de la construcci\u00f3n est\u00e1 en pleno auge y encontrar\u00e1 muchos pisos, chalets o casas para alquilar en Andorra la Vella.<br \/>\nEstos son algunos puntos a tener en cuenta al trasladarse a la capital de Andorra.<\/p>\n<h3>1.\t\u00bfPor qu\u00e9 elegir Andorra la Vella?<\/h3>\n<p>Andorra la Vella ofrece m\u00e1s de lo que cabr\u00eda esperar. Las tiendas de lujo para los amantes de las compras y un paseo peatonal rodeado de edificios antiguos e iglesias es lo que va a encontrar al alquilar una propiedad en Andorra la Vella.<\/p>\n<h3>2.\t\u00bfQu\u00e9 hacer en Andorra la Vella?<\/h3>\n<p>La plaza, fuera del edificio del parlamento, alberga una serie de eventos durante el verano y la temporada de invierno. Siempre hay una amplia gama de actividades deportivas para elegir y aire limpio as\u00ed como altos niveles de vida hacen del senderismo, esqu\u00ed, ciclismo o simplemente caminar especialmente agradable en este peque\u00f1o pa\u00eds dentro de los Pirineos.<\/p>\n<h3>3.\tNivel de vida en Andorra la Vella?<\/h3>\n<p>Andorra la Vella es un gran lugar para vivir. Los suaves veranos y los inviernos nevados definen su clima. Andorra es uno de los pa\u00edses con mayor expectativa de vida. Este hecho habla por s\u00ed mismo cuando se considera el nivel de vida en el principado.<br \/>\nNo se preocupe sobre qu\u00e9 mirar cuando busque una propiedad en alquiler en Andorra. D\u00e9jelo en manos de los agentes inmobiliarios experimentados y no quedar\u00e1 decepcionado.<\/p>\n<p>Use Habitand para buscar propiedades en alquiler en Andorra la Vella.[\/show_more][\/vc_column_text][\/vc_column][\/vc_row]<\/p>\n","protected":false},"excerpt":{"rendered":"<p>[vc_row][vc_column][vc_column_text] Propiedades en alquiler en Andorra la Vella [\/vc_column_text][\/vc_column][\/vc_row][vc_row][vc_column][vc_column_text]Una casa en Andorra la Vella significa disfrutar de los placeres de la vida. La capital del Principado de Andorra se encuentra justo en medio de altas monta\u00f1as y hermosos paisajes. \u00bfQui\u00e9n no querr\u00eda alquilar una propiedad en Andorra la Vella? Es el lugar perfecto para juntar [&hellip;]<\/p>\n","protected":false},"author":3,"featured_media":0,"parent":0,"menu_order":0,"comment_status":"closed","ping_status":"closed","template":"page-templates\/properties-list.php","meta":{"footnotes":""},"class_list":["post-3957","page","type-page","status-publish","hentry"],"yoast_head":"<!-- This site is optimized with the Yoast SEO plugin v27.4 - https:\/\/yoast.com\/product\/yoast-seo-wordpress\/ -->\n<title>Propiedades en alquiler en Andorra la Vella - Habitand Andorra<\/title>\n<meta name=\"description\" content=\"\u00bfBuscando propiedades en alquiler en Andorra la Vella? Habitand le ofrece propiedades y bienes ra\u00edces en Andorra de varios agentes inmobiliarios\" \/>\n<meta name=\"robots\" content=\"index, follow, max-snippet:-1, max-image-preview:large, max-video-preview:-1\" \/>\n<link rel=\"canonical\" href=\"https:\/\/www.habitand.com\/es\/propiedades-alquiler-andorra-la-vella\/\" \/>\n<meta property=\"og:locale\" content=\"es_ES\" \/>\n<meta property=\"og:type\" content=\"article\" \/>\n<meta property=\"og:title\" content=\"Propiedades en alquiler en Andorra la Vella - Habitand Andorra\" \/>\n<meta property=\"og:description\" content=\"\u00bfBuscando propiedades en alquiler en Andorra la Vella? Habitand le ofrece propiedades y bienes ra\u00edces en Andorra de varios agentes inmobiliarios\" \/>\n<meta property=\"og:url\" content=\"https:\/\/www.habitand.com\/es\/propiedades-alquiler-andorra-la-vella\/\" \/>\n<meta property=\"og:site_name\" content=\"Habitand Andorra\" \/>\n<meta property=\"article:modified_time\" content=\"2017-02-07T18:06:48+00:00\" \/>\n<meta name=\"twitter:card\" content=\"summary_large_image\" \/>\n<meta name=\"twitter:label1\" content=\"Tiempo de lectura\" \/>\n\t<meta name=\"twitter:data1\" content=\"2 minutos\" \/>\n<script type=\"application\/ld+json\" class=\"yoast-schema-graph\">{\"@context\":\"https:\\\/\\\/schema.org\",\"@graph\":[{\"@type\":\"WebPage\",\"@id\":\"https:\\\/\\\/www.habitand.com\\\/es\\\/propiedades-alquiler-andorra-la-vella\\\/\",\"url\":\"https:\\\/\\\/www.habitand.com\\\/es\\\/propiedades-alquiler-andorra-la-vella\\\/\",\"name\":\"Propiedades en alquiler en Andorra la Vella - Habitand Andorra\",\"isPartOf\":{\"@id\":\"https:\\\/\\\/www.habitand.com\\\/#website\"},\"datePublished\":\"2016-12-20T11:08:14+00:00\",\"dateModified\":\"2017-02-07T18:06:48+00:00\",\"description\":\"\u00bfBuscando propiedades en alquiler en Andorra la Vella? Habitand le ofrece propiedades y bienes ra\u00edces en Andorra de varios agentes inmobiliarios\",\"breadcrumb\":{\"@id\":\"https:\\\/\\\/www.habitand.com\\\/es\\\/propiedades-alquiler-andorra-la-vella\\\/#breadcrumb\"},\"inLanguage\":\"es\",\"potentialAction\":[{\"@type\":\"ReadAction\",\"target\":[\"https:\\\/\\\/www.habitand.com\\\/es\\\/propiedades-alquiler-andorra-la-vella\\\/\"]}]},{\"@type\":\"BreadcrumbList\",\"@id\":\"https:\\\/\\\/www.habitand.com\\\/es\\\/propiedades-alquiler-andorra-la-vella\\\/#breadcrumb\",\"itemListElement\":[{\"@type\":\"ListItem\",\"position\":1,\"name\":\"Home\",\"item\":\"https:\\\/\\\/www.habitand.com\\\/es\\\/\"},{\"@type\":\"ListItem\",\"position\":2,\"name\":\"Propiedades en alquiler en Andorra la Vella\"}]},{\"@type\":\"WebSite\",\"@id\":\"https:\\\/\\\/www.habitand.com\\\/#website\",\"url\":\"https:\\\/\\\/www.habitand.com\\\/\",\"name\":\"Habitand Andorra\",\"description\":\"\",\"potentialAction\":[{\"@type\":\"SearchAction\",\"target\":{\"@type\":\"EntryPoint\",\"urlTemplate\":\"https:\\\/\\\/www.habitand.com\\\/?s={search_term_string}\"},\"query-input\":{\"@type\":\"PropertyValueSpecification\",\"valueRequired\":true,\"valueName\":\"search_term_string\"}}],\"inLanguage\":\"es\"}]}<\/script>\n<!-- \/ Yoast SEO plugin. -->","yoast_head_json":{"title":"Propiedades en alquiler en Andorra la Vella - Habitand Andorra","description":"\u00bfBuscando propiedades en alquiler en Andorra la Vella? Habitand le ofrece propiedades y bienes ra\u00edces en Andorra de varios agentes inmobiliarios","robots":{"index":"index","follow":"follow","max-snippet":"max-snippet:-1","max-image-preview":"max-image-preview:large","max-video-preview":"max-video-preview:-1"},"canonical":"https:\/\/www.habitand.com\/es\/propiedades-alquiler-andorra-la-vella\/","og_locale":"es_ES","og_type":"article","og_title":"Propiedades en alquiler en Andorra la Vella - Habitand Andorra","og_description":"\u00bfBuscando propiedades en alquiler en Andorra la Vella? Habitand le ofrece propiedades y bienes ra\u00edces en Andorra de varios agentes inmobiliarios","og_url":"https:\/\/www.habitand.com\/es\/propiedades-alquiler-andorra-la-vella\/","og_site_name":"Habitand Andorra","article_modified_time":"2017-02-07T18:06:48+00:00","twitter_card":"summary_large_image","twitter_misc":{"Tiempo de lectura":"2 minutos"},"schema":{"@context":"https:\/\/schema.org","@graph":[{"@type":"WebPage","@id":"https:\/\/www.habitand.com\/es\/propiedades-alquiler-andorra-la-vella\/","url":"https:\/\/www.habitand.com\/es\/propiedades-alquiler-andorra-la-vella\/","name":"Propiedades en alquiler en Andorra la Vella - Habitand Andorra","isPartOf":{"@id":"https:\/\/www.habitand.com\/#website"},"datePublished":"2016-12-20T11:08:14+00:00","dateModified":"2017-02-07T18:06:48+00:00","description":"\u00bfBuscando propiedades en alquiler en Andorra la Vella? Habitand le ofrece propiedades y bienes ra\u00edces en Andorra de varios agentes inmobiliarios","breadcrumb":{"@id":"https:\/\/www.habitand.com\/es\/propiedades-alquiler-andorra-la-vella\/#breadcrumb"},"inLanguage":"es","potentialAction":[{"@type":"ReadAction","target":["https:\/\/www.habitand.com\/es\/propiedades-alquiler-andorra-la-vella\/"]}]},{"@type":"BreadcrumbList","@id":"https:\/\/www.habitand.com\/es\/propiedades-alquiler-andorra-la-vella\/#breadcrumb","itemListElement":[{"@type":"ListItem","position":1,"name":"Home","item":"https:\/\/www.habitand.com\/es\/"},{"@type":"ListItem","position":2,"name":"Propiedades en alquiler en Andorra la Vella"}]},{"@type":"WebSite","@id":"https:\/\/www.habitand.com\/#website","url":"https:\/\/www.habitand.com\/","name":"Habitand Andorra","description":"","potentialAction":[{"@type":"SearchAction","target":{"@type":"EntryPoint","urlTemplate":"https:\/\/www.habitand.com\/?s={search_term_string}"},"query-input":{"@type":"PropertyValueSpecification","valueRequired":true,"valueName":"search_term_string"}}],"inLanguage":"es"}]}},"_links":{"self":[{"href":"https:\/\/www.habitand.com\/es\/wp-json\/wp\/v2\/pages\/3957","targetHints":{"allow":["GET"]}}],"collection":[{"href":"https:\/\/www.habitand.com\/es\/wp-json\/wp\/v2\/pages"}],"about":[{"href":"https:\/\/www.habitand.com\/es\/wp-json\/wp\/v2\/types\/page"}],"author":[{"embeddable":true,"href":"https:\/\/www.habitand.com\/es\/wp-json\/wp\/v2\/users\/3"}],"replies":[{"embeddable":true,"href":"https:\/\/www.habitand.com\/es\/wp-json\/wp\/v2\/comments?post=3957"}],"version-history":[{"count":2,"href":"https:\/\/www.habitand.com\/es\/wp-json\/wp\/v2\/pages\/3957\/revisions"}],"predecessor-version":[{"id":3976,"href":"https:\/\/www.habitand.com\/es\/wp-json\/wp\/v2\/pages\/3957\/revisions\/3976"}],"wp:attachment":[{"href":"https:\/\/www.habitand.com\/es\/wp-json\/wp\/v2\/media?parent=3957"}],"curies":[{"name":"wp","href":"https:\/\/api.w.org\/{rel}","templated":true}]}}