{"id":3946,"date":"2016-12-15T13:58:38","date_gmt":"2016-12-15T13:58:38","guid":{"rendered":"https:\/\/www.habitand.com\/es\/?page_id=3946"},"modified":"2017-02-07T18:06:02","modified_gmt":"2017-02-07T18:06:02","slug":"propiedades-venta-pas-de-la-casa","status":"publish","type":"page","link":"https:\/\/www.habitand.com\/es\/propiedades-venta-pas-de-la-casa\/","title":{"rendered":"Propiedades a la venta en Pas de la Casa"},"content":{"rendered":"<h1>Propiedades a la venta en\u00a0Pas de la Casa<\/h1>\n<p>[vc_row][vc_column][vc_column_text]<br \/>\nImag\u00ednese despertar cada ma\u00f1ana, echar un vistazo alrededor y disfrutar de las impresionantes monta\u00f1as cubiertas de nieve. Esto y mucho m\u00e1s es lo que la regi\u00f3n andorrana Pas de la Casa tiene para ofrecerle. Comprar una propiedad en venta en Pas de la Casa se ha convertido en una tendencia para las personas que buscan mejorar su estilo de vida. Esta hermosa estaci\u00f3n de esqu\u00ed se encuentra justo en la frontera con Francia con vistas a las pistas de Grandvalira. Lejos de las estresantes ciudades y llenas de gente, esta pintoresca zona ofrece un lugar pac\u00edfico y tranquilo rodeado de maravillosas vistas y grandes pistas de esqu\u00ed.<br \/>\n[show_more more=\u00bbleer m\u00e1s&#8230;\u00bb less=\u00bbcerrar\u00bb color=\u00bb#0dbae8&#8243; list=\u00bb\u00bb\u00bb]<\/p>\n<h2>\u00bfQu\u00e9 debe considerar al comprar una propiedad en venta en Pas de la Casa?<\/h2>\n<p>Si usted es un esquiador apasionado y le encantar\u00eda combinar su deporte favorito con las virtudes de poseer una residencia en Andorra, entonces comprar una propiedad en venta en Pas de la Casa podr\u00eda ser perfecto para usted. Adem\u00e1s, esta regi\u00f3n se encuentra cerca de Francia y tiene excelentes conexiones por carretera con el pa\u00eds vecino.<\/p>\n<h3>1.\t\u00bfQu\u00e9 hacer en Pas de la Casa?<\/h3>\n<p>Esqu\u00ed en el invierno y el senderismo de monta\u00f1a en el verano son dos de las principales actividades de ocio que los visitantes y reci\u00e9n llegados pueden disfrutar en la zona. Adem\u00e1s del bello paisaje natural que se puede disfrutar durante todo el a\u00f1o, Pas de la Casa tambi\u00e9n acoge la Fiesta de San Pedro, que se celebra cada 29 de junio.<\/p>\n<h3>2.\tEl clima en Pas de la Casa<\/h3>\n<p>Pas de la Casa goza de condiciones ventajosas para el esqu\u00ed. Los fr\u00edos inviernos prometen laderas cubiertas de nieve. Por lo tanto, cuando busque propiedades en venta en Pas de la Casa siempre debe considerar caracter\u00edsticas importantes como el calor del hogar, chimeneas y un buen sistema de calefacci\u00f3n, lo que crear\u00e1 el lugar adecuado para relajarse c\u00f3modamente mientras toma una c\u00e1lida taza de caf\u00e9.<\/p>\n<h3>3.\t\u00bfC\u00f3mo encontrar el agente de bienes y ra\u00edces adecuado para propiedades en Pas de la Casa?<\/h3>\n<p>Encontrar lo que es conveniente cuando se trata de comprar una propiedad nunca ha sido tan f\u00e1cil. Experimentados agentes de bienes ra\u00edces y asesores especializados todos en un mismo lugar.<\/p>\n<p>Utilice Habitand para buscar villas y chalets en venta en Pas de la Casa.[\/show_more][\/vc_column_text][\/vc_column][\/vc_row]<\/p>\n","protected":false},"excerpt":{"rendered":"<p>Propiedades a la venta en\u00a0Pas de la Casa [vc_row][vc_column][vc_column_text] Imag\u00ednese despertar cada ma\u00f1ana, echar un vistazo alrededor y disfrutar de las impresionantes monta\u00f1as cubiertas de nieve. Esto y mucho m\u00e1s es lo que la regi\u00f3n andorrana Pas de la Casa tiene para ofrecerle. Comprar una propiedad en venta en Pas de la Casa se ha [&hellip;]<\/p>\n","protected":false},"author":3,"featured_media":0,"parent":0,"menu_order":0,"comment_status":"closed","ping_status":"closed","template":"page-templates\/properties-list.php","meta":{"footnotes":""},"class_list":["post-3946","page","type-page","status-publish","hentry"],"yoast_head":"<!-- This site is optimized with the Yoast SEO plugin v27.4 - https:\/\/yoast.com\/product\/yoast-seo-wordpress\/ -->\n<title>Propiedades a la venta en Pas de la Casa - Habitand Andorra<\/title>\n<meta name=\"description\" content=\"\u00bfBuscando propiedades en venta en Pas de la Casa? Habitand le ofrece propiedades y bienes ra\u00edces en Andorra de varios agentes inmobiliarios\" \/>\n<meta name=\"robots\" content=\"index, follow, max-snippet:-1, max-image-preview:large, max-video-preview:-1\" \/>\n<link rel=\"canonical\" href=\"https:\/\/www.habitand.com\/es\/propiedades-venta-pas-de-la-casa\/\" \/>\n<meta property=\"og:locale\" content=\"es_ES\" \/>\n<meta property=\"og:type\" content=\"article\" \/>\n<meta property=\"og:title\" content=\"Propiedades a la venta en Pas de la Casa - Habitand Andorra\" \/>\n<meta property=\"og:description\" content=\"\u00bfBuscando propiedades en venta en Pas de la Casa? Habitand le ofrece propiedades y bienes ra\u00edces en Andorra de varios agentes inmobiliarios\" \/>\n<meta property=\"og:url\" content=\"https:\/\/www.habitand.com\/es\/propiedades-venta-pas-de-la-casa\/\" \/>\n<meta property=\"og:site_name\" content=\"Habitand Andorra\" \/>\n<meta property=\"article:modified_time\" content=\"2017-02-07T18:06:02+00:00\" \/>\n<meta name=\"twitter:card\" content=\"summary_large_image\" \/>\n<meta name=\"twitter:label1\" content=\"Tiempo de lectura\" \/>\n\t<meta name=\"twitter:data1\" content=\"2 minutos\" \/>\n<script type=\"application\/ld+json\" class=\"yoast-schema-graph\">{\"@context\":\"https:\\\/\\\/schema.org\",\"@graph\":[{\"@type\":\"WebPage\",\"@id\":\"https:\\\/\\\/www.habitand.com\\\/es\\\/propiedades-venta-pas-de-la-casa\\\/\",\"url\":\"https:\\\/\\\/www.habitand.com\\\/es\\\/propiedades-venta-pas-de-la-casa\\\/\",\"name\":\"Propiedades a la venta en Pas de la Casa - Habitand Andorra\",\"isPartOf\":{\"@id\":\"https:\\\/\\\/www.habitand.com\\\/#website\"},\"datePublished\":\"2016-12-15T13:58:38+00:00\",\"dateModified\":\"2017-02-07T18:06:02+00:00\",\"description\":\"\u00bfBuscando propiedades en venta en Pas de la Casa? Habitand le ofrece propiedades y bienes ra\u00edces en Andorra de varios agentes inmobiliarios\",\"breadcrumb\":{\"@id\":\"https:\\\/\\\/www.habitand.com\\\/es\\\/propiedades-venta-pas-de-la-casa\\\/#breadcrumb\"},\"inLanguage\":\"es\",\"potentialAction\":[{\"@type\":\"ReadAction\",\"target\":[\"https:\\\/\\\/www.habitand.com\\\/es\\\/propiedades-venta-pas-de-la-casa\\\/\"]}]},{\"@type\":\"BreadcrumbList\",\"@id\":\"https:\\\/\\\/www.habitand.com\\\/es\\\/propiedades-venta-pas-de-la-casa\\\/#breadcrumb\",\"itemListElement\":[{\"@type\":\"ListItem\",\"position\":1,\"name\":\"Home\",\"item\":\"https:\\\/\\\/www.habitand.com\\\/es\\\/\"},{\"@type\":\"ListItem\",\"position\":2,\"name\":\"Propiedades a la venta en Pas de la Casa\"}]},{\"@type\":\"WebSite\",\"@id\":\"https:\\\/\\\/www.habitand.com\\\/#website\",\"url\":\"https:\\\/\\\/www.habitand.com\\\/\",\"name\":\"Habitand Andorra\",\"description\":\"\",\"potentialAction\":[{\"@type\":\"SearchAction\",\"target\":{\"@type\":\"EntryPoint\",\"urlTemplate\":\"https:\\\/\\\/www.habitand.com\\\/?s={search_term_string}\"},\"query-input\":{\"@type\":\"PropertyValueSpecification\",\"valueRequired\":true,\"valueName\":\"search_term_string\"}}],\"inLanguage\":\"es\"}]}<\/script>\n<!-- \/ Yoast SEO plugin. -->","yoast_head_json":{"title":"Propiedades a la venta en Pas de la Casa - Habitand Andorra","description":"\u00bfBuscando propiedades en venta en Pas de la Casa? Habitand le ofrece propiedades y bienes ra\u00edces en Andorra de varios agentes inmobiliarios","robots":{"index":"index","follow":"follow","max-snippet":"max-snippet:-1","max-image-preview":"max-image-preview:large","max-video-preview":"max-video-preview:-1"},"canonical":"https:\/\/www.habitand.com\/es\/propiedades-venta-pas-de-la-casa\/","og_locale":"es_ES","og_type":"article","og_title":"Propiedades a la venta en Pas de la Casa - Habitand Andorra","og_description":"\u00bfBuscando propiedades en venta en Pas de la Casa? Habitand le ofrece propiedades y bienes ra\u00edces en Andorra de varios agentes inmobiliarios","og_url":"https:\/\/www.habitand.com\/es\/propiedades-venta-pas-de-la-casa\/","og_site_name":"Habitand Andorra","article_modified_time":"2017-02-07T18:06:02+00:00","twitter_card":"summary_large_image","twitter_misc":{"Tiempo de lectura":"2 minutos"},"schema":{"@context":"https:\/\/schema.org","@graph":[{"@type":"WebPage","@id":"https:\/\/www.habitand.com\/es\/propiedades-venta-pas-de-la-casa\/","url":"https:\/\/www.habitand.com\/es\/propiedades-venta-pas-de-la-casa\/","name":"Propiedades a la venta en Pas de la Casa - Habitand Andorra","isPartOf":{"@id":"https:\/\/www.habitand.com\/#website"},"datePublished":"2016-12-15T13:58:38+00:00","dateModified":"2017-02-07T18:06:02+00:00","description":"\u00bfBuscando propiedades en venta en Pas de la Casa? Habitand le ofrece propiedades y bienes ra\u00edces en Andorra de varios agentes inmobiliarios","breadcrumb":{"@id":"https:\/\/www.habitand.com\/es\/propiedades-venta-pas-de-la-casa\/#breadcrumb"},"inLanguage":"es","potentialAction":[{"@type":"ReadAction","target":["https:\/\/www.habitand.com\/es\/propiedades-venta-pas-de-la-casa\/"]}]},{"@type":"BreadcrumbList","@id":"https:\/\/www.habitand.com\/es\/propiedades-venta-pas-de-la-casa\/#breadcrumb","itemListElement":[{"@type":"ListItem","position":1,"name":"Home","item":"https:\/\/www.habitand.com\/es\/"},{"@type":"ListItem","position":2,"name":"Propiedades a la venta en Pas de la Casa"}]},{"@type":"WebSite","@id":"https:\/\/www.habitand.com\/#website","url":"https:\/\/www.habitand.com\/","name":"Habitand Andorra","description":"","potentialAction":[{"@type":"SearchAction","target":{"@type":"EntryPoint","urlTemplate":"https:\/\/www.habitand.com\/?s={search_term_string}"},"query-input":{"@type":"PropertyValueSpecification","valueRequired":true,"valueName":"search_term_string"}}],"inLanguage":"es"}]}},"_links":{"self":[{"href":"https:\/\/www.habitand.com\/es\/wp-json\/wp\/v2\/pages\/3946","targetHints":{"allow":["GET"]}}],"collection":[{"href":"https:\/\/www.habitand.com\/es\/wp-json\/wp\/v2\/pages"}],"about":[{"href":"https:\/\/www.habitand.com\/es\/wp-json\/wp\/v2\/types\/page"}],"author":[{"embeddable":true,"href":"https:\/\/www.habitand.com\/es\/wp-json\/wp\/v2\/users\/3"}],"replies":[{"embeddable":true,"href":"https:\/\/www.habitand.com\/es\/wp-json\/wp\/v2\/comments?post=3946"}],"version-history":[{"count":3,"href":"https:\/\/www.habitand.com\/es\/wp-json\/wp\/v2\/pages\/3946\/revisions"}],"predecessor-version":[{"id":3949,"href":"https:\/\/www.habitand.com\/es\/wp-json\/wp\/v2\/pages\/3946\/revisions\/3949"}],"wp:attachment":[{"href":"https:\/\/www.habitand.com\/es\/wp-json\/wp\/v2\/media?parent=3946"}],"curies":[{"name":"wp","href":"https:\/\/api.w.org\/{rel}","templated":true}]}}