{"id":3936,"date":"2016-12-15T10:54:42","date_gmt":"2016-12-15T10:54:42","guid":{"rendered":"https:\/\/www.habitand.com\/es\/?page_id=3936"},"modified":"2017-01-26T17:46:55","modified_gmt":"2017-01-26T17:46:55","slug":"propiedades-venta-canillo","status":"publish","type":"page","link":"https:\/\/www.habitand.com\/es\/propiedades-venta-canillo\/","title":{"rendered":"Propiedades a la venta en Canillo"},"content":{"rendered":"<h1>Propiedades a la venta en\u00a0Canillo<\/h1>\n<p>[vc_row][vc_column][vc_column_text]<br \/>\n\u00bfTe gustar\u00eda experimentar todas las ventajas de vivir en un entorno tranquilo y con unas vistas espectaculares? Entonces comprar una propiedad en venta en Canillo completar\u00e1 totalmente todas tus expectativas. Canillo es la parroquia m\u00e1s grande del pa\u00eds y se encuentra en el noroeste del Principado de Andorra. Una calidad de vida extraordinaria e impresionantes instalaciones de esqu\u00ed atraen tanto a lugare\u00f1os como visitantes que buscan un entorno privilegiado como este.<\/p>\n<p>[show_more more=\u00bbleer m\u00e1s&#8230;\u00bb less=\u00bbcerrar\u00bb color=\u00bb#0dbae8&#8243; list=\u00bb\u00bb\u00bb]<\/p>\n<h2>Cuestiones a considerar cuando compre una propiedad en venta en Canillo<\/h2>\n<p>Cuando invierte en una propiedad en venta en Canillo hay ciertos aspectos que deben ser analizados. Si monta\u00f1as cubiertas de nieve, la pr\u00e1ctica de deportes de verano y de invierno as\u00ed como la arquitectura son atractivas para ustedes, entonces Canillo es un lugar que definitivamente debe considerar. Ya sea para una residencia primaria o pasiva, esta tranquila parroquia le dar\u00e1 m\u00e1s de una raz\u00f3n para enamorarse. Aqu\u00ed est\u00e1n algunas preguntas comunes que la gente hace cuando busca casas o pisos en Canillo.<\/p>\n<h3>1.\t\u00bfQu\u00e9 hacer en Canillo?<\/h3>\n<p>La disponibilidad de instalaciones deportivas es sin lugar a dudas la caracter\u00edstica principal de Canillo. La parroquia monta\u00f1osa ofrece un mont\u00f3n de sitios para caminar y hacer senderismo durante todo el a\u00f1o. La parroquia tiene una gran variedad de actividades de ocio para ofrecer. Aqu\u00ed usted puede disfrutar de conducir buggies, mushing (trineos tirados por perros), montar a caballo, senderismo, escalada, o hacer esqu\u00ed en Grandvalira. Y para aquellos interesados en las actividades culturales, una visita al Museo de la Moto, el Santuario de Merixtell o la Iglesia de Canillo sin duda ser\u00e1 una experiencia seductora.<\/p>\n<h3>2.\tEl tiempo en Canillo<\/h3>\n<p>Al ser la parroquia m\u00e1s alta del principado, el clima en Canillo es m\u00e1s fr\u00edo y seco que en el resto de las parroquias. Sin embargo, tambi\u00e9n disfruta de veranos suaves con temperaturas medias ligeramente m\u00e1s bajas que el resto de Andorra. Por lo tanto, la calefacci\u00f3n y una acogedora chimenea es algo a buscar al comprar propiedades en venta en Canillo.<\/p>\n<h3>3.\t\u00bfC\u00f3mo encontrar el agente adecuado de bienes ra\u00edces en Canillo?<\/h3>\n<p>Encontrar el agente de bienes ra\u00edces adecuado no es una tarea f\u00e1cil para un reci\u00e9n llegado. Aunque con la experiencia de nuestros agentes no tiene nada de qu\u00e9 preocuparse.<\/p>\n<p>Use Habitand para buscar propiedades en venta en Canillo.[\/show_more][\/vc_column_text][\/vc_column][\/vc_row]<\/p>\n","protected":false},"excerpt":{"rendered":"<p>Propiedades a la venta en\u00a0Canillo [vc_row][vc_column][vc_column_text] \u00bfTe gustar\u00eda experimentar todas las ventajas de vivir en un entorno tranquilo y con unas vistas espectaculares? Entonces comprar una propiedad en venta en Canillo completar\u00e1 totalmente todas tus expectativas. Canillo es la parroquia m\u00e1s grande del pa\u00eds y se encuentra en el noroeste del Principado de Andorra. Una [&hellip;]<\/p>\n","protected":false},"author":3,"featured_media":0,"parent":0,"menu_order":0,"comment_status":"closed","ping_status":"closed","template":"page-templates\/properties-list.php","meta":{"footnotes":""},"class_list":["post-3936","page","type-page","status-publish","hentry"],"yoast_head":"<!-- This site is optimized with the Yoast SEO plugin v27.4 - https:\/\/yoast.com\/product\/yoast-seo-wordpress\/ -->\n<title>Propiedades a la venta en Canillo - Habitand Andorra<\/title>\n<meta name=\"description\" content=\"\u00bfBuscando propiedades en venta en Canillo? Habitand le ofrece propiedades y bienes ra\u00edces en Andorra de varios agentes inmobiliarios\" \/>\n<meta name=\"robots\" content=\"index, follow, max-snippet:-1, max-image-preview:large, max-video-preview:-1\" \/>\n<link rel=\"canonical\" href=\"https:\/\/www.habitand.com\/es\/propiedades-venta-canillo\/\" \/>\n<meta property=\"og:locale\" content=\"es_ES\" \/>\n<meta property=\"og:type\" content=\"article\" \/>\n<meta property=\"og:title\" content=\"Propiedades a la venta en Canillo - Habitand Andorra\" \/>\n<meta property=\"og:description\" content=\"\u00bfBuscando propiedades en venta en Canillo? Habitand le ofrece propiedades y bienes ra\u00edces en Andorra de varios agentes inmobiliarios\" \/>\n<meta property=\"og:url\" content=\"https:\/\/www.habitand.com\/es\/propiedades-venta-canillo\/\" \/>\n<meta property=\"og:site_name\" content=\"Habitand Andorra\" \/>\n<meta property=\"article:modified_time\" content=\"2017-01-26T17:46:55+00:00\" \/>\n<meta name=\"twitter:card\" content=\"summary_large_image\" \/>\n<meta name=\"twitter:label1\" content=\"Tiempo de lectura\" \/>\n\t<meta name=\"twitter:data1\" content=\"2 minutos\" \/>\n<script type=\"application\/ld+json\" class=\"yoast-schema-graph\">{\"@context\":\"https:\\\/\\\/schema.org\",\"@graph\":[{\"@type\":\"WebPage\",\"@id\":\"https:\\\/\\\/www.habitand.com\\\/es\\\/propiedades-venta-canillo\\\/\",\"url\":\"https:\\\/\\\/www.habitand.com\\\/es\\\/propiedades-venta-canillo\\\/\",\"name\":\"Propiedades a la venta en Canillo - Habitand Andorra\",\"isPartOf\":{\"@id\":\"https:\\\/\\\/www.habitand.com\\\/#website\"},\"datePublished\":\"2016-12-15T10:54:42+00:00\",\"dateModified\":\"2017-01-26T17:46:55+00:00\",\"description\":\"\u00bfBuscando propiedades en venta en Canillo? Habitand le ofrece propiedades y bienes ra\u00edces en Andorra de varios agentes inmobiliarios\",\"breadcrumb\":{\"@id\":\"https:\\\/\\\/www.habitand.com\\\/es\\\/propiedades-venta-canillo\\\/#breadcrumb\"},\"inLanguage\":\"es\",\"potentialAction\":[{\"@type\":\"ReadAction\",\"target\":[\"https:\\\/\\\/www.habitand.com\\\/es\\\/propiedades-venta-canillo\\\/\"]}]},{\"@type\":\"BreadcrumbList\",\"@id\":\"https:\\\/\\\/www.habitand.com\\\/es\\\/propiedades-venta-canillo\\\/#breadcrumb\",\"itemListElement\":[{\"@type\":\"ListItem\",\"position\":1,\"name\":\"Home\",\"item\":\"https:\\\/\\\/www.habitand.com\\\/es\\\/\"},{\"@type\":\"ListItem\",\"position\":2,\"name\":\"Propiedades a la venta en Canillo\"}]},{\"@type\":\"WebSite\",\"@id\":\"https:\\\/\\\/www.habitand.com\\\/#website\",\"url\":\"https:\\\/\\\/www.habitand.com\\\/\",\"name\":\"Habitand Andorra\",\"description\":\"\",\"potentialAction\":[{\"@type\":\"SearchAction\",\"target\":{\"@type\":\"EntryPoint\",\"urlTemplate\":\"https:\\\/\\\/www.habitand.com\\\/?s={search_term_string}\"},\"query-input\":{\"@type\":\"PropertyValueSpecification\",\"valueRequired\":true,\"valueName\":\"search_term_string\"}}],\"inLanguage\":\"es\"}]}<\/script>\n<!-- \/ Yoast SEO plugin. -->","yoast_head_json":{"title":"Propiedades a la venta en Canillo - Habitand Andorra","description":"\u00bfBuscando propiedades en venta en Canillo? Habitand le ofrece propiedades y bienes ra\u00edces en Andorra de varios agentes inmobiliarios","robots":{"index":"index","follow":"follow","max-snippet":"max-snippet:-1","max-image-preview":"max-image-preview:large","max-video-preview":"max-video-preview:-1"},"canonical":"https:\/\/www.habitand.com\/es\/propiedades-venta-canillo\/","og_locale":"es_ES","og_type":"article","og_title":"Propiedades a la venta en Canillo - Habitand Andorra","og_description":"\u00bfBuscando propiedades en venta en Canillo? Habitand le ofrece propiedades y bienes ra\u00edces en Andorra de varios agentes inmobiliarios","og_url":"https:\/\/www.habitand.com\/es\/propiedades-venta-canillo\/","og_site_name":"Habitand Andorra","article_modified_time":"2017-01-26T17:46:55+00:00","twitter_card":"summary_large_image","twitter_misc":{"Tiempo de lectura":"2 minutos"},"schema":{"@context":"https:\/\/schema.org","@graph":[{"@type":"WebPage","@id":"https:\/\/www.habitand.com\/es\/propiedades-venta-canillo\/","url":"https:\/\/www.habitand.com\/es\/propiedades-venta-canillo\/","name":"Propiedades a la venta en Canillo - Habitand Andorra","isPartOf":{"@id":"https:\/\/www.habitand.com\/#website"},"datePublished":"2016-12-15T10:54:42+00:00","dateModified":"2017-01-26T17:46:55+00:00","description":"\u00bfBuscando propiedades en venta en Canillo? Habitand le ofrece propiedades y bienes ra\u00edces en Andorra de varios agentes inmobiliarios","breadcrumb":{"@id":"https:\/\/www.habitand.com\/es\/propiedades-venta-canillo\/#breadcrumb"},"inLanguage":"es","potentialAction":[{"@type":"ReadAction","target":["https:\/\/www.habitand.com\/es\/propiedades-venta-canillo\/"]}]},{"@type":"BreadcrumbList","@id":"https:\/\/www.habitand.com\/es\/propiedades-venta-canillo\/#breadcrumb","itemListElement":[{"@type":"ListItem","position":1,"name":"Home","item":"https:\/\/www.habitand.com\/es\/"},{"@type":"ListItem","position":2,"name":"Propiedades a la venta en Canillo"}]},{"@type":"WebSite","@id":"https:\/\/www.habitand.com\/#website","url":"https:\/\/www.habitand.com\/","name":"Habitand Andorra","description":"","potentialAction":[{"@type":"SearchAction","target":{"@type":"EntryPoint","urlTemplate":"https:\/\/www.habitand.com\/?s={search_term_string}"},"query-input":{"@type":"PropertyValueSpecification","valueRequired":true,"valueName":"search_term_string"}}],"inLanguage":"es"}]}},"_links":{"self":[{"href":"https:\/\/www.habitand.com\/es\/wp-json\/wp\/v2\/pages\/3936","targetHints":{"allow":["GET"]}}],"collection":[{"href":"https:\/\/www.habitand.com\/es\/wp-json\/wp\/v2\/pages"}],"about":[{"href":"https:\/\/www.habitand.com\/es\/wp-json\/wp\/v2\/types\/page"}],"author":[{"embeddable":true,"href":"https:\/\/www.habitand.com\/es\/wp-json\/wp\/v2\/users\/3"}],"replies":[{"embeddable":true,"href":"https:\/\/www.habitand.com\/es\/wp-json\/wp\/v2\/comments?post=3936"}],"version-history":[{"count":1,"href":"https:\/\/www.habitand.com\/es\/wp-json\/wp\/v2\/pages\/3936\/revisions"}],"predecessor-version":[{"id":3937,"href":"https:\/\/www.habitand.com\/es\/wp-json\/wp\/v2\/pages\/3936\/revisions\/3937"}],"wp:attachment":[{"href":"https:\/\/www.habitand.com\/es\/wp-json\/wp\/v2\/media?parent=3936"}],"curies":[{"name":"wp","href":"https:\/\/api.w.org\/{rel}","templated":true}]}}