{"id":3919,"date":"2016-11-21T11:20:57","date_gmt":"2016-11-21T11:20:57","guid":{"rendered":"https:\/\/www.habitand.com\/es\/?page_id=3919"},"modified":"2017-02-08T15:13:06","modified_gmt":"2017-02-08T15:13:06","slug":"propiedades-venta-andorra-la-vella","status":"publish","type":"page","link":"https:\/\/www.habitand.com\/es\/propiedades-venta-andorra-la-vella\/","title":{"rendered":"Propiedades en venta en Andorra la Vella"},"content":{"rendered":"<p>[vc_row][vc_column][vc_column_text]<\/p>\n<h1>Propiedades en venta en Andorra la Vella<\/h1>\n<p>[\/vc_column_text][\/vc_column][\/vc_row][vc_row][vc_column][vc_column_text]\u00bfEst\u00e1 buscando una propiedad en medio del movimiento y ruido urbano de Andorra? Entonces un piso o una casa en Andorra la Vella, la capital del principado, ser\u00eda la mejor opci\u00f3n para usted. Este centro de operaciones financieras le ofrece a corta distancia acceso a bancos, edificios gubernamentales y tiendas. Adem\u00e1s, la prestigiosa zona ofrece tambi\u00e9n alguna de las mejores gastronom\u00edas de Andorra, as\u00ed como tambi\u00e9n a corta distancia hospitales, m\u00e9dicos, escuelas internacionales y la universidad.<\/p>\n<p>[show_more more=\u00bbleer m\u00e1s&#8230;\u00bb less=\u00bbcerrar\u00bb color=\u00bb#0dbae8&#8243; list=\u00bb\u00bb\u00bb]<\/p>\n<h2>\u00bfQu\u00e9 debe considerar cuando compre una propiedad en venta en Andorra la Vella?<\/h2>\n<p>Antes de invertir dinero en una propiedad en Andorra la Vella deber\u00eda pensar en sus propias prioridades. \u00bfPrefiere ir conduciendo en coche o quiere tener acceso a la mayor\u00eda de los servicios a corta distancia a pie? Si prefiere lo segundo Andorra la Vella se ajusta perfectamente a sus necesidades. Aqu\u00ed hay algunas preguntas comunes que la gente hace acerca de la ciudad.<\/p>\n<h3>1. \u00bfSeguir\u00e9 disfrutando del pintoresco paisaje monta\u00f1oso de Andorra si me mudo a la capital Andorra la Vella?<\/h3>\n<p>\u00a1La respuesta es S\u00cd! La ubicaci\u00f3n privilegiada de Andorra la Vella la sit\u00faa en un valle rodeado por dos arroyos de monta\u00f1a que contribuyen a grandes vistas donde quiera que mires. Debido al paisaje monta\u00f1oso muchos chalets, casas y pisos ofrecen una vista impresionante sobre el valle y hasta las monta\u00f1as. Este paisaje lo hace tambi\u00e9n una opci\u00f3n atractiva si busca una casa de vacaciones en Andorra la Vella.<\/p>\n<h3>2. \u00bfQu\u00e9 idioma hablan en Andorra?<\/h3>\n<p>En Andorra la Vella conviven muchas culturas. De catal\u00e1n, la lengua oficial de Andorra, al espa\u00f1ol, franc\u00e9s e ingl\u00e9s, la mayor\u00eda de los habitantes de Andorra hablan varios idiomas. Debido a esto siempre ser\u00e1 capaz de moverse por la ciudad hablando en ingl\u00e9s.<\/p>\n<h3>3. \u00bfQu\u00e9 actividades de ocio ofrece Andorra la Vella?<\/h3>\n<p>El Principado de Andorra es conocido por el esqu\u00ed que se puede disfrutar en los Pirineos durante todo el invierno. En el verano, el ciclismo, la escalada o el senderismo representan un pasatiempo maravilloso tanto para los lugare\u00f1os como para los visitantes. Por otra parte, Andorra la Vella ofrece dos excelentes opciones para los amantes del balneario: INUU y Caldea, donde podr\u00e1 disfrutar de unas agradables piscinas o deleitarse con una amplia gama de t\u00e9cnicas de bienestar y masajes.<\/p>\n<p>Si est\u00e1 buscando una propiedad en venta en Andorra la Vella no dude en contactarnos.[\/show_more][\/vc_column_text][\/vc_column][\/vc_row]<\/p>\n","protected":false},"excerpt":{"rendered":"<p>[vc_row][vc_column][vc_column_text] Propiedades en venta en Andorra la Vella [\/vc_column_text][\/vc_column][\/vc_row][vc_row][vc_column][vc_column_text]\u00bfEst\u00e1 buscando una propiedad en medio del movimiento y ruido urbano de Andorra? Entonces un piso o una casa en Andorra la Vella, la capital del principado, ser\u00eda la mejor opci\u00f3n para usted. Este centro de operaciones financieras le ofrece a corta distancia acceso a bancos, edificios [&hellip;]<\/p>\n","protected":false},"author":3,"featured_media":0,"parent":0,"menu_order":0,"comment_status":"closed","ping_status":"closed","template":"page-templates\/properties-list.php","meta":{"footnotes":""},"class_list":["post-3919","page","type-page","status-publish","hentry"],"yoast_head":"<!-- This site is optimized with the Yoast SEO plugin v27.4 - https:\/\/yoast.com\/product\/yoast-seo-wordpress\/ -->\n<title>Propiedades en venta en Andorra la Vella - Habitand Andorra<\/title>\n<meta name=\"description\" content=\"\u00bfBuscando propiedades en venta en Andorra la Vella? Habitand le ofrece propiedades y bienes ra\u00edces en Andorra de varios agentes inmobiliarios\" \/>\n<meta name=\"robots\" content=\"index, follow, max-snippet:-1, max-image-preview:large, max-video-preview:-1\" \/>\n<link rel=\"canonical\" href=\"https:\/\/www.habitand.com\/es\/propiedades-venta-andorra-la-vella\/\" \/>\n<meta property=\"og:locale\" content=\"es_ES\" \/>\n<meta property=\"og:type\" content=\"article\" \/>\n<meta property=\"og:title\" content=\"Propiedades en venta en Andorra la Vella - Habitand Andorra\" \/>\n<meta property=\"og:description\" content=\"\u00bfBuscando propiedades en venta en Andorra la Vella? Habitand le ofrece propiedades y bienes ra\u00edces en Andorra de varios agentes inmobiliarios\" \/>\n<meta property=\"og:url\" content=\"https:\/\/www.habitand.com\/es\/propiedades-venta-andorra-la-vella\/\" \/>\n<meta property=\"og:site_name\" content=\"Habitand Andorra\" \/>\n<meta property=\"article:modified_time\" content=\"2017-02-08T15:13:06+00:00\" \/>\n<meta name=\"twitter:card\" content=\"summary_large_image\" \/>\n<meta name=\"twitter:label1\" content=\"Tiempo de lectura\" \/>\n\t<meta name=\"twitter:data1\" content=\"2 minutos\" \/>\n<script type=\"application\/ld+json\" class=\"yoast-schema-graph\">{\"@context\":\"https:\\\/\\\/schema.org\",\"@graph\":[{\"@type\":\"WebPage\",\"@id\":\"https:\\\/\\\/www.habitand.com\\\/es\\\/propiedades-venta-andorra-la-vella\\\/\",\"url\":\"https:\\\/\\\/www.habitand.com\\\/es\\\/propiedades-venta-andorra-la-vella\\\/\",\"name\":\"Propiedades en venta en Andorra la Vella - Habitand Andorra\",\"isPartOf\":{\"@id\":\"https:\\\/\\\/www.habitand.com\\\/#website\"},\"datePublished\":\"2016-11-21T11:20:57+00:00\",\"dateModified\":\"2017-02-08T15:13:06+00:00\",\"description\":\"\u00bfBuscando propiedades en venta en Andorra la Vella? Habitand le ofrece propiedades y bienes ra\u00edces en Andorra de varios agentes inmobiliarios\",\"breadcrumb\":{\"@id\":\"https:\\\/\\\/www.habitand.com\\\/es\\\/propiedades-venta-andorra-la-vella\\\/#breadcrumb\"},\"inLanguage\":\"es\",\"potentialAction\":[{\"@type\":\"ReadAction\",\"target\":[\"https:\\\/\\\/www.habitand.com\\\/es\\\/propiedades-venta-andorra-la-vella\\\/\"]}]},{\"@type\":\"BreadcrumbList\",\"@id\":\"https:\\\/\\\/www.habitand.com\\\/es\\\/propiedades-venta-andorra-la-vella\\\/#breadcrumb\",\"itemListElement\":[{\"@type\":\"ListItem\",\"position\":1,\"name\":\"Home\",\"item\":\"https:\\\/\\\/www.habitand.com\\\/es\\\/\"},{\"@type\":\"ListItem\",\"position\":2,\"name\":\"Propiedades en venta en Andorra la Vella\"}]},{\"@type\":\"WebSite\",\"@id\":\"https:\\\/\\\/www.habitand.com\\\/#website\",\"url\":\"https:\\\/\\\/www.habitand.com\\\/\",\"name\":\"Habitand Andorra\",\"description\":\"\",\"potentialAction\":[{\"@type\":\"SearchAction\",\"target\":{\"@type\":\"EntryPoint\",\"urlTemplate\":\"https:\\\/\\\/www.habitand.com\\\/?s={search_term_string}\"},\"query-input\":{\"@type\":\"PropertyValueSpecification\",\"valueRequired\":true,\"valueName\":\"search_term_string\"}}],\"inLanguage\":\"es\"}]}<\/script>\n<!-- \/ Yoast SEO plugin. -->","yoast_head_json":{"title":"Propiedades en venta en Andorra la Vella - Habitand Andorra","description":"\u00bfBuscando propiedades en venta en Andorra la Vella? Habitand le ofrece propiedades y bienes ra\u00edces en Andorra de varios agentes inmobiliarios","robots":{"index":"index","follow":"follow","max-snippet":"max-snippet:-1","max-image-preview":"max-image-preview:large","max-video-preview":"max-video-preview:-1"},"canonical":"https:\/\/www.habitand.com\/es\/propiedades-venta-andorra-la-vella\/","og_locale":"es_ES","og_type":"article","og_title":"Propiedades en venta en Andorra la Vella - Habitand Andorra","og_description":"\u00bfBuscando propiedades en venta en Andorra la Vella? Habitand le ofrece propiedades y bienes ra\u00edces en Andorra de varios agentes inmobiliarios","og_url":"https:\/\/www.habitand.com\/es\/propiedades-venta-andorra-la-vella\/","og_site_name":"Habitand Andorra","article_modified_time":"2017-02-08T15:13:06+00:00","twitter_card":"summary_large_image","twitter_misc":{"Tiempo de lectura":"2 minutos"},"schema":{"@context":"https:\/\/schema.org","@graph":[{"@type":"WebPage","@id":"https:\/\/www.habitand.com\/es\/propiedades-venta-andorra-la-vella\/","url":"https:\/\/www.habitand.com\/es\/propiedades-venta-andorra-la-vella\/","name":"Propiedades en venta en Andorra la Vella - Habitand Andorra","isPartOf":{"@id":"https:\/\/www.habitand.com\/#website"},"datePublished":"2016-11-21T11:20:57+00:00","dateModified":"2017-02-08T15:13:06+00:00","description":"\u00bfBuscando propiedades en venta en Andorra la Vella? Habitand le ofrece propiedades y bienes ra\u00edces en Andorra de varios agentes inmobiliarios","breadcrumb":{"@id":"https:\/\/www.habitand.com\/es\/propiedades-venta-andorra-la-vella\/#breadcrumb"},"inLanguage":"es","potentialAction":[{"@type":"ReadAction","target":["https:\/\/www.habitand.com\/es\/propiedades-venta-andorra-la-vella\/"]}]},{"@type":"BreadcrumbList","@id":"https:\/\/www.habitand.com\/es\/propiedades-venta-andorra-la-vella\/#breadcrumb","itemListElement":[{"@type":"ListItem","position":1,"name":"Home","item":"https:\/\/www.habitand.com\/es\/"},{"@type":"ListItem","position":2,"name":"Propiedades en venta en Andorra la Vella"}]},{"@type":"WebSite","@id":"https:\/\/www.habitand.com\/#website","url":"https:\/\/www.habitand.com\/","name":"Habitand Andorra","description":"","potentialAction":[{"@type":"SearchAction","target":{"@type":"EntryPoint","urlTemplate":"https:\/\/www.habitand.com\/?s={search_term_string}"},"query-input":{"@type":"PropertyValueSpecification","valueRequired":true,"valueName":"search_term_string"}}],"inLanguage":"es"}]}},"_links":{"self":[{"href":"https:\/\/www.habitand.com\/es\/wp-json\/wp\/v2\/pages\/3919","targetHints":{"allow":["GET"]}}],"collection":[{"href":"https:\/\/www.habitand.com\/es\/wp-json\/wp\/v2\/pages"}],"about":[{"href":"https:\/\/www.habitand.com\/es\/wp-json\/wp\/v2\/types\/page"}],"author":[{"embeddable":true,"href":"https:\/\/www.habitand.com\/es\/wp-json\/wp\/v2\/users\/3"}],"replies":[{"embeddable":true,"href":"https:\/\/www.habitand.com\/es\/wp-json\/wp\/v2\/comments?post=3919"}],"version-history":[{"count":3,"href":"https:\/\/www.habitand.com\/es\/wp-json\/wp\/v2\/pages\/3919\/revisions"}],"predecessor-version":[{"id":3956,"href":"https:\/\/www.habitand.com\/es\/wp-json\/wp\/v2\/pages\/3919\/revisions\/3956"}],"wp:attachment":[{"href":"https:\/\/www.habitand.com\/es\/wp-json\/wp\/v2\/media?parent=3919"}],"curies":[{"name":"wp","href":"https:\/\/api.w.org\/{rel}","templated":true}]}}