{"id":3916,"date":"2016-11-21T11:12:12","date_gmt":"2016-11-21T11:12:12","guid":{"rendered":"https:\/\/www.habitand.com\/es\/?page_id=3916"},"modified":"2017-02-08T15:13:47","modified_gmt":"2017-02-08T15:13:47","slug":"propiedades-venta-escaldes-engordany","status":"publish","type":"page","link":"https:\/\/www.habitand.com\/es\/propiedades-venta-escaldes-engordany\/","title":{"rendered":"Propiedades en venta en Escaldes-Engordany"},"content":{"rendered":"<h1>Propiedades en venta en\u00a0Escaldes-Engordany<\/h1>\n<p>[vc_row][vc_column][vc_column_text]<br \/>\nUna de las zonas m\u00e1s prestigiosas para comprar una propiedad en Andorra puede encontrarse en Escaldes-Engordany. Comprar un piso o una casa en Escaldes-Engordany te pone justo en medio de maravillosas calles comerciales, restaurantes gourmet y centros de bienestar. Aunque es una parroquia independiente con m\u00e1s de 14,000 habitantes, Escaldes-Engordany colinda con la capital Andorra La Vella. Por lo tanto encontrar\u00e1 cerca edificios gubernamentales, bancos, colegios internacionales, hospitales y m\u00e9dicos a corta distancia.<\/p>\n<p>[show_more more=\u00bbleer m\u00e1s&#8230;\u00bb less=\u00bbcerrar\u00bb color=\u00bb#0dbae8&#8243; list=\u00bb\u00bb\u00bb]<\/p>\n<h2>\u00bfQu\u00e9 considerar al comprar propiedad en venta en Escaldes-Engordany?<\/h2>\n<p>Tomar la decisi\u00f3n de compra siempre exige una cuidadosa consideraci\u00f3n. \u00bfUna propiedad en Escaldes-Engordany cubrir\u00e1 sus necesidades y deseos? \u00bfBusca una conveniente ubicaci\u00f3n en medio del bullicio y el murmullo de Andorra? Aqu\u00ed est\u00e1n algunas preguntas de inter\u00e9s, si est\u00e1 buscando propiedades en venta en Escaldes-Engordany.<\/p>\n<h3>1. \u00bfQu\u00e9 tipo de propiedad es com\u00fan en Escaldes-Engordany?<\/h3>\n<p>Las propiedades en venta en Escaldes-Engordany ofrecen no s\u00f3lo una ubicaci\u00f3n privilegiada, sino tambi\u00e9n una hermosa vista de monta\u00f1a. T\u00edpicos edificios de piedra se entrelazan con los m\u00e1s modernos edificios de oficinas y establecimientos comerciales. En esta \u00e1rea usted encontrar\u00e1 una gran variedad de oficinas, pisos, chalets y casas de vacaciones para comprar.<\/p>\n<h3>2. \u00bfQu\u00e9 hacer en Escaldes-Engordany?<\/h3>\n<p>Comprando una propiedad en Escaldes-Engordany estar\u00e1 invirtiendo en la principal zona comercial de Andorra, convirti\u00e9ndose en una interesante opci\u00f3n para los due\u00f1os de negocios. Sin embargo, debido a su favorable ubicaci\u00f3n vivir aqu\u00ed es tambi\u00e9n una excelente opci\u00f3n. Encontrar\u00e1 hoteles asequibles, muchos restaurantes y discotecas vibrantes. Las mejores pistas de esqu\u00ed de Andorra est\u00e1n a tan s\u00f3lo unos pocos minutos y la parroquia acoge un conocido festival de jazz una vez al a\u00f1o.<br \/>\nSituado cerca del r\u00edo Valira encontrar\u00e1 la zona urbana denominada Les Escaldes, que debe su nombre a la presencia de numerosos manantiales termales en la zona. Es el lugar perfecto para los amantes del bienestar en busca de un relajante viaje para nadar en las aguas termales ricas en sodio y los amantes del deporte, que pueden elegir entre una gran variedad de actividades de esqu\u00ed, ciclismo y senderismo.<br \/>\nSi est\u00e1 buscando una propiedad en Escaldes-Engordany no dude en contactarnos.<\/p>\n<p>Use Habitand para buscar propiedades en venta en Escaldes-Engordany.[\/show_more][\/vc_column_text][\/vc_column][\/vc_row]<\/p>\n","protected":false},"excerpt":{"rendered":"<p>Propiedades en venta en\u00a0Escaldes-Engordany [vc_row][vc_column][vc_column_text] Una de las zonas m\u00e1s prestigiosas para comprar una propiedad en Andorra puede encontrarse en Escaldes-Engordany. Comprar un piso o una casa en Escaldes-Engordany te pone justo en medio de maravillosas calles comerciales, restaurantes gourmet y centros de bienestar. Aunque es una parroquia independiente con m\u00e1s de 14,000 habitantes, Escaldes-Engordany [&hellip;]<\/p>\n","protected":false},"author":3,"featured_media":0,"parent":0,"menu_order":0,"comment_status":"closed","ping_status":"closed","template":"page-templates\/properties-list.php","meta":{"footnotes":""},"class_list":["post-3916","page","type-page","status-publish","hentry"],"yoast_head":"<!-- This site is optimized with the Yoast SEO plugin v27.4 - https:\/\/yoast.com\/product\/yoast-seo-wordpress\/ -->\n<title>Propiedades en venta en Escaldes-Engordany - Habitand Andorra<\/title>\n<meta name=\"description\" content=\"\u00bfBuscando propiedades en venta en Escaldes-Engordany? Habitand le ofrece propiedades y bienes ra\u00edces en Andorra de varios agentes inmobiliarios\" \/>\n<meta name=\"robots\" content=\"index, follow, max-snippet:-1, max-image-preview:large, max-video-preview:-1\" \/>\n<link rel=\"canonical\" href=\"https:\/\/www.habitand.com\/es\/propiedades-venta-escaldes-engordany\/\" \/>\n<meta property=\"og:locale\" content=\"es_ES\" \/>\n<meta property=\"og:type\" content=\"article\" \/>\n<meta property=\"og:title\" content=\"Propiedades en venta en Escaldes-Engordany - Habitand Andorra\" \/>\n<meta property=\"og:description\" content=\"\u00bfBuscando propiedades en venta en Escaldes-Engordany? Habitand le ofrece propiedades y bienes ra\u00edces en Andorra de varios agentes inmobiliarios\" \/>\n<meta property=\"og:url\" content=\"https:\/\/www.habitand.com\/es\/propiedades-venta-escaldes-engordany\/\" \/>\n<meta property=\"og:site_name\" content=\"Habitand Andorra\" \/>\n<meta property=\"article:modified_time\" content=\"2017-02-08T15:13:47+00:00\" \/>\n<meta name=\"twitter:card\" content=\"summary_large_image\" \/>\n<meta name=\"twitter:label1\" content=\"Tiempo de lectura\" \/>\n\t<meta name=\"twitter:data1\" content=\"2 minutos\" \/>\n<script type=\"application\/ld+json\" class=\"yoast-schema-graph\">{\"@context\":\"https:\\\/\\\/schema.org\",\"@graph\":[{\"@type\":\"WebPage\",\"@id\":\"https:\\\/\\\/www.habitand.com\\\/es\\\/propiedades-venta-escaldes-engordany\\\/\",\"url\":\"https:\\\/\\\/www.habitand.com\\\/es\\\/propiedades-venta-escaldes-engordany\\\/\",\"name\":\"Propiedades en venta en Escaldes-Engordany - Habitand Andorra\",\"isPartOf\":{\"@id\":\"https:\\\/\\\/www.habitand.com\\\/#website\"},\"datePublished\":\"2016-11-21T11:12:12+00:00\",\"dateModified\":\"2017-02-08T15:13:47+00:00\",\"description\":\"\u00bfBuscando propiedades en venta en Escaldes-Engordany? Habitand le ofrece propiedades y bienes ra\u00edces en Andorra de varios agentes inmobiliarios\",\"breadcrumb\":{\"@id\":\"https:\\\/\\\/www.habitand.com\\\/es\\\/propiedades-venta-escaldes-engordany\\\/#breadcrumb\"},\"inLanguage\":\"es\",\"potentialAction\":[{\"@type\":\"ReadAction\",\"target\":[\"https:\\\/\\\/www.habitand.com\\\/es\\\/propiedades-venta-escaldes-engordany\\\/\"]}]},{\"@type\":\"BreadcrumbList\",\"@id\":\"https:\\\/\\\/www.habitand.com\\\/es\\\/propiedades-venta-escaldes-engordany\\\/#breadcrumb\",\"itemListElement\":[{\"@type\":\"ListItem\",\"position\":1,\"name\":\"Home\",\"item\":\"https:\\\/\\\/www.habitand.com\\\/es\\\/\"},{\"@type\":\"ListItem\",\"position\":2,\"name\":\"Propiedades en venta en Escaldes-Engordany\"}]},{\"@type\":\"WebSite\",\"@id\":\"https:\\\/\\\/www.habitand.com\\\/#website\",\"url\":\"https:\\\/\\\/www.habitand.com\\\/\",\"name\":\"Habitand Andorra\",\"description\":\"\",\"potentialAction\":[{\"@type\":\"SearchAction\",\"target\":{\"@type\":\"EntryPoint\",\"urlTemplate\":\"https:\\\/\\\/www.habitand.com\\\/?s={search_term_string}\"},\"query-input\":{\"@type\":\"PropertyValueSpecification\",\"valueRequired\":true,\"valueName\":\"search_term_string\"}}],\"inLanguage\":\"es\"}]}<\/script>\n<!-- \/ Yoast SEO plugin. -->","yoast_head_json":{"title":"Propiedades en venta en Escaldes-Engordany - Habitand Andorra","description":"\u00bfBuscando propiedades en venta en Escaldes-Engordany? Habitand le ofrece propiedades y bienes ra\u00edces en Andorra de varios agentes inmobiliarios","robots":{"index":"index","follow":"follow","max-snippet":"max-snippet:-1","max-image-preview":"max-image-preview:large","max-video-preview":"max-video-preview:-1"},"canonical":"https:\/\/www.habitand.com\/es\/propiedades-venta-escaldes-engordany\/","og_locale":"es_ES","og_type":"article","og_title":"Propiedades en venta en Escaldes-Engordany - Habitand Andorra","og_description":"\u00bfBuscando propiedades en venta en Escaldes-Engordany? Habitand le ofrece propiedades y bienes ra\u00edces en Andorra de varios agentes inmobiliarios","og_url":"https:\/\/www.habitand.com\/es\/propiedades-venta-escaldes-engordany\/","og_site_name":"Habitand Andorra","article_modified_time":"2017-02-08T15:13:47+00:00","twitter_card":"summary_large_image","twitter_misc":{"Tiempo de lectura":"2 minutos"},"schema":{"@context":"https:\/\/schema.org","@graph":[{"@type":"WebPage","@id":"https:\/\/www.habitand.com\/es\/propiedades-venta-escaldes-engordany\/","url":"https:\/\/www.habitand.com\/es\/propiedades-venta-escaldes-engordany\/","name":"Propiedades en venta en Escaldes-Engordany - Habitand Andorra","isPartOf":{"@id":"https:\/\/www.habitand.com\/#website"},"datePublished":"2016-11-21T11:12:12+00:00","dateModified":"2017-02-08T15:13:47+00:00","description":"\u00bfBuscando propiedades en venta en Escaldes-Engordany? Habitand le ofrece propiedades y bienes ra\u00edces en Andorra de varios agentes inmobiliarios","breadcrumb":{"@id":"https:\/\/www.habitand.com\/es\/propiedades-venta-escaldes-engordany\/#breadcrumb"},"inLanguage":"es","potentialAction":[{"@type":"ReadAction","target":["https:\/\/www.habitand.com\/es\/propiedades-venta-escaldes-engordany\/"]}]},{"@type":"BreadcrumbList","@id":"https:\/\/www.habitand.com\/es\/propiedades-venta-escaldes-engordany\/#breadcrumb","itemListElement":[{"@type":"ListItem","position":1,"name":"Home","item":"https:\/\/www.habitand.com\/es\/"},{"@type":"ListItem","position":2,"name":"Propiedades en venta en Escaldes-Engordany"}]},{"@type":"WebSite","@id":"https:\/\/www.habitand.com\/#website","url":"https:\/\/www.habitand.com\/","name":"Habitand Andorra","description":"","potentialAction":[{"@type":"SearchAction","target":{"@type":"EntryPoint","urlTemplate":"https:\/\/www.habitand.com\/?s={search_term_string}"},"query-input":{"@type":"PropertyValueSpecification","valueRequired":true,"valueName":"search_term_string"}}],"inLanguage":"es"}]}},"_links":{"self":[{"href":"https:\/\/www.habitand.com\/es\/wp-json\/wp\/v2\/pages\/3916","targetHints":{"allow":["GET"]}}],"collection":[{"href":"https:\/\/www.habitand.com\/es\/wp-json\/wp\/v2\/pages"}],"about":[{"href":"https:\/\/www.habitand.com\/es\/wp-json\/wp\/v2\/types\/page"}],"author":[{"embeddable":true,"href":"https:\/\/www.habitand.com\/es\/wp-json\/wp\/v2\/users\/3"}],"replies":[{"embeddable":true,"href":"https:\/\/www.habitand.com\/es\/wp-json\/wp\/v2\/comments?post=3916"}],"version-history":[{"count":1,"href":"https:\/\/www.habitand.com\/es\/wp-json\/wp\/v2\/pages\/3916\/revisions"}],"predecessor-version":[{"id":3917,"href":"https:\/\/www.habitand.com\/es\/wp-json\/wp\/v2\/pages\/3916\/revisions\/3917"}],"wp:attachment":[{"href":"https:\/\/www.habitand.com\/es\/wp-json\/wp\/v2\/media?parent=3916"}],"curies":[{"name":"wp","href":"https:\/\/api.w.org\/{rel}","templated":true}]}}