{"id":3913,"date":"2016-11-18T17:57:38","date_gmt":"2016-11-18T17:57:38","guid":{"rendered":"https:\/\/www.habitand.com\/es\/?page_id=3913"},"modified":"2017-02-08T15:14:21","modified_gmt":"2017-02-08T15:14:21","slug":"propiedades-venta-la-massana","status":"publish","type":"page","link":"https:\/\/www.habitand.com\/es\/propiedades-venta-la-massana\/","title":{"rendered":"Propiedades en venta en La Massana"},"content":{"rendered":"<h1>Propiedades en venta en La Massana<\/h1>\n<p>[vc_row][vc_column][vc_column_text]<\/p>\n<p>\u00bfSue\u00f1a con tener un comfortable y lujoso chalet en medio de las monta\u00f1as? Vistas espectaculares, total tranquilidad y paz es lo que se puede esperar al comprar una propiedad en venta en La Massana. Residencias vacacionales especiales y lujosas villas est\u00e1n eperando por usted en esta parroquia de monta\u00f1a. No importa lo grande o peque\u00f1o que sea su presupuesto, las propiedades van desde apartamentos asequibles de 1 dormitorio a los \u00e1ticos m\u00e1s impresionantes. Esta parroquia se adapta a todos los que quieran sentirse en la cima del mundo.<\/p>\n<p>[show_more more=\u00bbleer m\u00e1s&#8230;\u00bb less=\u00bbcerrar\u00bb color=\u00bb#0dbae8&#8243; list=\u00bb\u00bb\u00bb]<\/p>\n<h2>\u00bfQu\u00e9 debe considerar cuando compre una propiedad en venta en La Massana?<\/h2>\n<p>Una propiedad a la venta en La Massana le ofrece una gran libertad, aire puro y un ambiente maravilloso y tranquilo. Sin embargo la compra de una casa o un piso es una gran decisi\u00f3n y hay algunos aspectos que deber\u00eda considerara antes de invertir en una propiedad en La Massana.<\/p>\n<h3>1. El clima en La Massana<\/h3>\n<p>El clima es uno de los factores m\u00e1s importantes a tomar en cuenta cuando compre una propiedad en venta en La Massana. Esta hermosa parroquia andorrana tiene frontera con Espa\u00f1a y Francia y ofrece un excelente sitio para los amantes del esqu\u00ed debido a su entorno monta\u00f1oso. La zona m\u00e1s baja se encuentra a 2942 metros (9652 pies). Por lo tanto, las temperaturas dentro de la parroquia var\u00edan dr\u00e1sticamente. En los valles se encuentra un clima m\u00e1s suave, mientras que en las regiones por encima de la l\u00ednea de los \u00e1rboles alpinos (2.300 metros o 7500 pies) es caracter\u00edstico un clima fr\u00edo ideal para las condiciones de esqu\u00ed perfecto. Es por eso que la altitud se convierte en un factor importante en la b\u00fasqueda de su nueva inversi\u00f3n en La Massana.<\/p>\n<h3>2. \u00bfQu\u00e9 hacer en La Massana?<\/h3>\n<p>Cuando compra una propiedad en La Massana se encontrar\u00e1 muy cerca de las mejores pistas de esqu\u00ed de Andorra. Por ello el esqu\u00ed, el snowboard y el ciclismo de nieve comprendan las principales actividades en invierno. Un telef\u00e9rico entre La Massana y Vallnord funciona durante todo el a\u00f1o y se conecta con otros telef\u00e9ricos dentro del resort de esqu\u00ed. En verano, los amantes del deporte pueden disfrutar del senderismo, escalada, ciclismo de monta\u00f1a o montar a caballo. Para los ni\u00f1os peque\u00f1os la parroquia ofrece un parque especial para montar bicicleta mientras que los j\u00f3venes disfrutan de la velocidad con el karting el\u00e9ctrico.<\/p>\n<p>Si est\u00e1 buscando una propiedad en venta en La Massana no dude en contactar con nosotros.<\/p>\n<p>Use Habitand para buscar propiedades en venta en La Massana.[\/show_more][\/vc_column_text][\/vc_column][\/vc_row]<\/p>\n","protected":false},"excerpt":{"rendered":"<p>Propiedades en venta en La Massana [vc_row][vc_column][vc_column_text] \u00bfSue\u00f1a con tener un comfortable y lujoso chalet en medio de las monta\u00f1as? Vistas espectaculares, total tranquilidad y paz es lo que se puede esperar al comprar una propiedad en venta en La Massana. Residencias vacacionales especiales y lujosas villas est\u00e1n eperando por usted en esta parroquia de [&hellip;]<\/p>\n","protected":false},"author":3,"featured_media":0,"parent":0,"menu_order":0,"comment_status":"closed","ping_status":"closed","template":"page-templates\/properties-list.php","meta":{"footnotes":""},"class_list":["post-3913","page","type-page","status-publish","hentry"],"yoast_head":"<!-- This site is optimized with the Yoast SEO plugin v27.4 - https:\/\/yoast.com\/product\/yoast-seo-wordpress\/ -->\n<title>Propiedades en venta en La Massana - Habitand Andorra<\/title>\n<meta name=\"description\" content=\"\u00bfBuscando propiedades en venta en La Massana? Habitand le ofrece propiedades y bienes ra\u00edces en Andorra de varios agentes inmobiliarios\" \/>\n<meta name=\"robots\" content=\"index, follow, max-snippet:-1, max-image-preview:large, max-video-preview:-1\" \/>\n<link rel=\"canonical\" href=\"https:\/\/www.habitand.com\/es\/propiedades-venta-la-massana\/\" \/>\n<meta property=\"og:locale\" content=\"es_ES\" \/>\n<meta property=\"og:type\" content=\"article\" \/>\n<meta property=\"og:title\" content=\"Propiedades en venta en La Massana - Habitand Andorra\" \/>\n<meta property=\"og:description\" content=\"\u00bfBuscando propiedades en venta en La Massana? Habitand le ofrece propiedades y bienes ra\u00edces en Andorra de varios agentes inmobiliarios\" \/>\n<meta property=\"og:url\" content=\"https:\/\/www.habitand.com\/es\/propiedades-venta-la-massana\/\" \/>\n<meta property=\"og:site_name\" content=\"Habitand Andorra\" \/>\n<meta property=\"article:modified_time\" content=\"2017-02-08T15:14:21+00:00\" \/>\n<meta name=\"twitter:card\" content=\"summary_large_image\" \/>\n<meta name=\"twitter:label1\" content=\"Tiempo de lectura\" \/>\n\t<meta name=\"twitter:data1\" content=\"2 minutos\" \/>\n<script type=\"application\/ld+json\" class=\"yoast-schema-graph\">{\"@context\":\"https:\\\/\\\/schema.org\",\"@graph\":[{\"@type\":\"WebPage\",\"@id\":\"https:\\\/\\\/www.habitand.com\\\/es\\\/propiedades-venta-la-massana\\\/\",\"url\":\"https:\\\/\\\/www.habitand.com\\\/es\\\/propiedades-venta-la-massana\\\/\",\"name\":\"Propiedades en venta en La Massana - Habitand Andorra\",\"isPartOf\":{\"@id\":\"https:\\\/\\\/www.habitand.com\\\/#website\"},\"datePublished\":\"2016-11-18T17:57:38+00:00\",\"dateModified\":\"2017-02-08T15:14:21+00:00\",\"description\":\"\u00bfBuscando propiedades en venta en La Massana? Habitand le ofrece propiedades y bienes ra\u00edces en Andorra de varios agentes inmobiliarios\",\"breadcrumb\":{\"@id\":\"https:\\\/\\\/www.habitand.com\\\/es\\\/propiedades-venta-la-massana\\\/#breadcrumb\"},\"inLanguage\":\"es\",\"potentialAction\":[{\"@type\":\"ReadAction\",\"target\":[\"https:\\\/\\\/www.habitand.com\\\/es\\\/propiedades-venta-la-massana\\\/\"]}]},{\"@type\":\"BreadcrumbList\",\"@id\":\"https:\\\/\\\/www.habitand.com\\\/es\\\/propiedades-venta-la-massana\\\/#breadcrumb\",\"itemListElement\":[{\"@type\":\"ListItem\",\"position\":1,\"name\":\"Home\",\"item\":\"https:\\\/\\\/www.habitand.com\\\/es\\\/\"},{\"@type\":\"ListItem\",\"position\":2,\"name\":\"Propiedades en venta en La Massana\"}]},{\"@type\":\"WebSite\",\"@id\":\"https:\\\/\\\/www.habitand.com\\\/#website\",\"url\":\"https:\\\/\\\/www.habitand.com\\\/\",\"name\":\"Habitand Andorra\",\"description\":\"\",\"potentialAction\":[{\"@type\":\"SearchAction\",\"target\":{\"@type\":\"EntryPoint\",\"urlTemplate\":\"https:\\\/\\\/www.habitand.com\\\/?s={search_term_string}\"},\"query-input\":{\"@type\":\"PropertyValueSpecification\",\"valueRequired\":true,\"valueName\":\"search_term_string\"}}],\"inLanguage\":\"es\"}]}<\/script>\n<!-- \/ Yoast SEO plugin. -->","yoast_head_json":{"title":"Propiedades en venta en La Massana - Habitand Andorra","description":"\u00bfBuscando propiedades en venta en La Massana? Habitand le ofrece propiedades y bienes ra\u00edces en Andorra de varios agentes inmobiliarios","robots":{"index":"index","follow":"follow","max-snippet":"max-snippet:-1","max-image-preview":"max-image-preview:large","max-video-preview":"max-video-preview:-1"},"canonical":"https:\/\/www.habitand.com\/es\/propiedades-venta-la-massana\/","og_locale":"es_ES","og_type":"article","og_title":"Propiedades en venta en La Massana - Habitand Andorra","og_description":"\u00bfBuscando propiedades en venta en La Massana? Habitand le ofrece propiedades y bienes ra\u00edces en Andorra de varios agentes inmobiliarios","og_url":"https:\/\/www.habitand.com\/es\/propiedades-venta-la-massana\/","og_site_name":"Habitand Andorra","article_modified_time":"2017-02-08T15:14:21+00:00","twitter_card":"summary_large_image","twitter_misc":{"Tiempo de lectura":"2 minutos"},"schema":{"@context":"https:\/\/schema.org","@graph":[{"@type":"WebPage","@id":"https:\/\/www.habitand.com\/es\/propiedades-venta-la-massana\/","url":"https:\/\/www.habitand.com\/es\/propiedades-venta-la-massana\/","name":"Propiedades en venta en La Massana - Habitand Andorra","isPartOf":{"@id":"https:\/\/www.habitand.com\/#website"},"datePublished":"2016-11-18T17:57:38+00:00","dateModified":"2017-02-08T15:14:21+00:00","description":"\u00bfBuscando propiedades en venta en La Massana? Habitand le ofrece propiedades y bienes ra\u00edces en Andorra de varios agentes inmobiliarios","breadcrumb":{"@id":"https:\/\/www.habitand.com\/es\/propiedades-venta-la-massana\/#breadcrumb"},"inLanguage":"es","potentialAction":[{"@type":"ReadAction","target":["https:\/\/www.habitand.com\/es\/propiedades-venta-la-massana\/"]}]},{"@type":"BreadcrumbList","@id":"https:\/\/www.habitand.com\/es\/propiedades-venta-la-massana\/#breadcrumb","itemListElement":[{"@type":"ListItem","position":1,"name":"Home","item":"https:\/\/www.habitand.com\/es\/"},{"@type":"ListItem","position":2,"name":"Propiedades en venta en La Massana"}]},{"@type":"WebSite","@id":"https:\/\/www.habitand.com\/#website","url":"https:\/\/www.habitand.com\/","name":"Habitand Andorra","description":"","potentialAction":[{"@type":"SearchAction","target":{"@type":"EntryPoint","urlTemplate":"https:\/\/www.habitand.com\/?s={search_term_string}"},"query-input":{"@type":"PropertyValueSpecification","valueRequired":true,"valueName":"search_term_string"}}],"inLanguage":"es"}]}},"_links":{"self":[{"href":"https:\/\/www.habitand.com\/es\/wp-json\/wp\/v2\/pages\/3913","targetHints":{"allow":["GET"]}}],"collection":[{"href":"https:\/\/www.habitand.com\/es\/wp-json\/wp\/v2\/pages"}],"about":[{"href":"https:\/\/www.habitand.com\/es\/wp-json\/wp\/v2\/types\/page"}],"author":[{"embeddable":true,"href":"https:\/\/www.habitand.com\/es\/wp-json\/wp\/v2\/users\/3"}],"replies":[{"embeddable":true,"href":"https:\/\/www.habitand.com\/es\/wp-json\/wp\/v2\/comments?post=3913"}],"version-history":[{"count":2,"href":"https:\/\/www.habitand.com\/es\/wp-json\/wp\/v2\/pages\/3913\/revisions"}],"predecessor-version":[{"id":3923,"href":"https:\/\/www.habitand.com\/es\/wp-json\/wp\/v2\/pages\/3913\/revisions\/3923"}],"wp:attachment":[{"href":"https:\/\/www.habitand.com\/es\/wp-json\/wp\/v2\/media?parent=3913"}],"curies":[{"name":"wp","href":"https:\/\/api.w.org\/{rel}","templated":true}]}}