{"id":3910,"date":"2016-11-18T17:51:38","date_gmt":"2016-11-18T17:51:38","guid":{"rendered":"https:\/\/www.habitand.com\/es\/?page_id=3910"},"modified":"2017-02-07T18:05:15","modified_gmt":"2017-02-07T18:05:15","slug":"propiedades-venta-ordino","status":"publish","type":"page","link":"https:\/\/www.habitand.com\/es\/propiedades-venta-ordino\/","title":{"rendered":"Propiedades a la venta en Ordino"},"content":{"rendered":"<h1>Propiedades a la venta en Ordino<\/h1>\n<p>[vc_row][vc_column][vc_column_text]<br \/>\nOrdino es una de las parroquias m\u00e1s pintorescas de Andorra. Aqu\u00ed encontrar\u00e1 una amplia cantidad de inmuebles en venta. \u00c1ticos, pisos, la t\u00edpica casa adosada o hermosos chalets de monta\u00f1a constituyen la fant\u00e1stica variedad de bienes inmuebles disponibles para su propia inversi\u00f3n. El poblado se encuentra pr\u00e1cticamente en el medio del principado y alberga el Auditorio Nacional de Andorra. Si se decide a comprar una propiedad en Ordino tendr\u00e1 r\u00e1pido acceso a conciertos de m\u00fasica cl\u00e1sica. Adem\u00e1s, la zona ofrece sitios aislados y hermosas vistas que hacen de esta parroquia la opci\u00f3n perfecta para cualquier amante de la naturaleza.<br \/>\n[show_more more=\u00bbleer m\u00e1s&#8230;\u00bb less=\u00bbcerrar\u00bb color=\u00bb#0dbae8&#8243; list=\u00bb\u00bb\u00bb]<\/p>\n<h2>Consideraciones a tomar en cuenta a la hora de comprar un inmueble en Ordino<\/h2>\n<p>Los inmuebles a la venta en Ordino le ofrecen naturaleza hermosa, paz y tranquilidad. El centro del poblado est\u00e1 justo en la mitad de Andorra y los esquiadores disfrutar\u00e1n de la monta\u00f1a Vallnord o del resort de Pals que se encuentra muy cerca. Sin embargo, invertir en una residencia vacacional, un piso o una casa en Ordino requiere tomar en cuenta ciertos aspectos. Aqu\u00ed encontrar\u00e1 algunas preguntas comunes que debe considerar.<\/p>\n<h3>1. El clima en Ordino<\/h3>\n<p>La altitud de Ordino determina el clina de esta parroquia. La explicaci\u00f3n es sencilla; mientras m\u00e1s alto vayas m\u00e1s fr\u00edo ser\u00e1 el clima. Para los amantes del esqu\u00ed  Ordino ofrece excelentes condiciones  ya que la \u00e9poca de nieve suele empezar pronto, a principios de noviembre.<\/p>\n<h3>2. \u00bfSe celebran fiestas tradicionales especiales en Ordino?<\/h3>\n<p>En Andorra las tradiciones y costumbres representan un importante rol en cada parroquia. Por ejemplo el lunes de Carnaval las personas en Ordino recuerdan la trampa de los chicos. Las mujeres preparan platos para este evento especial y los j\u00f3venes intentan distraerlas y robar la olla. Hoy en d\u00eda a\u00fan es recordada y la gente celebra y come junta en las calles. Otras festividades incluyen Corpus, Caramelles y Roser Ordino, donde las rosas y flores son entregadas a la mujer. La tradici\u00f3n juega un rol importante en la cultura de Andorra. Aqu\u00ed tendr\u00e1 la oportunidad de aprender y compartir las costumbres locales.<\/p>\n<h3>3. \u00bfD\u00f3nde encontrar un agente inmobiliario en Ordino?<\/h3>\n<p>Cuando compre una propiedad en Ordino tendr\u00e1 que encontrar el agente inmobiliario adecuado que conozca el \u00e1rea bien de manera que encuentre la propiedad de sus sue\u00f1os. Nuestro portal le ayudar\u00e1 a escoger entre los agentes inmobiliarios m\u00e1s interesantes para buscar pisos y casas en Ordino.<br \/>\nUse Habitand para buscar propiedades en venta en Ordino.[\/show_more][\/vc_column_text][\/vc_column][\/vc_row]<\/p>\n","protected":false},"excerpt":{"rendered":"<p>Propiedades a la venta en Ordino [vc_row][vc_column][vc_column_text] Ordino es una de las parroquias m\u00e1s pintorescas de Andorra. Aqu\u00ed encontrar\u00e1 una amplia cantidad de inmuebles en venta. \u00c1ticos, pisos, la t\u00edpica casa adosada o hermosos chalets de monta\u00f1a constituyen la fant\u00e1stica variedad de bienes inmuebles disponibles para su propia inversi\u00f3n. El poblado se encuentra pr\u00e1cticamente en [&hellip;]<\/p>\n","protected":false},"author":3,"featured_media":0,"parent":0,"menu_order":0,"comment_status":"closed","ping_status":"closed","template":"page-templates\/properties-list.php","meta":{"footnotes":""},"class_list":["post-3910","page","type-page","status-publish","hentry"],"yoast_head":"<!-- This site is optimized with the Yoast SEO plugin v27.4 - https:\/\/yoast.com\/product\/yoast-seo-wordpress\/ -->\n<title>Propiedades a la venta en Ordino - Habitand Andorra<\/title>\n<meta name=\"description\" content=\"\u00bfBuscando propiedades en venta en Ordino? Habitand le ofrece propiedades y bienes ra\u00edces en Andorra de varios agentes inmobiliarios\" \/>\n<meta name=\"robots\" content=\"index, follow, max-snippet:-1, max-image-preview:large, max-video-preview:-1\" \/>\n<link rel=\"canonical\" href=\"https:\/\/www.habitand.com\/es\/propiedades-venta-ordino\/\" \/>\n<meta property=\"og:locale\" content=\"es_ES\" \/>\n<meta property=\"og:type\" content=\"article\" \/>\n<meta property=\"og:title\" content=\"Propiedades a la venta en Ordino - Habitand Andorra\" \/>\n<meta property=\"og:description\" content=\"\u00bfBuscando propiedades en venta en Ordino? Habitand le ofrece propiedades y bienes ra\u00edces en Andorra de varios agentes inmobiliarios\" \/>\n<meta property=\"og:url\" content=\"https:\/\/www.habitand.com\/es\/propiedades-venta-ordino\/\" \/>\n<meta property=\"og:site_name\" content=\"Habitand Andorra\" \/>\n<meta property=\"article:modified_time\" content=\"2017-02-07T18:05:15+00:00\" \/>\n<meta name=\"twitter:card\" content=\"summary_large_image\" \/>\n<meta name=\"twitter:label1\" content=\"Tiempo de lectura\" \/>\n\t<meta name=\"twitter:data1\" content=\"2 minutos\" \/>\n<script type=\"application\/ld+json\" class=\"yoast-schema-graph\">{\"@context\":\"https:\\\/\\\/schema.org\",\"@graph\":[{\"@type\":\"WebPage\",\"@id\":\"https:\\\/\\\/www.habitand.com\\\/es\\\/propiedades-venta-ordino\\\/\",\"url\":\"https:\\\/\\\/www.habitand.com\\\/es\\\/propiedades-venta-ordino\\\/\",\"name\":\"Propiedades a la venta en Ordino - Habitand Andorra\",\"isPartOf\":{\"@id\":\"https:\\\/\\\/www.habitand.com\\\/#website\"},\"datePublished\":\"2016-11-18T17:51:38+00:00\",\"dateModified\":\"2017-02-07T18:05:15+00:00\",\"description\":\"\u00bfBuscando propiedades en venta en Ordino? Habitand le ofrece propiedades y bienes ra\u00edces en Andorra de varios agentes inmobiliarios\",\"breadcrumb\":{\"@id\":\"https:\\\/\\\/www.habitand.com\\\/es\\\/propiedades-venta-ordino\\\/#breadcrumb\"},\"inLanguage\":\"es\",\"potentialAction\":[{\"@type\":\"ReadAction\",\"target\":[\"https:\\\/\\\/www.habitand.com\\\/es\\\/propiedades-venta-ordino\\\/\"]}]},{\"@type\":\"BreadcrumbList\",\"@id\":\"https:\\\/\\\/www.habitand.com\\\/es\\\/propiedades-venta-ordino\\\/#breadcrumb\",\"itemListElement\":[{\"@type\":\"ListItem\",\"position\":1,\"name\":\"Home\",\"item\":\"https:\\\/\\\/www.habitand.com\\\/es\\\/\"},{\"@type\":\"ListItem\",\"position\":2,\"name\":\"Propiedades a la venta en Ordino\"}]},{\"@type\":\"WebSite\",\"@id\":\"https:\\\/\\\/www.habitand.com\\\/#website\",\"url\":\"https:\\\/\\\/www.habitand.com\\\/\",\"name\":\"Habitand Andorra\",\"description\":\"\",\"potentialAction\":[{\"@type\":\"SearchAction\",\"target\":{\"@type\":\"EntryPoint\",\"urlTemplate\":\"https:\\\/\\\/www.habitand.com\\\/?s={search_term_string}\"},\"query-input\":{\"@type\":\"PropertyValueSpecification\",\"valueRequired\":true,\"valueName\":\"search_term_string\"}}],\"inLanguage\":\"es\"}]}<\/script>\n<!-- \/ Yoast SEO plugin. -->","yoast_head_json":{"title":"Propiedades a la venta en Ordino - Habitand Andorra","description":"\u00bfBuscando propiedades en venta en Ordino? Habitand le ofrece propiedades y bienes ra\u00edces en Andorra de varios agentes inmobiliarios","robots":{"index":"index","follow":"follow","max-snippet":"max-snippet:-1","max-image-preview":"max-image-preview:large","max-video-preview":"max-video-preview:-1"},"canonical":"https:\/\/www.habitand.com\/es\/propiedades-venta-ordino\/","og_locale":"es_ES","og_type":"article","og_title":"Propiedades a la venta en Ordino - Habitand Andorra","og_description":"\u00bfBuscando propiedades en venta en Ordino? Habitand le ofrece propiedades y bienes ra\u00edces en Andorra de varios agentes inmobiliarios","og_url":"https:\/\/www.habitand.com\/es\/propiedades-venta-ordino\/","og_site_name":"Habitand Andorra","article_modified_time":"2017-02-07T18:05:15+00:00","twitter_card":"summary_large_image","twitter_misc":{"Tiempo de lectura":"2 minutos"},"schema":{"@context":"https:\/\/schema.org","@graph":[{"@type":"WebPage","@id":"https:\/\/www.habitand.com\/es\/propiedades-venta-ordino\/","url":"https:\/\/www.habitand.com\/es\/propiedades-venta-ordino\/","name":"Propiedades a la venta en Ordino - Habitand Andorra","isPartOf":{"@id":"https:\/\/www.habitand.com\/#website"},"datePublished":"2016-11-18T17:51:38+00:00","dateModified":"2017-02-07T18:05:15+00:00","description":"\u00bfBuscando propiedades en venta en Ordino? Habitand le ofrece propiedades y bienes ra\u00edces en Andorra de varios agentes inmobiliarios","breadcrumb":{"@id":"https:\/\/www.habitand.com\/es\/propiedades-venta-ordino\/#breadcrumb"},"inLanguage":"es","potentialAction":[{"@type":"ReadAction","target":["https:\/\/www.habitand.com\/es\/propiedades-venta-ordino\/"]}]},{"@type":"BreadcrumbList","@id":"https:\/\/www.habitand.com\/es\/propiedades-venta-ordino\/#breadcrumb","itemListElement":[{"@type":"ListItem","position":1,"name":"Home","item":"https:\/\/www.habitand.com\/es\/"},{"@type":"ListItem","position":2,"name":"Propiedades a la venta en Ordino"}]},{"@type":"WebSite","@id":"https:\/\/www.habitand.com\/#website","url":"https:\/\/www.habitand.com\/","name":"Habitand Andorra","description":"","potentialAction":[{"@type":"SearchAction","target":{"@type":"EntryPoint","urlTemplate":"https:\/\/www.habitand.com\/?s={search_term_string}"},"query-input":{"@type":"PropertyValueSpecification","valueRequired":true,"valueName":"search_term_string"}}],"inLanguage":"es"}]}},"_links":{"self":[{"href":"https:\/\/www.habitand.com\/es\/wp-json\/wp\/v2\/pages\/3910","targetHints":{"allow":["GET"]}}],"collection":[{"href":"https:\/\/www.habitand.com\/es\/wp-json\/wp\/v2\/pages"}],"about":[{"href":"https:\/\/www.habitand.com\/es\/wp-json\/wp\/v2\/types\/page"}],"author":[{"embeddable":true,"href":"https:\/\/www.habitand.com\/es\/wp-json\/wp\/v2\/users\/3"}],"replies":[{"embeddable":true,"href":"https:\/\/www.habitand.com\/es\/wp-json\/wp\/v2\/comments?post=3910"}],"version-history":[{"count":2,"href":"https:\/\/www.habitand.com\/es\/wp-json\/wp\/v2\/pages\/3910\/revisions"}],"predecessor-version":[{"id":3924,"href":"https:\/\/www.habitand.com\/es\/wp-json\/wp\/v2\/pages\/3910\/revisions\/3924"}],"wp:attachment":[{"href":"https:\/\/www.habitand.com\/es\/wp-json\/wp\/v2\/media?parent=3910"}],"curies":[{"name":"wp","href":"https:\/\/api.w.org\/{rel}","templated":true}]}}