{"id":3907,"date":"2016-11-18T17:40:01","date_gmt":"2016-11-18T17:40:01","guid":{"rendered":"https:\/\/www.habitand.com\/es\/?page_id=3907"},"modified":"2017-01-26T17:50:49","modified_gmt":"2017-01-26T17:50:49","slug":"propiedades-venta-encamp","status":"publish","type":"page","link":"https:\/\/www.habitand.com\/es\/propiedades-venta-encamp\/","title":{"rendered":"Propiedades a la venta en Encamp"},"content":{"rendered":"<h1>Propiedades a la venta en\u00a0Encamp<\/h1>\n<p>[vc_row][vc_column][vc_column_text]<br \/>\nImpresionantes vistas a las monta\u00f1as y buenas conexiones al resto de parroquias de Andorra es lo que esperar\u00eda encontrar cuando compra una propiedad en venta en Encamp. Esta parroquia est\u00e1 situada justo al lado del r\u00edo Valira d\u2019Orient, cerca de la frontera de Francia y Espa\u00f1a. El centro de Encamp se encuentra a 1300 metros de altura (4270 pies) y su monta\u00f1a m\u00e1s alta, el Pico dels Pessons, le ofrece no solo impactantes vistas panor\u00e1micas sino tambi\u00e9n estupendas oportunidades para esquiar. Esta ubicaci\u00f3n privilegiada es la ganadora cuando se trata de combinar buenas conexiones de tr\u00e1nsito con precios asequibles en pisos y casas para la venta.<\/p>\n<p>[show_more more=\u00bbleer m\u00e1s&#8230;\u00bb less=\u00bbcerrar\u00bb color=\u00bb#0dbae8&#8243; list=\u00bb\u00bb\u00bb]<\/p>\n<h2>\u00bfQu\u00e9 debe considerar cuando compre una propiedad en venta en Encamp<\/h2>\n<p>Una propiedad en venta en Encamp es una excelente opci\u00f3n para establecerse en Andorra. Si ha decidido su presupuesto y tiene clara la ubicaci\u00f3n, hay unas cuantas cosas a considerar antes de invertir en una residencia vacacional, una oficina o un piso en Encamp.<\/p>\n<h3>1.\tEncuentre el agente inmobiliario adecuado<\/h3>\n<p>Encontrar el agente inmobiliario adecuado es la clave para una b\u00fasqueda exitosa de propiedades que se adapten a sus necesidades. Aseg\u00farese que el agente entienda sus preferencias y entienda sus deseos, hable su idioma y tenga la experiencia necesaria. Mientras est\u00e9 tomando la decisi\u00f3n de su inversi\u00f3n personal, deber\u00eda sentirse c\u00f3modo y encontrarse en buenas manos.<\/p>\n<h3>2.\tConocer el proceso de compra en Andorra<\/h3>\n<p>Un buen agente tiene que informarle, paso a paso, sobre el proceso de compra de propiedades en venta en Encamp. Aseg\u00farese de tener la documentaci\u00f3n necesaria a la mano y cumplir con todos los requisitos exigidos por el gobierno de Andorra. La correcta planificaci\u00f3n del tiempo y de los fondos evitar\u00e1 el estr\u00e9s innecesario y garantizar\u00e1 un procedimiento de compra sin problemas.<\/p>\n<h3>3.\t\u00bfEst\u00e1 interesado en mudarse o establecer una empresa en Encamp?<\/h3>\n<p>Estas cuestiones son importantes al considerar aspectos legales en Andorra. Para abrir un negocio en Encamp necesitar\u00e1 un permiso de residencia, mientras que puede comprar una residencia vacacional sin mayor problema. Si no est\u00e1 seguro acerca de los requisitos de inversi\u00f3n, puede considerar contratar a un asesor de negocios e impuestos que entienda sus necesidades y le ayude con los requisitos previos obligatorios.<\/p>\n<p>Use Habitand para buscar propiedades en venta en Encamp.[\/show_more][\/vc_column_text][\/vc_column][\/vc_row]<\/p>\n","protected":false},"excerpt":{"rendered":"<p>Propiedades a la venta en\u00a0Encamp [vc_row][vc_column][vc_column_text] Impresionantes vistas a las monta\u00f1as y buenas conexiones al resto de parroquias de Andorra es lo que esperar\u00eda encontrar cuando compra una propiedad en venta en Encamp. Esta parroquia est\u00e1 situada justo al lado del r\u00edo Valira d\u2019Orient, cerca de la frontera de Francia y Espa\u00f1a. El centro de [&hellip;]<\/p>\n","protected":false},"author":3,"featured_media":0,"parent":0,"menu_order":0,"comment_status":"closed","ping_status":"closed","template":"page-templates\/properties-list.php","meta":{"footnotes":""},"class_list":["post-3907","page","type-page","status-publish","hentry"],"yoast_head":"<!-- This site is optimized with the Yoast SEO plugin v27.4 - https:\/\/yoast.com\/product\/yoast-seo-wordpress\/ -->\n<title>Propiedades a la venta en Encamp - Habitand Andorra<\/title>\n<meta name=\"description\" content=\"\u00bfBuscando propiedades en venta en Encamp? Habitand le ofrece propiedades y bienes ra\u00edces en Andorra de varios agentes inmobiliarios\" \/>\n<meta name=\"robots\" content=\"index, follow, max-snippet:-1, max-image-preview:large, max-video-preview:-1\" \/>\n<link rel=\"canonical\" href=\"https:\/\/www.habitand.com\/es\/propiedades-venta-encamp\/\" \/>\n<meta property=\"og:locale\" content=\"es_ES\" \/>\n<meta property=\"og:type\" content=\"article\" \/>\n<meta property=\"og:title\" content=\"Propiedades a la venta en Encamp - Habitand Andorra\" \/>\n<meta property=\"og:description\" content=\"\u00bfBuscando propiedades en venta en Encamp? Habitand le ofrece propiedades y bienes ra\u00edces en Andorra de varios agentes inmobiliarios\" \/>\n<meta property=\"og:url\" content=\"https:\/\/www.habitand.com\/es\/propiedades-venta-encamp\/\" \/>\n<meta property=\"og:site_name\" content=\"Habitand Andorra\" \/>\n<meta property=\"article:modified_time\" content=\"2017-01-26T17:50:49+00:00\" \/>\n<meta name=\"twitter:card\" content=\"summary_large_image\" \/>\n<meta name=\"twitter:label1\" content=\"Tiempo de lectura\" \/>\n\t<meta name=\"twitter:data1\" content=\"2 minutos\" \/>\n<script type=\"application\/ld+json\" class=\"yoast-schema-graph\">{\"@context\":\"https:\\\/\\\/schema.org\",\"@graph\":[{\"@type\":\"WebPage\",\"@id\":\"https:\\\/\\\/www.habitand.com\\\/es\\\/propiedades-venta-encamp\\\/\",\"url\":\"https:\\\/\\\/www.habitand.com\\\/es\\\/propiedades-venta-encamp\\\/\",\"name\":\"Propiedades a la venta en Encamp - Habitand Andorra\",\"isPartOf\":{\"@id\":\"https:\\\/\\\/www.habitand.com\\\/#website\"},\"datePublished\":\"2016-11-18T17:40:01+00:00\",\"dateModified\":\"2017-01-26T17:50:49+00:00\",\"description\":\"\u00bfBuscando propiedades en venta en Encamp? Habitand le ofrece propiedades y bienes ra\u00edces en Andorra de varios agentes inmobiliarios\",\"breadcrumb\":{\"@id\":\"https:\\\/\\\/www.habitand.com\\\/es\\\/propiedades-venta-encamp\\\/#breadcrumb\"},\"inLanguage\":\"es\",\"potentialAction\":[{\"@type\":\"ReadAction\",\"target\":[\"https:\\\/\\\/www.habitand.com\\\/es\\\/propiedades-venta-encamp\\\/\"]}]},{\"@type\":\"BreadcrumbList\",\"@id\":\"https:\\\/\\\/www.habitand.com\\\/es\\\/propiedades-venta-encamp\\\/#breadcrumb\",\"itemListElement\":[{\"@type\":\"ListItem\",\"position\":1,\"name\":\"Home\",\"item\":\"https:\\\/\\\/www.habitand.com\\\/es\\\/\"},{\"@type\":\"ListItem\",\"position\":2,\"name\":\"Propiedades a la venta en Encamp\"}]},{\"@type\":\"WebSite\",\"@id\":\"https:\\\/\\\/www.habitand.com\\\/#website\",\"url\":\"https:\\\/\\\/www.habitand.com\\\/\",\"name\":\"Habitand Andorra\",\"description\":\"\",\"potentialAction\":[{\"@type\":\"SearchAction\",\"target\":{\"@type\":\"EntryPoint\",\"urlTemplate\":\"https:\\\/\\\/www.habitand.com\\\/?s={search_term_string}\"},\"query-input\":{\"@type\":\"PropertyValueSpecification\",\"valueRequired\":true,\"valueName\":\"search_term_string\"}}],\"inLanguage\":\"es\"}]}<\/script>\n<!-- \/ Yoast SEO plugin. -->","yoast_head_json":{"title":"Propiedades a la venta en Encamp - Habitand Andorra","description":"\u00bfBuscando propiedades en venta en Encamp? Habitand le ofrece propiedades y bienes ra\u00edces en Andorra de varios agentes inmobiliarios","robots":{"index":"index","follow":"follow","max-snippet":"max-snippet:-1","max-image-preview":"max-image-preview:large","max-video-preview":"max-video-preview:-1"},"canonical":"https:\/\/www.habitand.com\/es\/propiedades-venta-encamp\/","og_locale":"es_ES","og_type":"article","og_title":"Propiedades a la venta en Encamp - Habitand Andorra","og_description":"\u00bfBuscando propiedades en venta en Encamp? Habitand le ofrece propiedades y bienes ra\u00edces en Andorra de varios agentes inmobiliarios","og_url":"https:\/\/www.habitand.com\/es\/propiedades-venta-encamp\/","og_site_name":"Habitand Andorra","article_modified_time":"2017-01-26T17:50:49+00:00","twitter_card":"summary_large_image","twitter_misc":{"Tiempo de lectura":"2 minutos"},"schema":{"@context":"https:\/\/schema.org","@graph":[{"@type":"WebPage","@id":"https:\/\/www.habitand.com\/es\/propiedades-venta-encamp\/","url":"https:\/\/www.habitand.com\/es\/propiedades-venta-encamp\/","name":"Propiedades a la venta en Encamp - Habitand Andorra","isPartOf":{"@id":"https:\/\/www.habitand.com\/#website"},"datePublished":"2016-11-18T17:40:01+00:00","dateModified":"2017-01-26T17:50:49+00:00","description":"\u00bfBuscando propiedades en venta en Encamp? Habitand le ofrece propiedades y bienes ra\u00edces en Andorra de varios agentes inmobiliarios","breadcrumb":{"@id":"https:\/\/www.habitand.com\/es\/propiedades-venta-encamp\/#breadcrumb"},"inLanguage":"es","potentialAction":[{"@type":"ReadAction","target":["https:\/\/www.habitand.com\/es\/propiedades-venta-encamp\/"]}]},{"@type":"BreadcrumbList","@id":"https:\/\/www.habitand.com\/es\/propiedades-venta-encamp\/#breadcrumb","itemListElement":[{"@type":"ListItem","position":1,"name":"Home","item":"https:\/\/www.habitand.com\/es\/"},{"@type":"ListItem","position":2,"name":"Propiedades a la venta en Encamp"}]},{"@type":"WebSite","@id":"https:\/\/www.habitand.com\/#website","url":"https:\/\/www.habitand.com\/","name":"Habitand Andorra","description":"","potentialAction":[{"@type":"SearchAction","target":{"@type":"EntryPoint","urlTemplate":"https:\/\/www.habitand.com\/?s={search_term_string}"},"query-input":{"@type":"PropertyValueSpecification","valueRequired":true,"valueName":"search_term_string"}}],"inLanguage":"es"}]}},"_links":{"self":[{"href":"https:\/\/www.habitand.com\/es\/wp-json\/wp\/v2\/pages\/3907","targetHints":{"allow":["GET"]}}],"collection":[{"href":"https:\/\/www.habitand.com\/es\/wp-json\/wp\/v2\/pages"}],"about":[{"href":"https:\/\/www.habitand.com\/es\/wp-json\/wp\/v2\/types\/page"}],"author":[{"embeddable":true,"href":"https:\/\/www.habitand.com\/es\/wp-json\/wp\/v2\/users\/3"}],"replies":[{"embeddable":true,"href":"https:\/\/www.habitand.com\/es\/wp-json\/wp\/v2\/comments?post=3907"}],"version-history":[{"count":1,"href":"https:\/\/www.habitand.com\/es\/wp-json\/wp\/v2\/pages\/3907\/revisions"}],"predecessor-version":[{"id":3908,"href":"https:\/\/www.habitand.com\/es\/wp-json\/wp\/v2\/pages\/3907\/revisions\/3908"}],"wp:attachment":[{"href":"https:\/\/www.habitand.com\/es\/wp-json\/wp\/v2\/media?parent=3907"}],"curies":[{"name":"wp","href":"https:\/\/api.w.org\/{rel}","templated":true}]}}