{"id":3895,"date":"2016-11-18T17:18:13","date_gmt":"2016-11-18T17:18:13","guid":{"rendered":"https:\/\/www.habitand.com\/es\/?page_id=3895"},"modified":"2017-02-08T15:14:55","modified_gmt":"2017-02-08T15:14:55","slug":"propiedades-venta-sant-julia-de-loria","status":"publish","type":"page","link":"https:\/\/www.habitand.com\/es\/propiedades-venta-sant-julia-de-loria\/","title":{"rendered":"Propiedades en venta en Sant Juli\u00e0 de L\u00f2ria"},"content":{"rendered":"<h1>Propiedades en venta en Sant Juli\u00e0 de L\u00f2ria<\/h1>\n<p>[vc_row][vc_column][vc_column_text]<br \/>\n\u00bfEst\u00e1 buscando una residencia para todo el a\u00f1o con uno de los climas m\u00e1s suaves de Andorra? \u00a1Entonces una propiedad en venta en Sant Juli\u00e0 de L\u00f2ria podr\u00eda ser la elecci\u00f3n correcta para usted! Esta parroquia es conocida por sus eventos culturales y es el hogar del Valle Madriu-Perafita-Claror, el \u00fanico sitio del Principado considerado Patrimonio de la Humanidad por la UNESCO, un \u00e1rea que alberga fauna poco com\u00fan y en peligro de extinci\u00f3n.<br \/>\nSant Juli\u00e0 de L\u00f2ria tambi\u00e9n es famosa por sus eventos deportivos como torneos de ciclismo o los Campeonatos Mundiales de Trial. Estando Andorra la Vella cerca tambi\u00e9n ofrece una atractiva ubicaci\u00f3n para el ocio, restaurantes o tiendas. Por otra parte, Naturlandia, el \u00fanico parque de aventuras de Andorra ofrece grandes actividades de tiempo libre para toda la familia.<br \/>\n[show_more more=\u00bbleer m\u00e1s&#8230;\u00bb less=\u00bbcerrar\u00bb color=\u00bb#0dbae8&#8243; list=\u00bb\u00bb\u00bb]<\/p>\n<h2>\u00bfQu\u00e9 debe considerar cuando compre una propiedad en venta en Sant Juli\u00e0 de L\u00f2ria?<\/h2>\n<p>Una propiedad en venta en Sant Juli\u00e0 de L\u00f2ria le ofrece un ambiente maravilloso cerca del centro activo en Andorra. Aqu\u00ed consigue combinar espacios recreacionales y una conveniente localizaci\u00f3n. Sin embargo, invertir en una casa o piso en Sant Juli\u00e0 de L\u00f2ria requiere una cuidadosa consideraci\u00f3n. Responderemos a las preguntas m\u00e1s comunes.<\/p>\n<h3>1. Clima en Sant Juli\u00e0 de L\u00f2ria<\/h3>\n<p>El clima en Sant Juli\u00e0 de L\u00f2ria es uno de los m\u00e1s suaves de Andorra. El verano en junio, julio, agosto y septiembre tiene buenas temperaturas medias, mientras que diciembre es el mes m\u00e1s fr\u00edo destacando las condiciones ideales para la temporada de esqu\u00ed.<\/p>\n<h3>2. \u00bfC\u00f3mo encontrar un agente inmobiliario para comprar una propiedad en venta en Sant Juli\u00e0 de L\u00f2ria?<\/h3>\n<p>El correcto agente inmobiliario le ayudar\u00e1 en el proceso de compra para que se realice de manera tranquila y le facilite los requisitos y procedimientos necesarios. El agente perfecto le hablar\u00e1 en su idioma, escuchar\u00e1 sus requisitos y le asegurar\u00e1 un proceso libre de problemas.<\/p>\n<h3>3. Proceso de compra<\/h3>\n<p>Al comprar una propiedad en venta en Sant Juli\u00e0 de L\u00f2ria el primer compromiso lo hace al entregar al agente de venta un cierto porcentaje del valor de la propiedad. Luego el contrato de compra debe ser firmado delante de un notario p\u00fablico. Estos son funcionarios nombrados por el gobierno que protegen los intereses tanto de los compradores como de los vendedores. Por lo general todo el proceso toma varias semanas hasta completarse del todo.<\/p>\n<p>Use Habitand para buscar propiedades en venta en Sant Juli\u00e0 de L\u00f2ria.[\/show_more][\/vc_column_text][\/vc_column][\/vc_row]<\/p>\n","protected":false},"excerpt":{"rendered":"<p>Propiedades en venta en Sant Juli\u00e0 de L\u00f2ria [vc_row][vc_column][vc_column_text] \u00bfEst\u00e1 buscando una residencia para todo el a\u00f1o con uno de los climas m\u00e1s suaves de Andorra? \u00a1Entonces una propiedad en venta en Sant Juli\u00e0 de L\u00f2ria podr\u00eda ser la elecci\u00f3n correcta para usted! Esta parroquia es conocida por sus eventos culturales y es el hogar [&hellip;]<\/p>\n","protected":false},"author":3,"featured_media":0,"parent":0,"menu_order":0,"comment_status":"closed","ping_status":"closed","template":"page-templates\/properties-list.php","meta":{"footnotes":""},"class_list":["post-3895","page","type-page","status-publish","hentry"],"yoast_head":"<!-- This site is optimized with the Yoast SEO plugin v27.4 - https:\/\/yoast.com\/product\/yoast-seo-wordpress\/ -->\n<title>Propiedades en venta en Sant Juli\u00e0 de L\u00f2ria - Habitand Andorra<\/title>\n<meta name=\"description\" content=\"\u00bfBuscando propiedades en venta en Sant Juli\u00e0 de L\u00f2ria? Habitand le ofrece propiedades y bienes ra\u00edces en Andorra de varios agentes inmobiliarios\" \/>\n<meta name=\"robots\" content=\"index, follow, max-snippet:-1, max-image-preview:large, max-video-preview:-1\" \/>\n<link rel=\"canonical\" href=\"https:\/\/www.habitand.com\/es\/propiedades-venta-sant-julia-de-loria\/\" \/>\n<meta property=\"og:locale\" content=\"es_ES\" \/>\n<meta property=\"og:type\" content=\"article\" \/>\n<meta property=\"og:title\" content=\"Propiedades en venta en Sant Juli\u00e0 de L\u00f2ria - Habitand Andorra\" \/>\n<meta property=\"og:description\" content=\"\u00bfBuscando propiedades en venta en Sant Juli\u00e0 de L\u00f2ria? Habitand le ofrece propiedades y bienes ra\u00edces en Andorra de varios agentes inmobiliarios\" \/>\n<meta property=\"og:url\" content=\"https:\/\/www.habitand.com\/es\/propiedades-venta-sant-julia-de-loria\/\" \/>\n<meta property=\"og:site_name\" content=\"Habitand Andorra\" \/>\n<meta property=\"article:modified_time\" content=\"2017-02-08T15:14:55+00:00\" \/>\n<meta name=\"twitter:card\" content=\"summary_large_image\" \/>\n<meta name=\"twitter:label1\" content=\"Tiempo de lectura\" \/>\n\t<meta name=\"twitter:data1\" content=\"2 minutos\" \/>\n<script type=\"application\/ld+json\" class=\"yoast-schema-graph\">{\"@context\":\"https:\\\/\\\/schema.org\",\"@graph\":[{\"@type\":\"WebPage\",\"@id\":\"https:\\\/\\\/www.habitand.com\\\/es\\\/propiedades-venta-sant-julia-de-loria\\\/\",\"url\":\"https:\\\/\\\/www.habitand.com\\\/es\\\/propiedades-venta-sant-julia-de-loria\\\/\",\"name\":\"Propiedades en venta en Sant Juli\u00e0 de L\u00f2ria - Habitand Andorra\",\"isPartOf\":{\"@id\":\"https:\\\/\\\/www.habitand.com\\\/#website\"},\"datePublished\":\"2016-11-18T17:18:13+00:00\",\"dateModified\":\"2017-02-08T15:14:55+00:00\",\"description\":\"\u00bfBuscando propiedades en venta en Sant Juli\u00e0 de L\u00f2ria? Habitand le ofrece propiedades y bienes ra\u00edces en Andorra de varios agentes inmobiliarios\",\"breadcrumb\":{\"@id\":\"https:\\\/\\\/www.habitand.com\\\/es\\\/propiedades-venta-sant-julia-de-loria\\\/#breadcrumb\"},\"inLanguage\":\"es\",\"potentialAction\":[{\"@type\":\"ReadAction\",\"target\":[\"https:\\\/\\\/www.habitand.com\\\/es\\\/propiedades-venta-sant-julia-de-loria\\\/\"]}]},{\"@type\":\"BreadcrumbList\",\"@id\":\"https:\\\/\\\/www.habitand.com\\\/es\\\/propiedades-venta-sant-julia-de-loria\\\/#breadcrumb\",\"itemListElement\":[{\"@type\":\"ListItem\",\"position\":1,\"name\":\"Home\",\"item\":\"https:\\\/\\\/www.habitand.com\\\/es\\\/\"},{\"@type\":\"ListItem\",\"position\":2,\"name\":\"Propiedades en venta en Sant Juli\u00e0 de L\u00f2ria\"}]},{\"@type\":\"WebSite\",\"@id\":\"https:\\\/\\\/www.habitand.com\\\/#website\",\"url\":\"https:\\\/\\\/www.habitand.com\\\/\",\"name\":\"Habitand Andorra\",\"description\":\"\",\"potentialAction\":[{\"@type\":\"SearchAction\",\"target\":{\"@type\":\"EntryPoint\",\"urlTemplate\":\"https:\\\/\\\/www.habitand.com\\\/?s={search_term_string}\"},\"query-input\":{\"@type\":\"PropertyValueSpecification\",\"valueRequired\":true,\"valueName\":\"search_term_string\"}}],\"inLanguage\":\"es\"}]}<\/script>\n<!-- \/ Yoast SEO plugin. -->","yoast_head_json":{"title":"Propiedades en venta en Sant Juli\u00e0 de L\u00f2ria - Habitand Andorra","description":"\u00bfBuscando propiedades en venta en Sant Juli\u00e0 de L\u00f2ria? Habitand le ofrece propiedades y bienes ra\u00edces en Andorra de varios agentes inmobiliarios","robots":{"index":"index","follow":"follow","max-snippet":"max-snippet:-1","max-image-preview":"max-image-preview:large","max-video-preview":"max-video-preview:-1"},"canonical":"https:\/\/www.habitand.com\/es\/propiedades-venta-sant-julia-de-loria\/","og_locale":"es_ES","og_type":"article","og_title":"Propiedades en venta en Sant Juli\u00e0 de L\u00f2ria - Habitand Andorra","og_description":"\u00bfBuscando propiedades en venta en Sant Juli\u00e0 de L\u00f2ria? Habitand le ofrece propiedades y bienes ra\u00edces en Andorra de varios agentes inmobiliarios","og_url":"https:\/\/www.habitand.com\/es\/propiedades-venta-sant-julia-de-loria\/","og_site_name":"Habitand Andorra","article_modified_time":"2017-02-08T15:14:55+00:00","twitter_card":"summary_large_image","twitter_misc":{"Tiempo de lectura":"2 minutos"},"schema":{"@context":"https:\/\/schema.org","@graph":[{"@type":"WebPage","@id":"https:\/\/www.habitand.com\/es\/propiedades-venta-sant-julia-de-loria\/","url":"https:\/\/www.habitand.com\/es\/propiedades-venta-sant-julia-de-loria\/","name":"Propiedades en venta en Sant Juli\u00e0 de L\u00f2ria - Habitand Andorra","isPartOf":{"@id":"https:\/\/www.habitand.com\/#website"},"datePublished":"2016-11-18T17:18:13+00:00","dateModified":"2017-02-08T15:14:55+00:00","description":"\u00bfBuscando propiedades en venta en Sant Juli\u00e0 de L\u00f2ria? Habitand le ofrece propiedades y bienes ra\u00edces en Andorra de varios agentes inmobiliarios","breadcrumb":{"@id":"https:\/\/www.habitand.com\/es\/propiedades-venta-sant-julia-de-loria\/#breadcrumb"},"inLanguage":"es","potentialAction":[{"@type":"ReadAction","target":["https:\/\/www.habitand.com\/es\/propiedades-venta-sant-julia-de-loria\/"]}]},{"@type":"BreadcrumbList","@id":"https:\/\/www.habitand.com\/es\/propiedades-venta-sant-julia-de-loria\/#breadcrumb","itemListElement":[{"@type":"ListItem","position":1,"name":"Home","item":"https:\/\/www.habitand.com\/es\/"},{"@type":"ListItem","position":2,"name":"Propiedades en venta en Sant Juli\u00e0 de L\u00f2ria"}]},{"@type":"WebSite","@id":"https:\/\/www.habitand.com\/#website","url":"https:\/\/www.habitand.com\/","name":"Habitand Andorra","description":"","potentialAction":[{"@type":"SearchAction","target":{"@type":"EntryPoint","urlTemplate":"https:\/\/www.habitand.com\/?s={search_term_string}"},"query-input":{"@type":"PropertyValueSpecification","valueRequired":true,"valueName":"search_term_string"}}],"inLanguage":"es"}]}},"_links":{"self":[{"href":"https:\/\/www.habitand.com\/es\/wp-json\/wp\/v2\/pages\/3895","targetHints":{"allow":["GET"]}}],"collection":[{"href":"https:\/\/www.habitand.com\/es\/wp-json\/wp\/v2\/pages"}],"about":[{"href":"https:\/\/www.habitand.com\/es\/wp-json\/wp\/v2\/types\/page"}],"author":[{"embeddable":true,"href":"https:\/\/www.habitand.com\/es\/wp-json\/wp\/v2\/users\/3"}],"replies":[{"embeddable":true,"href":"https:\/\/www.habitand.com\/es\/wp-json\/wp\/v2\/comments?post=3895"}],"version-history":[{"count":5,"href":"https:\/\/www.habitand.com\/es\/wp-json\/wp\/v2\/pages\/3895\/revisions"}],"predecessor-version":[{"id":3901,"href":"https:\/\/www.habitand.com\/es\/wp-json\/wp\/v2\/pages\/3895\/revisions\/3901"}],"wp:attachment":[{"href":"https:\/\/www.habitand.com\/es\/wp-json\/wp\/v2\/media?parent=3895"}],"curies":[{"name":"wp","href":"https:\/\/api.w.org\/{rel}","templated":true}]}}