{"id":3803,"date":"2016-10-13T16:15:46","date_gmt":"2016-10-13T16:15:46","guid":{"rendered":"https:\/\/www.habitand.com\/es\/?page_id=3803"},"modified":"2017-04-06T14:43:05","modified_gmt":"2017-04-06T14:43:05","slug":"propiedades-venta-andorra","status":"publish","type":"page","link":"https:\/\/www.habitand.com\/es\/propiedades-venta-andorra\/","title":{"rendered":"Propiedades en venta en Andorra"},"content":{"rendered":"<h1>Propiedades en venta en Andorra<\/h1>\n<p>[vc_row][vc_column][vc_column_text]En los \u00faltimos a\u00f1os la demanda de propiedades para la venta en Andorra ha crecido de manera constante. \u00bfPor qu\u00e9? Esta es una pregunta f\u00e1cil de contestar.<\/p>\n<p>Andorra ofrece a los compradores de propiedades del extranjero un lugar realmente bonito y seguro con incre\u00edbles paisajes de monta\u00f1a donde quiera que vea. Las nuevas empresas son bienvenidas por un gobierno de bajo riesgo que ofrece un ambiente atractivo de impuestos bajos. Una gran infraestructura, precios asequibles en inmuebles residenciales y aire puro hacen que este pa\u00eds sea m\u00e1s que una buena opci\u00f3n para mudarse. Y no olvide la cercan\u00eda a algunas de las mejores playas de la costa mediterr\u00e1nea de Francia y Espa\u00f1a.<br \/>\n[show_more more=\u00bbleer m\u00e1s&#8230;\u00bb less=\u00bbcerrar\u00bb color=\u00bb#0dbae8&#8243; list=\u00bb\u00bb\u00bb]<\/p>\n<h2>\u00bfC\u00f3mo empezar? Encuentre una propiedad en venta en Andorra<\/h2>\n<p>Afortunadamente el mercado de bienes inmuebles en Andorra es bastante asequible adem\u00e1s de ofrecer una gran variedad de propiedades a la venta como casas, chalets y apartamentos. Pero antes de mudarse a Andorra deber\u00eda tomar en cuenta los siguientes factores:<\/p>\n<h3>1. \u00bfPrefiere la ciudad o la monta\u00f1a?<\/h3>\n<p>Siempre es una decisi\u00f3n importante la compra de una propiedad. Es importante que tenga claro que es lo que quiere antes de empezar a buscar. \u00bfLe gustar\u00eda vivir en Andorra la Vella cerca de la zona comercial como tiendas y restaurantes o prefiere un chalet en una zona tranquila, alejada de la ciudad, en la cima de una monta\u00f1a? Mientras m\u00e1s sepa de sus propios gustos, m\u00e1s f\u00e1cil ser\u00e1 para un agente inmobiliario en Andorra asistirle para que encuentre la propiedad perfecta.<\/p>\n<h3>2. La agencia inmobiliaria correcta en Andorra<\/h3>\n<p>Un nuevo pa\u00eds, un idioma nuevo y reglas y leyes diferentes. Estos son factores importantes a considerar cuando compre un bien inmueble en el extranjero. Pero no se preocupe ya que Andorra posee muchas agencias inmobiliarias que le ayudar\u00e1n a encontrar el lugar ideal.<\/p>\n<h3>3. \u00bfNecesita un permiso de residencia en Andorra para poder comprar una propiedad?<\/h3>\n<p>No, si quiere invertir en Andorra comprando una propiedad no necesita la tarjeta de residencia. Pero es diferente si desea vivir y trabajar en Andorra. Hay algunos requisitos necesarios para la obtenci\u00f3n de la residencia en este Principado con impuestos favorables. Deber\u00eda considerar abrir sus propios negocios. Debido a impuestos alrededor del 2% hace que esta opci\u00f3n sea muy atractiva.<\/p>\n<h2>\u00bfA qu\u00e9 est\u00e1 esperando?<\/h2>\n<p>Andorra tiene mucho que ofrecer para cualquiera que considere comprar una casa o un apartamento. No importa si est\u00e1 buscando una vivienda para pasar las vacaciones, una oficina internacional o una gran propiedad para mudarse. Con la seguridad, excelente cocina y bella naturaleza Andorra es simplemente el lugar perfecto para vivir y trabajar. Use nuestra plataforma para buscar propiedades a la venta en Andorra.<\/p>\n<p>Nuestros principales destinos en Andorra:<\/p>\n<p>Propiedades a la venta en <a href=\"https:\/\/www.habitand.com\/es\/propiedades-venta-andorra-la-vella\/\">Andorra la Vella<\/a><br \/>\nPropiedades a la venta en <a href=\"https:\/\/www.habitand.com\/es\/propiedades-venta-escaldes-engordany\/\">Escaldes-Engordany<\/a><br \/>\nPropiedades a la venta en <a href=\"https:\/\/www.habitand.com\/es\/propiedades-venta-la-massana\/\">La Massana<\/a><br \/>\nPropiedades a la venta en <a href=\"https:\/\/www.habitand.com\/es\/propiedades-venta-encamp\/\">Encamp<\/a><br \/>\nPropiedades a la venta en <a href=\"https:\/\/www.habitand.com\/es\/propiedades-venta-ordino\/\">Ordino<\/a><br \/>\nPropiedades a la venta en <a href=\"https:\/\/www.habitand.com\/es\/propiedades-venta-sant-julia-de-loria\/\">Sant Juli\u00e0 de L\u00f2ria<\/a><br \/>\nPropiedades a la venta en <a href=\"https:\/\/www.habitand.com\/es\/propiedades-venta-canillo\/\">Canillo<\/a><br \/>\nPropiedades a la venta en <a href=\"https:\/\/www.habitand.com\/es\/propiedades-venta-pas-de-la-casa\/\">Pas de la Casa<\/a><\/p>\n<p>[\/show_more][\/vc_column_text][\/vc_column][\/vc_row]<\/p>\n","protected":false},"excerpt":{"rendered":"<p>Propiedades en venta en Andorra [vc_row][vc_column][vc_column_text]En los \u00faltimos a\u00f1os la demanda de propiedades para la venta en Andorra ha crecido de manera constante. \u00bfPor qu\u00e9? Esta es una pregunta f\u00e1cil de contestar. Andorra ofrece a los compradores de propiedades del extranjero un lugar realmente bonito y seguro con incre\u00edbles paisajes de monta\u00f1a donde quiera que [&hellip;]<\/p>\n","protected":false},"author":3,"featured_media":0,"parent":0,"menu_order":0,"comment_status":"closed","ping_status":"closed","template":"page-templates\/properties-grid.php","meta":{"footnotes":""},"class_list":["post-3803","page","type-page","status-publish","hentry"],"yoast_head":"<!-- This site is optimized with the Yoast SEO plugin v27.4 - https:\/\/yoast.com\/product\/yoast-seo-wordpress\/ -->\n<title>Propiedades en venta en Andorra - Habitand Andorra<\/title>\n<meta name=\"description\" content=\"Descubra nuestra propiedad en venta en Andorra. Habitand ofrece el listado m\u00e1s extenso de propiedades en venta en Andorra.\" \/>\n<meta name=\"robots\" content=\"index, follow, max-snippet:-1, max-image-preview:large, max-video-preview:-1\" \/>\n<link rel=\"canonical\" href=\"https:\/\/www.habitand.com\/es\/propiedades-venta-andorra\/\" \/>\n<meta property=\"og:locale\" content=\"es_ES\" \/>\n<meta property=\"og:type\" content=\"article\" \/>\n<meta property=\"og:title\" content=\"Propiedades en venta en Andorra - Habitand Andorra\" \/>\n<meta property=\"og:description\" content=\"Descubra nuestra propiedad en venta en Andorra. Habitand ofrece el listado m\u00e1s extenso de propiedades en venta en Andorra.\" \/>\n<meta property=\"og:url\" content=\"https:\/\/www.habitand.com\/es\/propiedades-venta-andorra\/\" \/>\n<meta property=\"og:site_name\" content=\"Habitand Andorra\" \/>\n<meta property=\"article:modified_time\" content=\"2017-04-06T14:43:05+00:00\" \/>\n<meta name=\"twitter:card\" content=\"summary_large_image\" \/>\n<meta name=\"twitter:label1\" content=\"Tiempo de lectura\" \/>\n\t<meta name=\"twitter:data1\" content=\"3 minutos\" \/>\n<script type=\"application\/ld+json\" class=\"yoast-schema-graph\">{\"@context\":\"https:\\\/\\\/schema.org\",\"@graph\":[{\"@type\":\"WebPage\",\"@id\":\"https:\\\/\\\/www.habitand.com\\\/es\\\/propiedades-venta-andorra\\\/\",\"url\":\"https:\\\/\\\/www.habitand.com\\\/es\\\/propiedades-venta-andorra\\\/\",\"name\":\"Propiedades en venta en Andorra - Habitand Andorra\",\"isPartOf\":{\"@id\":\"https:\\\/\\\/www.habitand.com\\\/#website\"},\"datePublished\":\"2016-10-13T16:15:46+00:00\",\"dateModified\":\"2017-04-06T14:43:05+00:00\",\"description\":\"Descubra nuestra propiedad en venta en Andorra. Habitand ofrece el listado m\u00e1s extenso de propiedades en venta en Andorra.\",\"breadcrumb\":{\"@id\":\"https:\\\/\\\/www.habitand.com\\\/es\\\/propiedades-venta-andorra\\\/#breadcrumb\"},\"inLanguage\":\"es\",\"potentialAction\":[{\"@type\":\"ReadAction\",\"target\":[\"https:\\\/\\\/www.habitand.com\\\/es\\\/propiedades-venta-andorra\\\/\"]}]},{\"@type\":\"BreadcrumbList\",\"@id\":\"https:\\\/\\\/www.habitand.com\\\/es\\\/propiedades-venta-andorra\\\/#breadcrumb\",\"itemListElement\":[{\"@type\":\"ListItem\",\"position\":1,\"name\":\"Home\",\"item\":\"https:\\\/\\\/www.habitand.com\\\/es\\\/\"},{\"@type\":\"ListItem\",\"position\":2,\"name\":\"Propiedades en venta en Andorra\"}]},{\"@type\":\"WebSite\",\"@id\":\"https:\\\/\\\/www.habitand.com\\\/#website\",\"url\":\"https:\\\/\\\/www.habitand.com\\\/\",\"name\":\"Habitand Andorra\",\"description\":\"\",\"potentialAction\":[{\"@type\":\"SearchAction\",\"target\":{\"@type\":\"EntryPoint\",\"urlTemplate\":\"https:\\\/\\\/www.habitand.com\\\/?s={search_term_string}\"},\"query-input\":{\"@type\":\"PropertyValueSpecification\",\"valueRequired\":true,\"valueName\":\"search_term_string\"}}],\"inLanguage\":\"es\"}]}<\/script>\n<!-- \/ Yoast SEO plugin. -->","yoast_head_json":{"title":"Propiedades en venta en Andorra - Habitand Andorra","description":"Descubra nuestra propiedad en venta en Andorra. Habitand ofrece el listado m\u00e1s extenso de propiedades en venta en Andorra.","robots":{"index":"index","follow":"follow","max-snippet":"max-snippet:-1","max-image-preview":"max-image-preview:large","max-video-preview":"max-video-preview:-1"},"canonical":"https:\/\/www.habitand.com\/es\/propiedades-venta-andorra\/","og_locale":"es_ES","og_type":"article","og_title":"Propiedades en venta en Andorra - Habitand Andorra","og_description":"Descubra nuestra propiedad en venta en Andorra. Habitand ofrece el listado m\u00e1s extenso de propiedades en venta en Andorra.","og_url":"https:\/\/www.habitand.com\/es\/propiedades-venta-andorra\/","og_site_name":"Habitand Andorra","article_modified_time":"2017-04-06T14:43:05+00:00","twitter_card":"summary_large_image","twitter_misc":{"Tiempo de lectura":"3 minutos"},"schema":{"@context":"https:\/\/schema.org","@graph":[{"@type":"WebPage","@id":"https:\/\/www.habitand.com\/es\/propiedades-venta-andorra\/","url":"https:\/\/www.habitand.com\/es\/propiedades-venta-andorra\/","name":"Propiedades en venta en Andorra - Habitand Andorra","isPartOf":{"@id":"https:\/\/www.habitand.com\/#website"},"datePublished":"2016-10-13T16:15:46+00:00","dateModified":"2017-04-06T14:43:05+00:00","description":"Descubra nuestra propiedad en venta en Andorra. Habitand ofrece el listado m\u00e1s extenso de propiedades en venta en Andorra.","breadcrumb":{"@id":"https:\/\/www.habitand.com\/es\/propiedades-venta-andorra\/#breadcrumb"},"inLanguage":"es","potentialAction":[{"@type":"ReadAction","target":["https:\/\/www.habitand.com\/es\/propiedades-venta-andorra\/"]}]},{"@type":"BreadcrumbList","@id":"https:\/\/www.habitand.com\/es\/propiedades-venta-andorra\/#breadcrumb","itemListElement":[{"@type":"ListItem","position":1,"name":"Home","item":"https:\/\/www.habitand.com\/es\/"},{"@type":"ListItem","position":2,"name":"Propiedades en venta en Andorra"}]},{"@type":"WebSite","@id":"https:\/\/www.habitand.com\/#website","url":"https:\/\/www.habitand.com\/","name":"Habitand Andorra","description":"","potentialAction":[{"@type":"SearchAction","target":{"@type":"EntryPoint","urlTemplate":"https:\/\/www.habitand.com\/?s={search_term_string}"},"query-input":{"@type":"PropertyValueSpecification","valueRequired":true,"valueName":"search_term_string"}}],"inLanguage":"es"}]}},"_links":{"self":[{"href":"https:\/\/www.habitand.com\/es\/wp-json\/wp\/v2\/pages\/3803","targetHints":{"allow":["GET"]}}],"collection":[{"href":"https:\/\/www.habitand.com\/es\/wp-json\/wp\/v2\/pages"}],"about":[{"href":"https:\/\/www.habitand.com\/es\/wp-json\/wp\/v2\/types\/page"}],"author":[{"embeddable":true,"href":"https:\/\/www.habitand.com\/es\/wp-json\/wp\/v2\/users\/3"}],"replies":[{"embeddable":true,"href":"https:\/\/www.habitand.com\/es\/wp-json\/wp\/v2\/comments?post=3803"}],"version-history":[{"count":15,"href":"https:\/\/www.habitand.com\/es\/wp-json\/wp\/v2\/pages\/3803\/revisions"}],"predecessor-version":[{"id":3950,"href":"https:\/\/www.habitand.com\/es\/wp-json\/wp\/v2\/pages\/3803\/revisions\/3950"}],"wp:attachment":[{"href":"https:\/\/www.habitand.com\/es\/wp-json\/wp\/v2\/media?parent=3803"}],"curies":[{"name":"wp","href":"https:\/\/api.w.org\/{rel}","templated":true}]}}